
{"id":7770,"date":"2020-09-17T08:38:01","date_gmt":"2020-09-17T06:38:01","guid":{"rendered":"https:\/\/www.ebro-armaturen.com\/home\/"},"modified":"2021-12-14T09:36:43","modified_gmt":"2021-12-14T08:36:43","slug":"home","status":"publish","type":"page","link":"https:\/\/www.ebro-armaturen.com\/tr\/","title":{"rendered":"Home"},"content":{"rendered":"<div id='full_slider_1'  class='avia-fullwidth-slider main_color avia-shadow   avia-builder-el-0  el_before_av_one_third  avia-builder-el-first   container_wrap sidebar_right'  >\n<style type=\"text\/css\" data-created_by=\"avia_inline_auto\" id=\"style-css-av-jy5ka8pt-e3cbc91309c4a87690e093f674c22536\">\n#top #wrap_all .avia-slideshow .av-slideshow-caption.av-jy5ka8pt-e3cbc91309c4a87690e093f674c22536__0 .avia-caption-title{\nfont-size:50px;\n}\n#top #wrap_all .avia-slideshow .av-slideshow-caption.av-jy5ka8pt-e3cbc91309c4a87690e093f674c22536__1 .avia-caption-title{\nfont-size:50px;\n}\n#top #wrap_all .avia-slideshow .av-slideshow-caption.av-jy5ka8pt-e3cbc91309c4a87690e093f674c22536__2 .avia-caption-title{\nfont-size:50px;\n}\n#top #wrap_all .avia-slideshow .av-slideshow-caption.av-jy5ka8pt-e3cbc91309c4a87690e093f674c22536__3 .avia-caption-title{\nfont-size:50px;\n}\n#top #wrap_all .avia-slideshow .av-slideshow-caption.av-jy5ka8pt-e3cbc91309c4a87690e093f674c22536__4 .avia-caption-title{\nfont-size:50px;\n}\n#top #wrap_all .avia-slideshow .av-slideshow-caption.av-jy5ka8pt-e3cbc91309c4a87690e093f674c22536__5 .avia-caption-title{\nfont-size:50px;\n}\n#top #wrap_all .avia-slideshow .av-slideshow-caption.av-jy5ka8pt-e3cbc91309c4a87690e093f674c22536__6 .avia-caption-title{\nfont-size:50px;\n}\n#top #wrap_all .avia-slideshow .av-slideshow-caption.av-jy5ka8pt-e3cbc91309c4a87690e093f674c22536__7 .avia-caption-title{\nfont-size:50px;\n}\n#top #wrap_all .avia-slideshow .av-slideshow-caption.av-jy5ka8pt-e3cbc91309c4a87690e093f674c22536__8 .avia-caption-title{\nfont-size:50px;\n}\n#top #wrap_all .avia-slideshow .av-slideshow-caption.av-jy5ka8pt-e3cbc91309c4a87690e093f674c22536__9 .avia-caption-title{\nfont-size:50px;\n}\n<\/style>\n<div  class='avia-slideshow av-jy5ka8pt-e3cbc91309c4a87690e093f674c22536 avia-slideshow-featured av_slideshow_full avia-slide-slider av-slideshow-ui av-control-minimal av-slideshow-autoplay av-loop-endless av-loop-manual-endless av-default-height-applied   avia-slideshow-1' data-slideshow-options=\"{&quot;animation&quot;:&quot;slide&quot;,&quot;autoplay&quot;:true,&quot;loop_autoplay&quot;:&quot;endless&quot;,&quot;interval&quot;:5,&quot;loop_manual&quot;:&quot;manual-endless&quot;,&quot;autoplay_stopper&quot;:false,&quot;noNavigation&quot;:false,&quot;bg_slider&quot;:false,&quot;keep_padding&quot;:false,&quot;hoverpause&quot;:false,&quot;show_slide_delay&quot;:0}\"  itemprop=\"image\" itemscope=\"itemscope\" itemtype=\"https:\/\/schema.org\/ImageObject\" ><ul class='avia-slideshow-inner ' style='padding-bottom: 25%;'><li  class='avia-slideshow-slide av-jy5ka8pt-e3cbc91309c4a87690e093f674c22536__1  slide-1 slide-odd'><div data-rel='slideshow-1' class='avia-slide-wrap '   ><div class='av-slideshow-caption av-jy5ka8pt-e3cbc91309c4a87690e093f674c22536__1 caption_fullwidth caption_center caption_center_framed caption_framed'><div class=\"container caption_container\"><div class=\"slideshow_caption\"><div class=\"slideshow_inner_caption\"><div class=\"slideshow_align_caption\"><h2 class='avia-caption-title '  itemprop=\"name\" >PROSES\u0130N\u0130Z \u0130\u00c7\u0130N TASARLANDI<\/h2><\/div><\/div><\/div><\/div><\/div><img decoding=\"async\" fetchpriority=\"high\" class=\"wp-image-7805 avia-img-lazy-loading-not-7805\"  src=\"https:\/\/www.ebro-armaturen.com\/wp-content\/uploads\/2019\/10\/Farbe_Slider_940x235_px-1500x375.jpg\" width=\"1500\" height=\"375\" title='Farbe_Slider_940x235_px' alt=''  itemprop=\"thumbnailUrl\" srcset=\"https:\/\/www.ebro-armaturen.com\/wp-content\/uploads\/2019\/10\/Farbe_Slider_940x235_px.jpg 1500w, https:\/\/www.ebro-armaturen.com\/wp-content\/uploads\/2019\/10\/Farbe_Slider_940x235_px-300x75.jpg 300w, https:\/\/www.ebro-armaturen.com\/wp-content\/uploads\/2019\/10\/Farbe_Slider_940x235_px-768x192.jpg 768w, https:\/\/www.ebro-armaturen.com\/wp-content\/uploads\/2019\/10\/Farbe_Slider_940x235_px-1030x258.jpg 1030w, https:\/\/www.ebro-armaturen.com\/wp-content\/uploads\/2019\/10\/Farbe_Slider_940x235_px-705x176.jpg 705w, https:\/\/www.ebro-armaturen.com\/wp-content\/uploads\/2019\/10\/Farbe_Slider_940x235_px-450x113.jpg 450w\" sizes=\"(max-width: 1500px) 100vw, 1500px\" \/><\/div><\/li><li  class='avia-slideshow-slide av-jy5ka8pt-e3cbc91309c4a87690e093f674c22536__3  slide-2 slide-even'><div data-rel='slideshow-1' class='avia-slide-wrap '   ><div class='av-slideshow-caption av-jy5ka8pt-e3cbc91309c4a87690e093f674c22536__3 caption_fullwidth caption_center caption_center_framed caption_framed'><div class=\"container caption_container\"><div class=\"slideshow_caption\"><div class=\"slideshow_inner_caption\"><div class=\"slideshow_align_caption\"><h2 class='avia-caption-title '  itemprop=\"name\" >PROSES\u0130N\u0130Z \u0130\u00c7\u0130N TASARLANDI<\/h2><\/div><\/div><\/div><\/div><\/div><img decoding=\"async\" fetchpriority=\"high\" class=\"wp-image-7804 avia-img-lazy-loading-not-7804\"  src=\"https:\/\/www.ebro-armaturen.com\/wp-content\/uploads\/2019\/10\/Papier_940x235_px-1-1500x375.jpg\" width=\"1500\" height=\"375\" title='roll paper' alt=''  itemprop=\"thumbnailUrl\" srcset=\"https:\/\/www.ebro-armaturen.com\/wp-content\/uploads\/2019\/10\/Papier_940x235_px-1.jpg 1500w, https:\/\/www.ebro-armaturen.com\/wp-content\/uploads\/2019\/10\/Papier_940x235_px-1-300x75.jpg 300w, https:\/\/www.ebro-armaturen.com\/wp-content\/uploads\/2019\/10\/Papier_940x235_px-1-768x192.jpg 768w, https:\/\/www.ebro-armaturen.com\/wp-content\/uploads\/2019\/10\/Papier_940x235_px-1-1030x258.jpg 1030w, https:\/\/www.ebro-armaturen.com\/wp-content\/uploads\/2019\/10\/Papier_940x235_px-1-705x176.jpg 705w, https:\/\/www.ebro-armaturen.com\/wp-content\/uploads\/2019\/10\/Papier_940x235_px-1-450x113.jpg 450w\" sizes=\"(max-width: 1500px) 100vw, 1500px\" \/><\/div><\/li><li  class='avia-slideshow-slide av-jy5ka8pt-e3cbc91309c4a87690e093f674c22536__5  slide-3 slide-odd'><div data-rel='slideshow-1' class='avia-slide-wrap '   ><div class='av-slideshow-caption av-jy5ka8pt-e3cbc91309c4a87690e093f674c22536__5 caption_fullwidth caption_center caption_center_framed caption_framed'><div class=\"container caption_container\"><div class=\"slideshow_caption\"><div class=\"slideshow_inner_caption\"><div class=\"slideshow_align_caption\"><h2 class='avia-caption-title '  itemprop=\"name\" >PROSES\u0130N\u0130Z \u0130\u00c7\u0130N TASARLANDI<\/h2><\/div><\/div><\/div><\/div><\/div><img decoding=\"async\" fetchpriority=\"high\" class=\"wp-image-7803 avia-img-lazy-loading-not-7803\"  src=\"https:\/\/www.ebro-armaturen.com\/wp-content\/uploads\/2019\/10\/Bier_940x235_px-1.jpg\" width=\"940\" height=\"235\" title='Bier im Glas' alt=''  itemprop=\"thumbnailUrl\" srcset=\"https:\/\/www.ebro-armaturen.com\/wp-content\/uploads\/2019\/10\/Bier_940x235_px-1.jpg 940w, https:\/\/www.ebro-armaturen.com\/wp-content\/uploads\/2019\/10\/Bier_940x235_px-1-300x75.jpg 300w, https:\/\/www.ebro-armaturen.com\/wp-content\/uploads\/2019\/10\/Bier_940x235_px-1-768x192.jpg 768w, https:\/\/www.ebro-armaturen.com\/wp-content\/uploads\/2019\/10\/Bier_940x235_px-1-705x176.jpg 705w, https:\/\/www.ebro-armaturen.com\/wp-content\/uploads\/2019\/10\/Bier_940x235_px-1-450x113.jpg 450w\" sizes=\"(max-width: 940px) 100vw, 940px\" \/><\/div><\/li><li  class='avia-slideshow-slide av-jy5ka8pt-e3cbc91309c4a87690e093f674c22536__7  slide-4 slide-even'><div data-rel='slideshow-1' class='avia-slide-wrap '   ><div class='av-slideshow-caption av-jy5ka8pt-e3cbc91309c4a87690e093f674c22536__7 caption_fullwidth caption_center caption_center_framed caption_framed'><div class=\"container caption_container\"><div class=\"slideshow_caption\"><div class=\"slideshow_inner_caption\"><div class=\"slideshow_align_caption\"><h2 class='avia-caption-title '  itemprop=\"name\" >PROSES\u0130N\u0130Z \u0130\u00c7\u0130N TASARLANDI<\/h2><\/div><\/div><\/div><\/div><\/div><img decoding=\"async\" fetchpriority=\"high\" class=\"wp-image-7802 avia-img-lazy-loading-not-7802\"  src=\"https:\/\/www.ebro-armaturen.com\/wp-content\/uploads\/2019\/10\/Schuettgueter_940x235_px-1-1500x375.jpg\" width=\"1500\" height=\"375\" title='gray gravel' alt=''  itemprop=\"thumbnailUrl\" srcset=\"https:\/\/www.ebro-armaturen.com\/wp-content\/uploads\/2019\/10\/Schuettgueter_940x235_px-1.jpg 1500w, https:\/\/www.ebro-armaturen.com\/wp-content\/uploads\/2019\/10\/Schuettgueter_940x235_px-1-300x75.jpg 300w, https:\/\/www.ebro-armaturen.com\/wp-content\/uploads\/2019\/10\/Schuettgueter_940x235_px-1-768x192.jpg 768w, https:\/\/www.ebro-armaturen.com\/wp-content\/uploads\/2019\/10\/Schuettgueter_940x235_px-1-1030x258.jpg 1030w, https:\/\/www.ebro-armaturen.com\/wp-content\/uploads\/2019\/10\/Schuettgueter_940x235_px-1-705x176.jpg 705w, https:\/\/www.ebro-armaturen.com\/wp-content\/uploads\/2019\/10\/Schuettgueter_940x235_px-1-450x113.jpg 450w\" sizes=\"(max-width: 1500px) 100vw, 1500px\" \/><\/div><\/li><li  class='avia-slideshow-slide av-jy5ka8pt-e3cbc91309c4a87690e093f674c22536__8  slide-5 slide-odd'><div data-rel='slideshow-1' class='avia-slide-wrap '   ><div class='av-slideshow-caption av-jy5ka8pt-e3cbc91309c4a87690e093f674c22536__8 caption_fullwidth caption_center caption_center_framed caption_framed'><div class=\"container caption_container\"><div class=\"slideshow_caption\"><div class=\"slideshow_inner_caption\"><div class=\"slideshow_align_caption\"><h2 class='avia-caption-title '  itemprop=\"name\" >Kontrol bile\u015fenleri<\/h2><\/div><\/div><\/div><\/div><\/div><img decoding=\"async\" fetchpriority=\"high\" class=\"wp-image-7806 avia-img-lazy-loading-not-7806\"  src=\"https:\/\/www.ebro-armaturen.com\/wp-content\/uploads\/2019\/10\/ebro-armaturen-steuer-regelelemente-1500x375.jpg\" width=\"1500\" height=\"375\" title='Bier im Glas' alt=''  itemprop=\"thumbnailUrl\" srcset=\"https:\/\/www.ebro-armaturen.com\/wp-content\/uploads\/2019\/10\/ebro-armaturen-steuer-regelelemente.jpg 1500w, https:\/\/www.ebro-armaturen.com\/wp-content\/uploads\/2019\/10\/ebro-armaturen-steuer-regelelemente-300x75.jpg 300w, https:\/\/www.ebro-armaturen.com\/wp-content\/uploads\/2019\/10\/ebro-armaturen-steuer-regelelemente-768x192.jpg 768w, https:\/\/www.ebro-armaturen.com\/wp-content\/uploads\/2019\/10\/ebro-armaturen-steuer-regelelemente-1030x258.jpg 1030w, https:\/\/www.ebro-armaturen.com\/wp-content\/uploads\/2019\/10\/ebro-armaturen-steuer-regelelemente-705x176.jpg 705w, https:\/\/www.ebro-armaturen.com\/wp-content\/uploads\/2019\/10\/ebro-armaturen-steuer-regelelemente-450x113.jpg 450w\" sizes=\"(max-width: 1500px) 100vw, 1500px\" \/><\/div><\/li><li  class='avia-slideshow-slide av-jy5ka8pt-e3cbc91309c4a87690e093f674c22536__9  slide-6 slide-even'><div data-rel='slideshow-1' class='avia-slide-wrap '   ><div class='av-slideshow-caption av-jy5ka8pt-e3cbc91309c4a87690e093f674c22536__9 caption_fullwidth caption_center caption_center_framed caption_framed'><div class=\"container caption_container\"><div class=\"slideshow_caption\"><div class=\"slideshow_inner_caption\"><div class=\"slideshow_align_caption\"><h2 class='avia-caption-title '  itemprop=\"name\" >PROSES\u0130N\u0130Z \u0130\u00c7\u0130N TASARLANDI<\/h2><\/div><\/div><\/div><\/div><\/div><img decoding=\"async\" fetchpriority=\"high\" class=\"wp-image-7801 avia-img-lazy-loading-not-7801\"  src=\"https:\/\/www.ebro-armaturen.com\/wp-content\/uploads\/2019\/10\/Wasser_940x235_px-1-1500x375.jpg\" width=\"1500\" height=\"375\" title='Water Curved Wave.' alt=''  itemprop=\"thumbnailUrl\" srcset=\"https:\/\/www.ebro-armaturen.com\/wp-content\/uploads\/2019\/10\/Wasser_940x235_px-1.jpg 1500w, https:\/\/www.ebro-armaturen.com\/wp-content\/uploads\/2019\/10\/Wasser_940x235_px-1-300x75.jpg 300w, https:\/\/www.ebro-armaturen.com\/wp-content\/uploads\/2019\/10\/Wasser_940x235_px-1-768x192.jpg 768w, https:\/\/www.ebro-armaturen.com\/wp-content\/uploads\/2019\/10\/Wasser_940x235_px-1-1030x258.jpg 1030w, https:\/\/www.ebro-armaturen.com\/wp-content\/uploads\/2019\/10\/Wasser_940x235_px-1-705x176.jpg 705w, https:\/\/www.ebro-armaturen.com\/wp-content\/uploads\/2019\/10\/Wasser_940x235_px-1-450x113.jpg 450w\" sizes=\"(max-width: 1500px) 100vw, 1500px\" \/><\/div><\/li><\/ul><div class='avia-slideshow-arrows avia-slideshow-controls' ><a href='#prev' class='prev-slide ' aria-hidden='true' data-av_icon='\ue87c' data-av_iconfont='entypo-fontello'  tabindex='-1'>\u00d6nceki<\/a><a href='#next' class='next-slide ' aria-hidden='true' data-av_icon='\ue87d' data-av_iconfont='entypo-fontello'  tabindex='-1'>Sonraki<\/a><\/div><div class='avia-slideshow-dots avia-slideshow-controls'><a href='#1' class='goto-slide active' >1<\/a><a href='#2' class='goto-slide ' >2<\/a><a href='#3' class='goto-slide ' >3<\/a><a href='#4' class='goto-slide ' >4<\/a><a href='#5' class='goto-slide ' >5<\/a><a href='#6' class='goto-slide ' >6<\/a><\/div><\/div><\/div><div id='after_full_slider_1'  class='main_color av_default_container_wrap container_wrap sidebar_right'  ><div class='container av-section-cont-open' ><div class='template-page content  av-content-small alpha units'><div class='post-entry post-entry-type-page post-entry-7770'><div class='entry-content-wrapper clearfix'>\n\n<style type=\"text\/css\" data-created_by=\"avia_inline_auto\" id=\"style-css-av-8jak-6765b391da4731f2eeacf9df70739c75\">\n.flex_column.av-8jak-6765b391da4731f2eeacf9df70739c75{\nborder-width:2px;\nborder-color:#f2f2f2;\nborder-style:solid;\nborder-radius:0px 0px 0px 0px;\npadding:0px 0px 0px 0px;\nbackground-color:#f2f2f2;\n}\n<\/style>\n<div  class='flex_column av-8jak-6765b391da4731f2eeacf9df70739c75 av_one_third  avia-builder-el-1  el_after_av_slideshow_full  el_before_av_one_third  avia-builder-el-first  first flex_column_div av-zero-column-padding  '     ><p>\n<style type=\"text\/css\" data-created_by=\"avia_inline_auto\" id=\"style-css-av-k16fcuj1-4180bb36de66cc7963930604e1df2d56\">\n.avia-image-container.av-k16fcuj1-4180bb36de66cc7963930604e1df2d56 img.avia_image{\nbox-shadow:none;\n}\n.avia-image-container.av-k16fcuj1-4180bb36de66cc7963930604e1df2d56 .av-caption-image-overlay-bg{\nopacity:0.9;\nbackground-color:#f2f2f2;\n}\n.avia-image-container.av-k16fcuj1-4180bb36de66cc7963930604e1df2d56 .av-image-caption-overlay-center{\ncolor:#002f5d;\n}\n<\/style>\n<div  class='avia-image-container av-k16fcuj1-4180bb36de66cc7963930604e1df2d56 av-styling- av-img-linked avia-align-center  avia-builder-el-2  el_before_av_textblock  avia-builder-el-first  noHover av-overlay-on-hover'   itemprop=\"image\" itemscope=\"itemscope\" itemtype=\"https:\/\/schema.org\/ImageObject\" ><div class=\"avia-image-container-inner\"><div class=\"avia-image-overlay-wrap\"><a href=\"https:\/\/www.ebro-armaturen.com\/tr\/ueruenlerimiz\/\" class='avia_image '  aria-label='test_7'><div class=\"av-image-caption-overlay\"><div class=\"av-caption-image-overlay-bg\"><\/div><div class=\"av-image-caption-overlay-position\"><div class=\"av-image-caption-overlay-center\"><p>Burada \u00fcr\u00fcnlerimizi bulabilirsiniz.<\/p>\n<\/div><\/div><\/div><img decoding=\"async\" fetchpriority=\"high\" class='wp-image-7816 avia-img-lazy-loading-not-7816 avia_image ' src=\"https:\/\/www.ebro-armaturen.com\/wp-content\/uploads\/2019\/09\/test_7.png\" alt='' title='test_7'  height=\"404\" width=\"576\"  itemprop=\"thumbnailUrl\" srcset=\"https:\/\/www.ebro-armaturen.com\/wp-content\/uploads\/2019\/09\/test_7.png 576w, https:\/\/www.ebro-armaturen.com\/wp-content\/uploads\/2019\/09\/test_7-300x210.png 300w, https:\/\/www.ebro-armaturen.com\/wp-content\/uploads\/2019\/09\/test_7-450x316.png 450w\" sizes=\"(max-width: 576px) 100vw, 576px\" \/><\/a><\/div><\/div><\/div><br \/>\n\n<style type=\"text\/css\" data-created_by=\"avia_inline_auto\" id=\"style-css-av-k1hkc41t-9a5fd9c45d4886460f6ae2cab84d056f\">\n#top .av_textblock_section.av-k1hkc41t-9a5fd9c45d4886460f6ae2cab84d056f .avia_textblock{\ncolor:#002f5d;\n}\n<\/style>\n<section  class='av_textblock_section av-k1hkc41t-9a5fd9c45d4886460f6ae2cab84d056f '   itemscope=\"itemscope\" itemtype=\"https:\/\/schema.org\/CreativeWork\" ><div class='avia_textblock av_inherit_color'  itemprop=\"text\" ><p style=\"text-align: center\"><strong>\u00dcr\u00fcnler<\/strong><\/p>\n<\/div><\/section><\/p><\/div>\n\n<style type=\"text\/css\" data-created_by=\"avia_inline_auto\" id=\"style-css-av-8jak-7b3b9f1a960ad73c4fc6986991080d4d\">\n.flex_column.av-8jak-7b3b9f1a960ad73c4fc6986991080d4d{\nborder-width:2px;\nborder-color:#f2f2f2;\nborder-style:solid;\nborder-radius:0px 0px 0px 0px;\npadding:0px 0px 0px 0px;\nbackground-color:#f2f2f2;\n}\n<\/style>\n<div  class='flex_column av-8jak-7b3b9f1a960ad73c4fc6986991080d4d av_one_third  avia-builder-el-4  el_after_av_one_third  el_before_av_one_third  flex_column_div av-zero-column-padding  '     ><p>\n<style type=\"text\/css\" data-created_by=\"avia_inline_auto\" id=\"style-css-av-k16fcuj1-09927c249f0b8dec0dedf6c377374e46\">\n.avia-image-container.av-k16fcuj1-09927c249f0b8dec0dedf6c377374e46 img.avia_image{\nbox-shadow:none;\n}\n.avia-image-container.av-k16fcuj1-09927c249f0b8dec0dedf6c377374e46 .av-caption-image-overlay-bg{\nopacity:0.9;\nbackground-color:#f2f2f2;\n}\n.avia-image-container.av-k16fcuj1-09927c249f0b8dec0dedf6c377374e46 .av-image-caption-overlay-center{\ncolor:#002f5d;\n}\n<\/style>\n<div  class='avia-image-container av-k16fcuj1-09927c249f0b8dec0dedf6c377374e46 av-styling- av-img-linked avia-align-center  avia-builder-el-5  el_before_av_textblock  avia-builder-el-first  noHover av-overlay-on-hover'   itemprop=\"image\" itemscope=\"itemscope\" itemtype=\"https:\/\/schema.org\/ImageObject\" ><div class=\"avia-image-container-inner\"><div class=\"avia-image-overlay-wrap\"><a href=\"https:\/\/www.ebro-armaturen.com\/tr\/iletisim\/uluslararasi-iletisim\/\" class='avia_image '  ><div class=\"av-image-caption-overlay\"><div class=\"av-caption-image-overlay-bg\"><\/div><div class=\"av-image-caption-overlay-position\"><div class=\"av-image-caption-overlay-center\"><p>Ulusal ve uluslararas\u0131 adresleri ve ileti\u015fim bilgilerini burada bulabilirsiniz.<\/p>\n<\/div><\/div><\/div><img decoding=\"async\" fetchpriority=\"high\" class='avia-img-lazy-loading-not- avia_image ' src=\"https:\/\/www.ebro-armaturen.com\/wp-content\/uploads\/2019\/10\/kontakt_quicklink.png\" alt='' title=''   itemprop=\"thumbnailUrl\"  \/><\/a><\/div><\/div><\/div><br \/>\n\n<style type=\"text\/css\" data-created_by=\"avia_inline_auto\" id=\"style-css-av-k1hkc41t-adb6c69fd5a673855035c608f13fdead\">\n#top .av_textblock_section.av-k1hkc41t-adb6c69fd5a673855035c608f13fdead .avia_textblock{\ncolor:#002f5d;\n}\n<\/style>\n<section  class='av_textblock_section av-k1hkc41t-adb6c69fd5a673855035c608f13fdead '   itemscope=\"itemscope\" itemtype=\"https:\/\/schema.org\/CreativeWork\" ><div class='avia_textblock av_inherit_color'  itemprop=\"text\" ><p style=\"text-align: center\"><strong>\u0130leti\u015fim<\/strong><\/p>\n<\/div><\/section><\/p><\/div>\n\n<style type=\"text\/css\" data-created_by=\"avia_inline_auto\" id=\"style-css-av-8jak-7b3b9f1a960ad73c4fc6986991080d4d\">\n.flex_column.av-8jak-7b3b9f1a960ad73c4fc6986991080d4d{\nborder-width:2px;\nborder-color:#f2f2f2;\nborder-style:solid;\nborder-radius:0px 0px 0px 0px;\npadding:0px 0px 0px 0px;\nbackground-color:#f2f2f2;\n}\n<\/style>\n<div  class='flex_column av-8jak-7b3b9f1a960ad73c4fc6986991080d4d av_one_third  avia-builder-el-7  el_after_av_one_third  avia-builder-el-last  flex_column_div av-zero-column-padding  '     ><p>\n<style type=\"text\/css\" data-created_by=\"avia_inline_auto\" id=\"style-css-av-k16fcuj1-758a7e5992333d4d4a002b7a51344db0\">\n.avia-image-container.av-k16fcuj1-758a7e5992333d4d4a002b7a51344db0 img.avia_image{\nbox-shadow:none;\n}\n.avia-image-container.av-k16fcuj1-758a7e5992333d4d4a002b7a51344db0 .av-caption-image-overlay-bg{\nopacity:0.9;\nbackground-color:#f2f2f2;\n}\n.avia-image-container.av-k16fcuj1-758a7e5992333d4d4a002b7a51344db0 .av-image-caption-overlay-center{\ncolor:#002f5d;\n}\n<\/style>\n<div  class='avia-image-container av-k16fcuj1-758a7e5992333d4d4a002b7a51344db0 av-styling- av-img-linked avia-align-center  avia-builder-el-8  el_before_av_textblock  avia-builder-el-first  noHover av-overlay-on-hover'   itemprop=\"image\" itemscope=\"itemscope\" itemtype=\"https:\/\/schema.org\/ImageObject\" ><div class=\"avia-image-container-inner\"><div class=\"avia-image-overlay-wrap\"><a href=\"https:\/\/www.ebro-armaturen.com\/tr\/doekuemanlar\/doekuemanlar\/\" class='avia_image '  aria-label='QL_Downloads'><div class=\"av-image-caption-overlay\"><div class=\"av-caption-image-overlay-bg\"><\/div><div class=\"av-image-caption-overlay-position\"><div class=\"av-image-caption-overlay-center\"><p>Burada \u00fcr\u00fcnlerimizin kurulumu ve \u00e7al\u0131\u015fmas\u0131 i\u00e7in gerekli t\u00fcm belgeleri bulabilirsiniz.<\/p>\n<\/div><\/div><\/div><img decoding=\"async\" fetchpriority=\"high\" class='wp-image-11709 avia-img-lazy-loading-not-11709 avia_image ' src=\"https:\/\/www.ebro-armaturen.com\/wp-content\/uploads\/2021\/12\/QL_Downloads-1.jpg\" alt='' title='QL_Downloads'  height=\"404\" width=\"576\"  itemprop=\"thumbnailUrl\"  \/><\/a><\/div><\/div><\/div><br \/>\n\n<style type=\"text\/css\" data-created_by=\"avia_inline_auto\" id=\"style-css-av-k1hkc41t-adb6c69fd5a673855035c608f13fdead\">\n#top .av_textblock_section.av-k1hkc41t-adb6c69fd5a673855035c608f13fdead .avia_textblock{\ncolor:#002f5d;\n}\n<\/style>\n<section  class='av_textblock_section av-k1hkc41t-adb6c69fd5a673855035c608f13fdead '   itemscope=\"itemscope\" itemtype=\"https:\/\/schema.org\/CreativeWork\" ><div class='avia_textblock av_inherit_color'  itemprop=\"text\" ><p style=\"text-align: center\"><strong>\u0130ndirilebilir \u0130\u00e7erik<\/strong><\/p>\n<\/div><\/section><\/p><\/div>\n","protected":false},"excerpt":{"rendered":"","protected":false},"author":1,"featured_media":0,"parent":0,"menu_order":10,"comment_status":"closed","ping_status":"open","template":"","meta":{"_acf_changed":false,"footnotes":""},"class_list":["post-7770","page","type-page","status-publish","hentry"],"acf":[],"_links":{"self":[{"href":"https:\/\/www.ebro-armaturen.com\/tr\/wp-json\/wp\/v2\/pages\/7770"}],"collection":[{"href":"https:\/\/www.ebro-armaturen.com\/tr\/wp-json\/wp\/v2\/pages"}],"about":[{"href":"https:\/\/www.ebro-armaturen.com\/tr\/wp-json\/wp\/v2\/types\/page"}],"author":[{"embeddable":true,"href":"https:\/\/www.ebro-armaturen.com\/tr\/wp-json\/wp\/v2\/users\/1"}],"replies":[{"embeddable":true,"href":"https:\/\/www.ebro-armaturen.com\/tr\/wp-json\/wp\/v2\/comments?post=7770"}],"version-history":[{"count":9,"href":"https:\/\/www.ebro-armaturen.com\/tr\/wp-json\/wp\/v2\/pages\/7770\/revisions"}],"predecessor-version":[{"id":11723,"href":"https:\/\/www.ebro-armaturen.com\/tr\/wp-json\/wp\/v2\/pages\/7770\/revisions\/11723"}],"wp:attachment":[{"href":"https:\/\/www.ebro-armaturen.com\/tr\/wp-json\/wp\/v2\/media?parent=7770"}],"curies":[{"name":"wp","href":"https:\/\/api.w.org\/{rel}","templated":true}]}}