
{"id":9881,"date":"2019-07-16T10:31:38","date_gmt":"2019-07-16T08:31:38","guid":{"rendered":"https:\/\/www.ebro-armaturen.com\/produkte\/"},"modified":"2021-06-24T09:59:35","modified_gmt":"2021-06-24T07:59:35","slug":"produse","status":"publish","type":"page","link":"https:\/\/www.ebro-armaturen.com\/ro\/produse\/","title":{"rendered":"Produse"},"content":{"rendered":"\n<style type=\"text\/css\" data-created_by=\"avia_inline_auto\" id=\"style-css-av-509v-52965b79ff54a45140573d82e6eb762b\">\n.flex_column.av-509v-52965b79ff54a45140573d82e6eb762b{\nborder-radius:0px 0px 0px 0px;\npadding:0px 0px 0px 0px;\n}\n<\/style>\n<div  class='flex_column av-509v-52965b79ff54a45140573d82e6eb762b av_one_full  avia-builder-el-0  avia-builder-el-no-sibling  first flex_column_div av-zero-column-padding  '     ><p>\n<style type=\"text\/css\" data-created_by=\"avia_inline_auto\" id=\"style-css-av-kqam3o4j-0e222118b54e52c1fb6c520928f47830\">\n#top .av-special-heading.av-kqam3o4j-0e222118b54e52c1fb6c520928f47830{\nmargin:0 0 0 0;\npadding-bottom:0;\n}\nbody .av-special-heading.av-kqam3o4j-0e222118b54e52c1fb6c520928f47830 .av-special-heading-tag .heading-char{\nfont-size:25px;\n}\n.av-special-heading.av-kqam3o4j-0e222118b54e52c1fb6c520928f47830 .av-subheading{\nfont-size:15px;\n}\n<\/style>\n<div  class='av-special-heading av-kqam3o4j-0e222118b54e52c1fb6c520928f47830 av-special-heading-h1 blockquote modern-quote  avia-builder-el-1  el_before_av_textblock  avia-builder-el-first  av-linked-heading'><h1 class='av-special-heading-tag '  itemprop=\"headline\"  >Produse<\/h1><div class=\"special-heading-border\"><div class=\"special-heading-inner-border\"><\/div><\/div><\/div><br \/>\n<section  class='av_textblock_section av-k1ajw942-85adb98c1442c7867870b56a513cef6a '   itemscope=\"itemscope\" itemtype=\"https:\/\/schema.org\/CreativeWork\" ><div class='avia_textblock'  itemprop=\"text\" ><p><span lang=\"RO\">Portofoliul nostru de produse cuprinde arm\u0103turi industriale, ac\u021bion\u0103ri \u0219i sisteme de automatizare, prin care oferim clien\u021bilor no\u0219tri solu\u021bii personalizate pentru aproape orice caz individual. Deoarece ac\u021bion\u0103rile sunt produse chiar de c\u0103tre noi, putem livra arm\u0103turi dotate arm\u0103tura optim\u0103. \u00cen acest fel, asigur\u0103m armonizarea excelent\u0103 a celor dou\u0103 componente, fapt ce reduce necesarul de energie.<\/span><\/p>\n<p><span lang=\"RO\">Afacerea noastr\u0103 este produc\u021bia de serie \u2013 \u00eens\u0103 dezvoltarea solu\u021biilor pentru aplica\u021bii speciale este pasiunea noastr\u0103. Colabor\u0103m str\u00e2ns cu clien\u021bii no\u0219tri pentru a dezvolta solu\u021bii corespunz\u0103toare pentru acele situa\u021bii \u00een care o arm\u0103tur\u0103 standard nu poate \u00eendeplini cerin\u021bele. Portofoliul nostru de produse este extins cu vanele ghilotin\u0103 produse de filiala noastr\u0103 Stafsj\u00f6 Valves AB din Suedia.<\/span><\/p>\n<\/div><\/section><\/p><\/div>\n","protected":false},"excerpt":{"rendered":"","protected":false},"author":4,"featured_media":0,"parent":0,"menu_order":30,"comment_status":"closed","ping_status":"closed","template":"app_products.php","meta":{"_acf_changed":false,"footnotes":""},"class_list":["post-9881","page","type-page","status-publish","hentry"],"acf":[],"_links":{"self":[{"href":"https:\/\/www.ebro-armaturen.com\/ro\/wp-json\/wp\/v2\/pages\/9881"}],"collection":[{"href":"https:\/\/www.ebro-armaturen.com\/ro\/wp-json\/wp\/v2\/pages"}],"about":[{"href":"https:\/\/www.ebro-armaturen.com\/ro\/wp-json\/wp\/v2\/types\/page"}],"author":[{"embeddable":true,"href":"https:\/\/www.ebro-armaturen.com\/ro\/wp-json\/wp\/v2\/users\/4"}],"replies":[{"embeddable":true,"href":"https:\/\/www.ebro-armaturen.com\/ro\/wp-json\/wp\/v2\/comments?post=9881"}],"version-history":[{"count":3,"href":"https:\/\/www.ebro-armaturen.com\/ro\/wp-json\/wp\/v2\/pages\/9881\/revisions"}],"predecessor-version":[{"id":9890,"href":"https:\/\/www.ebro-armaturen.com\/ro\/wp-json\/wp\/v2\/pages\/9881\/revisions\/9890"}],"wp:attachment":[{"href":"https:\/\/www.ebro-armaturen.com\/ro\/wp-json\/wp\/v2\/media?parent=9881"}],"curies":[{"name":"wp","href":"https:\/\/api.w.org\/{rel}","templated":true}]}}