
{"id":9872,"date":"2019-09-30T15:33:08","date_gmt":"2019-09-30T13:33:08","guid":{"rendered":"https:\/\/www.ebro-armaturen.com\/unternehmen\/ueber-uns\/"},"modified":"2021-06-24T10:00:12","modified_gmt":"2021-06-24T08:00:12","slug":"despre-noi","status":"publish","type":"page","link":"https:\/\/www.ebro-armaturen.com\/ro\/compania\/despre-noi\/","title":{"rendered":"Despre noi"},"content":{"rendered":"<div id='full_slider_1'  class='avia-fullwidth-slider main_color avia-shadow   avia-builder-el-0  el_before_av_one_full  avia-builder-el-first   container_wrap sidebar_right'  ><div  class='avia-slideshow av-jy5ka8pt-4795425ccf540f4bf0cec6102b23abe0 avia-slideshow-featured av_slideshow_full avia-slide-slider av-slideshow-ui av-control-minimal av-slideshow-autoplay av-loop-endless av-loop-manual-endless av-default-height-applied   avia-slideshow-1' data-slideshow-options=\"{&quot;animation&quot;:&quot;slide&quot;,&quot;autoplay&quot;:true,&quot;loop_autoplay&quot;:&quot;endless&quot;,&quot;interval&quot;:5,&quot;loop_manual&quot;:&quot;manual-endless&quot;,&quot;autoplay_stopper&quot;:false,&quot;noNavigation&quot;:false,&quot;bg_slider&quot;:false,&quot;keep_padding&quot;:false,&quot;hoverpause&quot;:false,&quot;show_slide_delay&quot;:0}\"  itemprop=\"image\" itemscope=\"itemscope\" itemtype=\"https:\/\/schema.org\/ImageObject\" ><ul class='avia-slideshow-inner ' style='padding-bottom: 25%;'><li  class='avia-slideshow-slide av-jy5ka8pt-4795425ccf540f4bf0cec6102b23abe0__0  av-single-slide slide-1 slide-odd'><div data-rel='slideshow-1' class='avia-slide-wrap '   ><img decoding=\"async\" fetchpriority=\"high\" class=\"wp-image-9873 avia-img-lazy-loading-not-9873\"  src=\"https:\/\/www.ebro-armaturen.com\/wp-content\/uploads\/2019\/10\/Banner_EBRO_Klappe-1.png\" width=\"940\" height=\"235\" title='Banner_EBRO_Klappe-1' alt=''  itemprop=\"thumbnailUrl\" srcset=\"https:\/\/www.ebro-armaturen.com\/wp-content\/uploads\/2019\/10\/Banner_EBRO_Klappe-1.png 940w, https:\/\/www.ebro-armaturen.com\/wp-content\/uploads\/2019\/10\/Banner_EBRO_Klappe-1-300x75.png 300w, https:\/\/www.ebro-armaturen.com\/wp-content\/uploads\/2019\/10\/Banner_EBRO_Klappe-1-768x192.png 768w, https:\/\/www.ebro-armaturen.com\/wp-content\/uploads\/2019\/10\/Banner_EBRO_Klappe-1-705x176.png 705w, https:\/\/www.ebro-armaturen.com\/wp-content\/uploads\/2019\/10\/Banner_EBRO_Klappe-1-450x113.png 450w\" sizes=\"(max-width: 940px) 100vw, 940px\" \/><\/div><\/li><\/ul><\/div><\/div><div id='after_full_slider_1'  class='main_color av_default_container_wrap container_wrap sidebar_right'  ><div class='container av-section-cont-open' ><div class='template-page content  av-content-small alpha units'><div class='post-entry post-entry-type-page post-entry-9872'><div class='entry-content-wrapper clearfix'>\n\n<style type=\"text\/css\" data-created_by=\"avia_inline_auto\" id=\"style-css-av-7ghcc-108c691071fdd4a0066b6404abdda38e\">\n.flex_column.av-7ghcc-108c691071fdd4a0066b6404abdda38e{\nborder-radius:0px 0px 0px 0px;\npadding:0px 0px 0px 0px;\n}\n<\/style>\n<div  class='flex_column av-7ghcc-108c691071fdd4a0066b6404abdda38e av_one_full  avia-builder-el-1  el_after_av_slideshow_full  avia-builder-el-no-sibling  first flex_column_div av-zero-column-padding  '     ><p>\n<style type=\"text\/css\" data-created_by=\"avia_inline_auto\" id=\"style-css-av-kqalxafm-b3820a53a6633714a9518587c6db29ce\">\n#top .av-special-heading.av-kqalxafm-b3820a53a6633714a9518587c6db29ce{\npadding-bottom:10px;\n}\nbody .av-special-heading.av-kqalxafm-b3820a53a6633714a9518587c6db29ce .av-special-heading-tag .heading-char{\nfont-size:25px;\n}\n.av-special-heading.av-kqalxafm-b3820a53a6633714a9518587c6db29ce .av-subheading{\nfont-size:15px;\n}\n<\/style>\n<div  class='av-special-heading av-kqalxafm-b3820a53a6633714a9518587c6db29ce av-special-heading-h1 blockquote modern-quote  avia-builder-el-2  el_before_av_textblock  avia-builder-el-first  av-linked-heading'><h1 class='av-special-heading-tag '  itemprop=\"headline\"  >Despre noi<\/h1><div class=\"special-heading-border\"><div class=\"special-heading-inner-border\"><\/div><\/div><\/div><br \/>\n<section  class='av_textblock_section av-k1c2lebs-82a4c03f01394c40724c7a9d905a6c4b '   itemscope=\"itemscope\" itemtype=\"https:\/\/schema.org\/CreativeWork\" ><div class='avia_textblock'  itemprop=\"text\" ><p><strong><span lang=\"RO\">Compania EBRO ARMATUREN Gebr. Br\u00f6er GmbH cu sediul \u00een Hagen este unul dintre liderii mondiali \u00een produc\u021bia de arm\u0103turi industriale, ac\u021bion\u0103ri \u0219i sisteme de automatizare. Prin intermediul re\u021belei noastre interna\u021bionale, format\u0103 din unit\u0103\u021bi de produc\u021bie, filiale de distribu\u021bie \u0219i reprezentan\u021be, suntem \u00eentotdeauna aproape de clien\u021bii no\u0219tri. Competen\u021ba excep\u021bional\u0103 \u00een materie de consultan\u021b\u0103 \u0219i produsele noastre de calitate superioar\u0103 ne fac parteneri recunoscu\u021bi pe plan interna\u021bional al constructorilor de ma\u0219ini \u0219i de instala\u021bii.<\/span><\/strong><\/p>\n<p><span lang=\"RO\">Fiind o \u00eentreprindere de familie condus\u0103 chiar de c\u0103tre proprietar, un rol important \u00eel joac\u0103 traseele decizionale scurte, responsabilitatea individual\u0103, continuitatea \u0219i investi\u021biile durabile \u00een cercetare \u0219i dezvoltare. Oferim clien\u021bilor no\u0219tri solu\u021bii personalizate pentru aproape orice caz individual. Ac\u021bion\u0103rile armonizate optim cu arm\u0103turile sunt dezvoltate \u0219i produse chiar de firma noastr\u0103. Putem reac\u021biona flexibil \u0219i rapid la cerin\u021bele speciale ale pie\u021bei \u0219i punem la dispozi\u021bia clien\u021bilor no\u0219tri solu\u021bii de arm\u0103turi dezvoltate individual. Sub umbrela Grupului Br\u00f6er Gruppe, gama noastr\u0103 de produse este extins\u0103 cu vanele ghilotin\u0103 de calitate superioar\u0103 produse de filiale noastr\u0103 suedez\u0103 Stafsj\u00f6 Valves AB, unul dintre liderii de pe aceast\u0103 pia\u021b\u0103.<\/span><\/p>\n<p><span lang=\"RO\">\u00cen spatele Grupului Br\u00f6er sunt cei peste 1000 de angaja\u021bi care lucreaz\u0103 \u00een lumea \u00eentreag\u0103, \u00een cadrul celor 28 de loca\u021bii. \u00cen anul financiar 2018 am realizat o cifr\u0103 de afaceri de 174 de milioane de euro.<\/span><\/p>\n<\/div><\/section><\/p><\/div>\n","protected":false},"excerpt":{"rendered":"","protected":false},"author":4,"featured_media":0,"parent":9869,"menu_order":10,"comment_status":"closed","ping_status":"closed","template":"","meta":{"_acf_changed":false,"footnotes":""},"class_list":["post-9872","page","type-page","status-publish","hentry"],"acf":[],"_links":{"self":[{"href":"https:\/\/www.ebro-armaturen.com\/ro\/wp-json\/wp\/v2\/pages\/9872"}],"collection":[{"href":"https:\/\/www.ebro-armaturen.com\/ro\/wp-json\/wp\/v2\/pages"}],"about":[{"href":"https:\/\/www.ebro-armaturen.com\/ro\/wp-json\/wp\/v2\/types\/page"}],"author":[{"embeddable":true,"href":"https:\/\/www.ebro-armaturen.com\/ro\/wp-json\/wp\/v2\/users\/4"}],"replies":[{"embeddable":true,"href":"https:\/\/www.ebro-armaturen.com\/ro\/wp-json\/wp\/v2\/comments?post=9872"}],"version-history":[{"count":3,"href":"https:\/\/www.ebro-armaturen.com\/ro\/wp-json\/wp\/v2\/pages\/9872\/revisions"}],"predecessor-version":[{"id":9894,"href":"https:\/\/www.ebro-armaturen.com\/ro\/wp-json\/wp\/v2\/pages\/9872\/revisions\/9894"}],"up":[{"embeddable":true,"href":"https:\/\/www.ebro-armaturen.com\/ro\/wp-json\/wp\/v2\/pages\/9869"}],"wp:attachment":[{"href":"https:\/\/www.ebro-armaturen.com\/ro\/wp-json\/wp\/v2\/media?parent=9872"}],"curies":[{"name":"wp","href":"https:\/\/api.w.org\/{rel}","templated":true}]}}