
{"id":3941,"date":"2019-12-17T14:04:19","date_gmt":"2019-12-17T13:04:19","guid":{"rendered":"https:\/\/www.ebro-armaturen.com\/video\/"},"modified":"2025-06-17T11:05:19","modified_gmt":"2025-06-17T09:05:19","slug":"video","status":"publish","type":"page","link":"https:\/\/www.ebro-armaturen.com\/pl\/downloads\/video\/","title":{"rendered":"Video"},"content":{"rendered":"<div id='full_slider_1'  class='avia-fullwidth-slider main_color avia-shadow   avia-builder-el-0  el_before_av_one_full  avia-builder-el-first   container_wrap sidebar_right'  ><div  class='avia-slideshow av-jy5ka8pt-4795425ccf540f4bf0cec6102b23abe0 avia-slideshow-featured av_slideshow_full avia-slide-slider av-slideshow-ui av-control-minimal av-slideshow-autoplay av-loop-endless av-loop-manual-endless av-default-height-applied   avia-slideshow-1' data-slideshow-options=\"{&quot;animation&quot;:&quot;slide&quot;,&quot;autoplay&quot;:true,&quot;loop_autoplay&quot;:&quot;endless&quot;,&quot;interval&quot;:5,&quot;loop_manual&quot;:&quot;manual-endless&quot;,&quot;autoplay_stopper&quot;:false,&quot;noNavigation&quot;:false,&quot;bg_slider&quot;:false,&quot;keep_padding&quot;:false,&quot;hoverpause&quot;:false,&quot;show_slide_delay&quot;:0}\"  itemprop=\"image\" itemscope=\"itemscope\" itemtype=\"https:\/\/schema.org\/ImageObject\" ><ul class='avia-slideshow-inner ' style='padding-bottom: 25%;'><li  class='avia-slideshow-slide av-jy5ka8pt-4795425ccf540f4bf0cec6102b23abe0__0  av-single-slide slide-1 slide-odd'><div data-rel='slideshow-1' class='avia-slide-wrap '   ><img decoding=\"async\" fetchpriority=\"high\" class=\"wp-image-1169 avia-img-lazy-loading-not-1169\"  src=\"https:\/\/www.ebro-armaturen.com\/wp-content\/uploads\/2019\/10\/Downloads_Startseite_940x235_px.jpg\" width=\"940\" height=\"235\" title='Downloads_Startseite_940x235_px' alt=''  itemprop=\"thumbnailUrl\" srcset=\"https:\/\/www.ebro-armaturen.com\/wp-content\/uploads\/2019\/10\/Downloads_Startseite_940x235_px.jpg 940w, https:\/\/www.ebro-armaturen.com\/wp-content\/uploads\/2019\/10\/Downloads_Startseite_940x235_px-300x75.jpg 300w, https:\/\/www.ebro-armaturen.com\/wp-content\/uploads\/2019\/10\/Downloads_Startseite_940x235_px-768x192.jpg 768w, https:\/\/www.ebro-armaturen.com\/wp-content\/uploads\/2019\/10\/Downloads_Startseite_940x235_px-705x176.jpg 705w, https:\/\/www.ebro-armaturen.com\/wp-content\/uploads\/2019\/10\/Downloads_Startseite_940x235_px-450x113.jpg 450w\" sizes=\"(max-width: 940px) 100vw, 940px\" \/><\/div><\/li><\/ul><\/div><\/div><div id='after_full_slider_1'  class='main_color av_default_container_wrap container_wrap sidebar_right'  ><div class='container av-section-cont-open' ><div class='template-page content  av-content-small alpha units'><div class='post-entry post-entry-type-page post-entry-3941'><div class='entry-content-wrapper clearfix'>\n\n<style type=\"text\/css\" data-created_by=\"avia_inline_auto\" id=\"style-css-av-7ghcc-108c691071fdd4a0066b6404abdda38e\">\n.flex_column.av-7ghcc-108c691071fdd4a0066b6404abdda38e{\nborder-radius:0px 0px 0px 0px;\npadding:0px 0px 0px 0px;\n}\n<\/style>\n<div  class='flex_column av-7ghcc-108c691071fdd4a0066b6404abdda38e av_one_full  avia-builder-el-1  el_after_av_slideshow_full  el_before_av_one_full  avia-builder-el-first  first flex_column_div av-zero-column-padding  '     ><p>\n<style type=\"text\/css\" data-created_by=\"avia_inline_auto\" id=\"style-css-av-av_heading-2cc6e56988da9442ccec87550854b8c7\">\n#top .av-special-heading.av-av_heading-2cc6e56988da9442ccec87550854b8c7{\npadding-bottom:25px;\n}\nbody .av-special-heading.av-av_heading-2cc6e56988da9442ccec87550854b8c7 .av-special-heading-tag .heading-char{\nfont-size:25px;\n}\n.av-special-heading.av-av_heading-2cc6e56988da9442ccec87550854b8c7 .av-subheading{\nfont-size:15px;\n}\n<\/style>\n<div  class='av-special-heading av-av_heading-2cc6e56988da9442ccec87550854b8c7 av-special-heading-h1 blockquote modern-quote  avia-builder-el-2  el_before_av_video  avia-builder-el-first '><h1 class='av-special-heading-tag '  itemprop=\"headline\"  >JAKO\u015a\u0106 W SZCZEG\u00d3\u0141ACH<\/h1><div class=\"special-heading-border\"><div class=\"special-heading-inner-border\"><\/div><\/div><\/div><br \/>\n<div class='avia-video avia-video-16-9   av-lazyload-immediate  av-lazyload-video-embed  '   itemprop=\"video\" itemtype=\"https:\/\/schema.org\/VideoObject\"  data-original_url='https:\/\/youtu.be\/XB7KRUlVh9g' ><script type='text\/html' class='av-video-tmpl'><div class='avia-iframe-wrap'><iframe loading=\"lazy\" title=\"EBRO: Quality in Detail [EN]\" width=\"1500\" height=\"844\" src=\"https:\/\/www.youtube.com\/embed\/XB7KRUlVh9g?feature=oembed\" frameborder=\"0\" allow=\"accelerometer; autoplay; clipboard-write; encrypted-media; gyroscope; picture-in-picture; web-share\" referrerpolicy=\"strict-origin-when-cross-origin\" allowfullscreen><\/iframe><\/div><\/script><div class='av-click-to-play-overlay'><div class=\"avia_playpause_icon\"><\/div><\/div><\/div><\/p><\/div>\n\n<style type=\"text\/css\" data-created_by=\"avia_inline_auto\" id=\"style-css-av-7ghcc-108c691071fdd4a0066b6404abdda38e\">\n.flex_column.av-7ghcc-108c691071fdd4a0066b6404abdda38e{\nborder-radius:0px 0px 0px 0px;\npadding:0px 0px 0px 0px;\n}\n<\/style>\n<div  class='flex_column av-7ghcc-108c691071fdd4a0066b6404abdda38e av_one_full  avia-builder-el-4  el_after_av_one_full  el_before_av_one_full  first flex_column_div av-zero-column-padding  column-top-margin'     ><p>\n<style type=\"text\/css\" data-created_by=\"avia_inline_auto\" id=\"style-css-av-av_heading-ca559422259d60a47d32bfb64dc7a87e\">\n#top .av-special-heading.av-av_heading-ca559422259d60a47d32bfb64dc7a87e{\npadding-bottom:25px;\n}\nbody .av-special-heading.av-av_heading-ca559422259d60a47d32bfb64dc7a87e .av-special-heading-tag .heading-char{\nfont-size:25px;\n}\n.av-special-heading.av-av_heading-ca559422259d60a47d32bfb64dc7a87e .av-subheading{\nfont-size:15px;\n}\n<\/style>\n<div  class='av-special-heading av-av_heading-ca559422259d60a47d32bfb64dc7a87e av-special-heading-h1 blockquote modern-quote  avia-builder-el-5  el_before_av_video  avia-builder-el-first '><h1 class='av-special-heading-tag '  itemprop=\"headline\"  >TRYB PRACY SYSTEMU BLOKADY CYKLU EBRO<\/h1><div class=\"special-heading-border\"><div class=\"special-heading-inner-border\"><\/div><\/div><\/div><br \/>\n<div class='avia-video avia-video-16-9   av-lazyload-immediate  av-lazyload-video-embed  '   itemprop=\"video\" itemtype=\"https:\/\/schema.org\/VideoObject\"  data-original_url='https:\/\/youtu.be\/NEieN04SXTQ' ><script type='text\/html' class='av-video-tmpl'><div class='avia-iframe-wrap'><iframe loading=\"lazy\" title=\"EBRO TS: Operating Mode of the EBRO Cycle Lock System [EN]\" width=\"1500\" height=\"844\" src=\"https:\/\/www.youtube.com\/embed\/NEieN04SXTQ?feature=oembed\" frameborder=\"0\" allow=\"accelerometer; autoplay; clipboard-write; encrypted-media; gyroscope; picture-in-picture; web-share\" referrerpolicy=\"strict-origin-when-cross-origin\" allowfullscreen><\/iframe><\/div><\/script><div class='av-click-to-play-overlay'><div class=\"avia_playpause_icon\"><\/div><\/div><\/div><\/p><\/div>\n\n<style type=\"text\/css\" data-created_by=\"avia_inline_auto\" id=\"style-css-av-7ghcc-108c691071fdd4a0066b6404abdda38e\">\n.flex_column.av-7ghcc-108c691071fdd4a0066b6404abdda38e{\nborder-radius:0px 0px 0px 0px;\npadding:0px 0px 0px 0px;\n}\n<\/style>\n<div  class='flex_column av-7ghcc-108c691071fdd4a0066b6404abdda38e av_one_full  avia-builder-el-7  el_after_av_one_full  el_before_av_one_full  first flex_column_div av-zero-column-padding  column-top-margin'     ><p>\n<style type=\"text\/css\" data-created_by=\"avia_inline_auto\" id=\"style-css-av-av_heading-c3735cdbc772e5d5d1855e342c636fed\">\n#top .av-special-heading.av-av_heading-c3735cdbc772e5d5d1855e342c636fed{\npadding-bottom:25px;\n}\nbody .av-special-heading.av-av_heading-c3735cdbc772e5d5d1855e342c636fed .av-special-heading-tag .heading-char{\nfont-size:25px;\n}\n.av-special-heading.av-av_heading-c3735cdbc772e5d5d1855e342c636fed .av-subheading{\nfont-size:15px;\n}\n<\/style>\n<div  class='av-special-heading av-av_heading-c3735cdbc772e5d5d1855e342c636fed av-special-heading-h1 blockquote modern-quote  avia-builder-el-8  el_before_av_video  avia-builder-el-first '><h1 class='av-special-heading-tag '  itemprop=\"headline\"  >WYMIANA TULEI I ZESTAWU USZCZELNIAJ\u0104CEGO<\/h1><div class=\"special-heading-border\"><div class=\"special-heading-inner-border\"><\/div><\/div><\/div><br \/>\n<div class='avia-video avia-video-16-9   av-lazyload-immediate  av-lazyload-video-embed  '   itemprop=\"video\" itemtype=\"https:\/\/schema.org\/VideoObject\"  data-original_url='https:\/\/youtu.be\/1ORb3sh8hJY?si=lZc45zEuokoiA8_0' ><script type='text\/html' class='av-video-tmpl'><div class='avia-iframe-wrap'><iframe loading=\"lazy\" title=\"[How-To] EBRO Z-Series: Replacement of spare parts [EN]\" width=\"1500\" height=\"844\" src=\"https:\/\/www.youtube.com\/embed\/1ORb3sh8hJY?feature=oembed\" frameborder=\"0\" allow=\"accelerometer; autoplay; clipboard-write; encrypted-media; gyroscope; picture-in-picture; web-share\" referrerpolicy=\"strict-origin-when-cross-origin\" allowfullscreen><\/iframe><\/div><\/script><div class='av-click-to-play-overlay'><div class=\"avia_playpause_icon\"><\/div><\/div><\/div><\/p><\/div>\n<style type=\"text\/css\" data-created_by=\"avia_inline_auto\" id=\"style-css-av-7ghcc-108c691071fdd4a0066b6404abdda38e\">\n.flex_column.av-7ghcc-108c691071fdd4a0066b6404abdda38e{\nborder-radius:0px 0px 0px 0px;\npadding:0px 0px 0px 0px;\n}\n<\/style>\n<div  class='flex_column av-7ghcc-108c691071fdd4a0066b6404abdda38e av_one_full  avia-builder-el-10  el_after_av_one_full  el_before_av_one_full  first flex_column_div av-zero-column-padding  column-top-margin'     ><p>\n<style type=\"text\/css\" data-created_by=\"avia_inline_auto\" id=\"style-css-av-av_heading-65fc058d22d7076932d4613410c55526\">\n#top .av-special-heading.av-av_heading-65fc058d22d7076932d4613410c55526{\npadding-bottom:25px;\n}\nbody .av-special-heading.av-av_heading-65fc058d22d7076932d4613410c55526 .av-special-heading-tag .heading-char{\nfont-size:25px;\n}\n.av-special-heading.av-av_heading-65fc058d22d7076932d4613410c55526 .av-subheading{\nfont-size:15px;\n}\n<\/style>\n<div  class='av-special-heading av-av_heading-65fc058d22d7076932d4613410c55526 av-special-heading-h1 blockquote modern-quote  avia-builder-el-11  el_before_av_video  avia-builder-el-first '><h1 class='av-special-heading-tag '  itemprop=\"headline\"  >WYMIANA ELEMENT\u00d3W USZCZELNIAJ\u0104CYCH PNEUMATYCZNEGO NAP\u0118DU NIEPE\u0141NOOBROTOWEGO EB-SYD<\/h1><div class=\"special-heading-border\"><div class=\"special-heading-inner-border\"><\/div><\/div><\/div><br \/>\n<div class='avia-video avia-video-16-9   av-lazyload-immediate  av-lazyload-video-embed  '   itemprop=\"video\" itemtype=\"https:\/\/schema.org\/VideoObject\"  data-original_url='https:\/\/youtu.be\/z_lp--jf_qA' ><script type='text\/html' class='av-video-tmpl'><div class='avia-iframe-wrap'><iframe loading=\"lazy\" title=\"Replacement of the sealing elements on the pneumatic actuator EB-SYD\" width=\"1500\" height=\"844\" src=\"https:\/\/www.youtube.com\/embed\/z_lp--jf_qA?feature=oembed\" frameborder=\"0\" allow=\"accelerometer; autoplay; clipboard-write; encrypted-media; gyroscope; picture-in-picture; web-share\" referrerpolicy=\"strict-origin-when-cross-origin\" allowfullscreen><\/iframe><\/div><\/script><div class='av-click-to-play-overlay'><div class=\"avia_playpause_icon\"><\/div><\/div><\/div><\/p><\/div><\/p>\n\n<style type=\"text\/css\" data-created_by=\"avia_inline_auto\" id=\"style-css-av-7ghcc-108c691071fdd4a0066b6404abdda38e\">\n.flex_column.av-7ghcc-108c691071fdd4a0066b6404abdda38e{\nborder-radius:0px 0px 0px 0px;\npadding:0px 0px 0px 0px;\n}\n<\/style>\n<div  class='flex_column av-7ghcc-108c691071fdd4a0066b6404abdda38e av_one_full  avia-builder-el-13  el_after_av_one_full  el_before_av_one_full  first flex_column_div av-zero-column-padding  column-top-margin'     ><p>\n<style type=\"text\/css\" data-created_by=\"avia_inline_auto\" id=\"style-css-av-av_heading-81c0046967ae0fea1fb314f544cc47db\">\n#top .av-special-heading.av-av_heading-81c0046967ae0fea1fb314f544cc47db{\npadding-bottom:25px;\n}\nbody .av-special-heading.av-av_heading-81c0046967ae0fea1fb314f544cc47db .av-special-heading-tag .heading-char{\nfont-size:25px;\n}\n.av-special-heading.av-av_heading-81c0046967ae0fea1fb314f544cc47db .av-subheading{\nfont-size:15px;\n}\n<\/style>\n<div  class='av-special-heading av-av_heading-81c0046967ae0fea1fb314f544cc47db av-special-heading-h1 blockquote modern-quote  avia-builder-el-14  el_before_av_video  avia-builder-el-first '><h1 class='av-special-heading-tag '  itemprop=\"headline\"  >ZMIANA CZASU PRACY ZA POMOC\u0104 BLOKU PRZEPUSTNICY NA SI\u0141OWNIKU DWUSTRONNEGO DZIA\u0141ANIA EB SYD<\/h1><div class=\"special-heading-border\"><div class=\"special-heading-inner-border\"><\/div><\/div><\/div><br \/>\n<div class='avia-video avia-video-16-9   av-lazyload-immediate  av-lazyload-video-embed  '   itemprop=\"video\" itemtype=\"https:\/\/schema.org\/VideoObject\"  data-original_url='https:\/\/youtu.be\/SeW2nshqunU' ><script type='text\/html' class='av-video-tmpl'><div class='avia-iframe-wrap'><iframe loading=\"lazy\" title=\"EBRO EB-SYD: Modification of operating times via speed control unit at double-acting actuator [EN]\" width=\"1500\" height=\"844\" src=\"https:\/\/www.youtube.com\/embed\/SeW2nshqunU?feature=oembed\" frameborder=\"0\" allow=\"accelerometer; autoplay; clipboard-write; encrypted-media; gyroscope; picture-in-picture; web-share\" referrerpolicy=\"strict-origin-when-cross-origin\" allowfullscreen><\/iframe><\/div><\/script><div class='av-click-to-play-overlay'><div class=\"avia_playpause_icon\"><\/div><\/div><\/div><\/p><\/div>\n\n<style type=\"text\/css\" data-created_by=\"avia_inline_auto\" id=\"style-css-av-7ghcc-108c691071fdd4a0066b6404abdda38e\">\n.flex_column.av-7ghcc-108c691071fdd4a0066b6404abdda38e{\nborder-radius:0px 0px 0px 0px;\npadding:0px 0px 0px 0px;\n}\n<\/style>\n<div  class='flex_column av-7ghcc-108c691071fdd4a0066b6404abdda38e av_one_full  avia-builder-el-16  el_after_av_one_full  el_before_av_one_full  first flex_column_div av-zero-column-padding  column-top-margin'     ><p>\n<style type=\"text\/css\" data-created_by=\"avia_inline_auto\" id=\"style-css-av-av_heading-457c033b13052f65459f33d208391932\">\n#top .av-special-heading.av-av_heading-457c033b13052f65459f33d208391932{\npadding-bottom:25px;\n}\nbody .av-special-heading.av-av_heading-457c033b13052f65459f33d208391932 .av-special-heading-tag .heading-char{\nfont-size:25px;\n}\n.av-special-heading.av-av_heading-457c033b13052f65459f33d208391932 .av-subheading{\nfont-size:15px;\n}\n<\/style>\n<div  class='av-special-heading av-av_heading-457c033b13052f65459f33d208391932 av-special-heading-h1 blockquote modern-quote  avia-builder-el-17  el_before_av_video  avia-builder-el-first '><h1 class='av-special-heading-tag '  itemprop=\"headline\"  >WYD\u0141U\u017bENIE CZASU ZA POMOC\u0104 BLOKU D\u0141AWI\u0104CEGO NA SPR\u0118\u017bYNOWYM SI\u0141OWNIKU NIEPE\u0141NOOBROTOWYM EB.<\/h1><div class=\"special-heading-border\"><div class=\"special-heading-inner-border\"><\/div><\/div><\/div><br \/>\n<div class='avia-video avia-video-16-9   av-lazyload-immediate  av-lazyload-video-embed  '   itemprop=\"video\" itemtype=\"https:\/\/schema.org\/VideoObject\"  data-original_url='https:\/\/youtu.be\/j9EIp0_cwoY' ><script type='text\/html' class='av-video-tmpl'><div class='avia-iframe-wrap'><iframe loading=\"lazy\" title=\"Extended operating time by the use of a throttle unit on the spring return EB actuator\" width=\"1500\" height=\"844\" src=\"https:\/\/www.youtube.com\/embed\/j9EIp0_cwoY?feature=oembed\" frameborder=\"0\" allow=\"accelerometer; autoplay; clipboard-write; encrypted-media; gyroscope; picture-in-picture; web-share\" referrerpolicy=\"strict-origin-when-cross-origin\" allowfullscreen><\/iframe><\/div><\/script><div class='av-click-to-play-overlay'><div class=\"avia_playpause_icon\"><\/div><\/div><\/div><\/p><\/div>\n\n<style type=\"text\/css\" data-created_by=\"avia_inline_auto\" id=\"style-css-av-7ghcc-108c691071fdd4a0066b6404abdda38e\">\n.flex_column.av-7ghcc-108c691071fdd4a0066b6404abdda38e{\nborder-radius:0px 0px 0px 0px;\npadding:0px 0px 0px 0px;\n}\n<\/style>\n<div  class='flex_column av-7ghcc-108c691071fdd4a0066b6404abdda38e av_one_full  avia-builder-el-19  el_after_av_one_full  el_before_av_one_full  first flex_column_div av-zero-column-padding  column-top-margin'     ><p>\n<style type=\"text\/css\" data-created_by=\"avia_inline_auto\" id=\"style-css-av-av_heading-b8965983598fc22db1758fa5d75d726e\">\n#top .av-special-heading.av-av_heading-b8965983598fc22db1758fa5d75d726e{\npadding-bottom:25px;\n}\nbody .av-special-heading.av-av_heading-b8965983598fc22db1758fa5d75d726e .av-special-heading-tag .heading-char{\nfont-size:25px;\n}\n.av-special-heading.av-av_heading-b8965983598fc22db1758fa5d75d726e .av-subheading{\nfont-size:15px;\n}\n<\/style>\n<div  class='av-special-heading av-av_heading-b8965983598fc22db1758fa5d75d726e av-special-heading-h1 blockquote modern-quote  avia-builder-el-20  el_before_av_video  avia-builder-el-first '><h1 class='av-special-heading-tag '  itemprop=\"headline\"  >REGULACJA MECHANICZNYCH WY\u0141\u0104CZNIK\u00d3W KRA\u0143COWYCH W SBU<\/h1><div class=\"special-heading-border\"><div class=\"special-heading-inner-border\"><\/div><\/div><\/div><br \/>\n<div class='avia-video avia-video-16-9   av-lazyload-immediate  av-lazyload-video-embed  '   itemprop=\"video\" itemtype=\"https:\/\/schema.org\/VideoObject\"  data-original_url='https:\/\/youtu.be\/py1ZJqv-uXo' ><script type='text\/html' class='av-video-tmpl'><div class='avia-iframe-wrap'><iframe loading=\"lazy\" title=\"Adjustment of the mechanical limit switches in SBU\" width=\"1500\" height=\"844\" src=\"https:\/\/www.youtube.com\/embed\/py1ZJqv-uXo?feature=oembed\" frameborder=\"0\" allow=\"accelerometer; autoplay; clipboard-write; encrypted-media; gyroscope; picture-in-picture; web-share\" referrerpolicy=\"strict-origin-when-cross-origin\" allowfullscreen><\/iframe><\/div><\/script><div class='av-click-to-play-overlay'><div class=\"avia_playpause_icon\"><\/div><\/div><\/div><\/p><\/div>\n\n<style type=\"text\/css\" data-created_by=\"avia_inline_auto\" id=\"style-css-av-7ghcc-108c691071fdd4a0066b6404abdda38e\">\n.flex_column.av-7ghcc-108c691071fdd4a0066b6404abdda38e{\nborder-radius:0px 0px 0px 0px;\npadding:0px 0px 0px 0px;\n}\n<\/style>\n<div  class='flex_column av-7ghcc-108c691071fdd4a0066b6404abdda38e av_one_full  avia-builder-el-22  el_after_av_one_full  el_before_av_one_full  first flex_column_div av-zero-column-padding  column-top-margin'     ><p>\n<style type=\"text\/css\" data-created_by=\"avia_inline_auto\" id=\"style-css-av-av_heading-74d573e2b8f602ddea44bfe1a41f3a69\">\n#top .av-special-heading.av-av_heading-74d573e2b8f602ddea44bfe1a41f3a69{\npadding-bottom:25px;\n}\nbody .av-special-heading.av-av_heading-74d573e2b8f602ddea44bfe1a41f3a69 .av-special-heading-tag .heading-char{\nfont-size:25px;\n}\n.av-special-heading.av-av_heading-74d573e2b8f602ddea44bfe1a41f3a69 .av-subheading{\nfont-size:15px;\n}\n<\/style>\n<div  class='av-special-heading av-av_heading-74d573e2b8f602ddea44bfe1a41f3a69 av-special-heading-h1 blockquote modern-quote  avia-builder-el-23  el_before_av_video  avia-builder-el-first '><h1 class='av-special-heading-tag '  itemprop=\"headline\"  >WYMIANA ZESPO\u0141\u00d3W SPR\u0118\u017bYNOWYCH W CELU DOSTOSOWANIA DO CI\u015aNIENIA ROBOCZEGO<\/h1><div class=\"special-heading-border\"><div class=\"special-heading-inner-border\"><\/div><\/div><\/div><br \/>\n<div class='avia-video avia-video-16-9   av-lazyload-immediate  av-lazyload-video-embed  '   itemprop=\"video\" itemtype=\"https:\/\/schema.org\/VideoObject\"  data-original_url='https:\/\/youtu.be\/ROprY0G6vvQ' ><script type='text\/html' class='av-video-tmpl'><div class='avia-iframe-wrap'><iframe loading=\"lazy\" title=\"Replacement of the spring units for lower working pressure\" width=\"1500\" height=\"844\" src=\"https:\/\/www.youtube.com\/embed\/ROprY0G6vvQ?feature=oembed\" frameborder=\"0\" allow=\"accelerometer; autoplay; clipboard-write; encrypted-media; gyroscope; picture-in-picture; web-share\" referrerpolicy=\"strict-origin-when-cross-origin\" allowfullscreen><\/iframe><\/div><\/script><div class='av-click-to-play-overlay'><div class=\"avia_playpause_icon\"><\/div><\/div><\/div><\/p><\/div>\n\n<style type=\"text\/css\" data-created_by=\"avia_inline_auto\" id=\"style-css-av-7ghcc-108c691071fdd4a0066b6404abdda38e\">\n.flex_column.av-7ghcc-108c691071fdd4a0066b6404abdda38e{\nborder-radius:0px 0px 0px 0px;\npadding:0px 0px 0px 0px;\n}\n<\/style>\n<div  class='flex_column av-7ghcc-108c691071fdd4a0066b6404abdda38e av_one_full  avia-builder-el-25  el_after_av_one_full  avia-builder-el-last  first flex_column_div av-zero-column-padding  column-top-margin'     ><p>\n<style type=\"text\/css\" data-created_by=\"avia_inline_auto\" id=\"style-css-av-av_heading-9c1cdc5219a94686eb7bfba897d7b10a\">\n#top .av-special-heading.av-av_heading-9c1cdc5219a94686eb7bfba897d7b10a{\npadding-bottom:25px;\n}\nbody .av-special-heading.av-av_heading-9c1cdc5219a94686eb7bfba897d7b10a .av-special-heading-tag .heading-char{\nfont-size:25px;\n}\n.av-special-heading.av-av_heading-9c1cdc5219a94686eb7bfba897d7b10a .av-subheading{\nfont-size:15px;\n}\n<\/style>\n<div  class='av-special-heading av-av_heading-9c1cdc5219a94686eb7bfba897d7b10a av-special-heading-h1 blockquote modern-quote  avia-builder-el-26  el_before_av_video  avia-builder-el-first '><h1 class='av-special-heading-tag '  itemprop=\"headline\"  >INFLAS NISKIE ZU\u017bYCIE DZI\u0118KI NADMUCHIWANEJ WY\u015aCI\u00d3\u0141CE<\/h1><div class=\"special-heading-border\"><div class=\"special-heading-inner-border\"><\/div><\/div><\/div><br \/>\n<div class='avia-video avia-video-16-9   av-lazyload-immediate  av-lazyload-video-embed  '   itemprop=\"video\" itemtype=\"https:\/\/schema.org\/VideoObject\"  data-original_url='https:\/\/youtu.be\/1UhJOMnkPqo' ><script type='text\/html' class='av-video-tmpl'><div class='avia-iframe-wrap'><iframe loading=\"lazy\" title=\"EBRO INFLAS\u00ae: Low wear by inflatable liner [EN]\" width=\"1500\" height=\"844\" src=\"https:\/\/www.youtube.com\/embed\/1UhJOMnkPqo?feature=oembed\" frameborder=\"0\" allow=\"accelerometer; autoplay; clipboard-write; encrypted-media; gyroscope; picture-in-picture; web-share\" referrerpolicy=\"strict-origin-when-cross-origin\" allowfullscreen><\/iframe><\/div><\/script><div class='av-click-to-play-overlay'><div class=\"avia_playpause_icon\"><\/div><\/div><\/div><\/p><\/div>\n","protected":false},"excerpt":{"rendered":"","protected":false},"author":2,"featured_media":0,"parent":95,"menu_order":3,"comment_status":"closed","ping_status":"closed","template":"","meta":{"_acf_changed":false,"footnotes":""},"class_list":["post-3941","page","type-page","status-publish","hentry"],"acf":[],"_links":{"self":[{"href":"https:\/\/www.ebro-armaturen.com\/pl\/wp-json\/wp\/v2\/pages\/3941"}],"collection":[{"href":"https:\/\/www.ebro-armaturen.com\/pl\/wp-json\/wp\/v2\/pages"}],"about":[{"href":"https:\/\/www.ebro-armaturen.com\/pl\/wp-json\/wp\/v2\/types\/page"}],"author":[{"embeddable":true,"href":"https:\/\/www.ebro-armaturen.com\/pl\/wp-json\/wp\/v2\/users\/2"}],"replies":[{"embeddable":true,"href":"https:\/\/www.ebro-armaturen.com\/pl\/wp-json\/wp\/v2\/comments?post=3941"}],"version-history":[{"count":7,"href":"https:\/\/www.ebro-armaturen.com\/pl\/wp-json\/wp\/v2\/pages\/3941\/revisions"}],"predecessor-version":[{"id":23581,"href":"https:\/\/www.ebro-armaturen.com\/pl\/wp-json\/wp\/v2\/pages\/3941\/revisions\/23581"}],"up":[{"embeddable":true,"href":"https:\/\/www.ebro-armaturen.com\/pl\/wp-json\/wp\/v2\/pages\/95"}],"wp:attachment":[{"href":"https:\/\/www.ebro-armaturen.com\/pl\/wp-json\/wp\/v2\/media?parent=3941"}],"curies":[{"name":"wp","href":"https:\/\/api.w.org\/{rel}","templated":true}]}}