
{"id":3949,"date":"2019-12-17T14:12:04","date_gmt":"2019-12-17T13:12:04","guid":{"rendered":"https:\/\/www.ebro-armaturen.com\/aruvisszakueldesi-formanyomtatvany\/"},"modified":"2021-09-10T12:44:38","modified_gmt":"2021-09-10T10:44:38","slug":"aruvisszakueldesi-formanyomtatvany","status":"publish","type":"page","link":"https:\/\/www.ebro-armaturen.com\/hu\/letoeltesek\/aruvisszakueldesi-formanyomtatvany\/","title":{"rendered":"\u00c1ruvisszak\u00fcld\u00e9si formanyomtatv\u00e1ny"},"content":{"rendered":"<div id='full_slider_1'  class='avia-fullwidth-slider main_color avia-shadow   avia-builder-el-0  el_before_av_one_full  avia-builder-el-first   container_wrap sidebar_right'  ><div  class='avia-slideshow av-jy5ka8pt-4795425ccf540f4bf0cec6102b23abe0 avia-slideshow-featured av_slideshow_full avia-slide-slider av-slideshow-ui av-control-minimal av-slideshow-autoplay av-loop-endless av-loop-manual-endless av-default-height-applied   avia-slideshow-1' data-slideshow-options=\"{&quot;animation&quot;:&quot;slide&quot;,&quot;autoplay&quot;:true,&quot;loop_autoplay&quot;:&quot;endless&quot;,&quot;interval&quot;:5,&quot;loop_manual&quot;:&quot;manual-endless&quot;,&quot;autoplay_stopper&quot;:false,&quot;noNavigation&quot;:false,&quot;bg_slider&quot;:false,&quot;keep_padding&quot;:false,&quot;hoverpause&quot;:false,&quot;show_slide_delay&quot;:0}\"  itemprop=\"image\" itemscope=\"itemscope\" itemtype=\"https:\/\/schema.org\/ImageObject\" ><ul class='avia-slideshow-inner ' style='padding-bottom: 25%;'><li  class='avia-slideshow-slide av-jy5ka8pt-4795425ccf540f4bf0cec6102b23abe0__0  av-single-slide slide-1 slide-odd'><div data-rel='slideshow-1' class='avia-slide-wrap '   ><img decoding=\"async\" fetchpriority=\"high\" class=\"wp-image-1168 avia-img-lazy-loading-not-1168\"  src=\"https:\/\/www.ebro-armaturen.com\/wp-content\/uploads\/2019\/10\/Downloads_Startseite_940x235_px.jpg\" width=\"940\" height=\"235\" title='Downloads_Startseite_940x235_px' alt=''  itemprop=\"thumbnailUrl\" srcset=\"https:\/\/www.ebro-armaturen.com\/wp-content\/uploads\/2019\/10\/Downloads_Startseite_940x235_px.jpg 940w, https:\/\/www.ebro-armaturen.com\/wp-content\/uploads\/2019\/10\/Downloads_Startseite_940x235_px-300x75.jpg 300w, https:\/\/www.ebro-armaturen.com\/wp-content\/uploads\/2019\/10\/Downloads_Startseite_940x235_px-768x192.jpg 768w, https:\/\/www.ebro-armaturen.com\/wp-content\/uploads\/2019\/10\/Downloads_Startseite_940x235_px-705x176.jpg 705w, https:\/\/www.ebro-armaturen.com\/wp-content\/uploads\/2019\/10\/Downloads_Startseite_940x235_px-450x113.jpg 450w\" sizes=\"(max-width: 940px) 100vw, 940px\" \/><\/div><\/li><\/ul><\/div><\/div><div id='after_full_slider_1'  class='main_color av_default_container_wrap container_wrap sidebar_right'  ><div class='container av-section-cont-open' ><div class='template-page content  av-content-small alpha units'><div class='post-entry post-entry-type-page post-entry-3949'><div class='entry-content-wrapper clearfix'>\n\n<style type=\"text\/css\" data-created_by=\"avia_inline_auto\" id=\"style-css-av-7ghcc-108c691071fdd4a0066b6404abdda38e\">\n.flex_column.av-7ghcc-108c691071fdd4a0066b6404abdda38e{\nborder-radius:0px 0px 0px 0px;\npadding:0px 0px 0px 0px;\n}\n<\/style>\n<div  class='flex_column av-7ghcc-108c691071fdd4a0066b6404abdda38e av_one_full  avia-builder-el-1  el_after_av_slideshow_full  el_before_av_one_fifth  avia-builder-el-first  first flex_column_div av-zero-column-padding  '     ><style type=\"text\/css\" data-created_by=\"avia_inline_auto\" id=\"style-css-av-k1z6lrwl-749285346cc04bac06bff56983275cb8\">\n#top .av-special-heading.av-k1z6lrwl-749285346cc04bac06bff56983275cb8{\npadding-bottom:10px;\n}\nbody .av-special-heading.av-k1z6lrwl-749285346cc04bac06bff56983275cb8 .av-special-heading-tag .heading-char{\nfont-size:25px;\n}\n.av-special-heading.av-k1z6lrwl-749285346cc04bac06bff56983275cb8 .av-subheading{\nfont-size:15px;\n}\n<\/style>\n<div  class='av-special-heading av-k1z6lrwl-749285346cc04bac06bff56983275cb8 av-special-heading-h1 blockquote modern-quote  avia-builder-el-2  avia-builder-el-no-sibling '><h1 class='av-special-heading-tag '  itemprop=\"headline\"  >INFORM\u00c1CI\u00d3 AZ \u00c1RUK VISSZAK\u00dcLD\u00c9S\u00c9R\u0150L<\/h1><div class=\"special-heading-border\"><div class=\"special-heading-inner-border\"><\/div><\/div><\/div><\/div>\n\n<style type=\"text\/css\" data-created_by=\"avia_inline_auto\" id=\"style-css-av-nbpdw-ff292cd00a6ae743a9f691cfd55e070c\">\n.flex_column.av-nbpdw-ff292cd00a6ae743a9f691cfd55e070c{\nborder-radius:0px 0px 0px 0px;\npadding:0px 0px 0px 0px;\n}\n<\/style>\n<div  class='flex_column av-nbpdw-ff292cd00a6ae743a9f691cfd55e070c av_one_fifth  avia-builder-el-3  el_after_av_one_full  el_before_av_one_full  first flex_column_div av-zero-column-padding  column-top-margin'     ><p>\n<style type=\"text\/css\" data-created_by=\"avia_inline_auto\" id=\"style-css-av-k1c327gc-71511d1d8a9d87c887fa8d6f9f3686dc\">\n.avia-image-container.av-k1c327gc-71511d1d8a9d87c887fa8d6f9f3686dc img.avia_image{\nbox-shadow:none;\n}\n.avia-image-container.av-k1c327gc-71511d1d8a9d87c887fa8d6f9f3686dc .av-image-caption-overlay-center{\ncolor:#ffffff;\n}\n<\/style>\n<div  class='avia-image-container av-k1c327gc-71511d1d8a9d87c887fa8d6f9f3686dc av-styling- av-img-linked avia-align-center  avia-builder-el-4  el_before_av_textblock  avia-builder-el-first '   itemprop=\"image\" itemscope=\"itemscope\" itemtype=\"https:\/\/schema.org\/ImageObject\" ><div class=\"avia-image-container-inner\"><div class=\"avia-image-overlay-wrap\"><a href=\"\/wp-content\/uploads\/2020\/01\/Info_warenruecksendung_en.pdf\" class='avia_image '  aria-label='csm_Info_Warenr\u00fccksendung_fca0eb7d1a'><img decoding=\"async\" fetchpriority=\"high\" class='wp-image-1313 avia-img-lazy-loading-not-1313 avia_image ' src=\"https:\/\/www.ebro-armaturen.com\/wp-content\/uploads\/2019\/10\/csm_Info_Warenr\u00fccksendung_fca0eb7d1a.png\" alt='' title='csm_Info_Warenr\u00fccksendung_fca0eb7d1a'  height=\"142\" width=\"100\"  itemprop=\"thumbnailUrl\"  \/><\/a><\/div><\/div><\/div><br \/>\n<section  class='av_textblock_section av-k1z5adsq-fb762335ac3ee50e54c0f5d86d21b42b '   itemscope=\"itemscope\" itemtype=\"https:\/\/schema.org\/CreativeWork\" ><div class='avia_textblock'  itemprop=\"text\" ><p style=\"text-align: center\">Kattintson ide az \u00e1ru visszak\u00fcld\u00e9s\u00e9vel kapcsolatos inform\u00e1ci\u00f3k let\u00f6lt\u00e9s\u00e9hez<\/p>\n<\/div><\/section><\/p><\/div>\n\n<style type=\"text\/css\" data-created_by=\"avia_inline_auto\" id=\"style-css-av-7ghcc-108c691071fdd4a0066b6404abdda38e\">\n.flex_column.av-7ghcc-108c691071fdd4a0066b6404abdda38e{\nborder-radius:0px 0px 0px 0px;\npadding:0px 0px 0px 0px;\n}\n<\/style>\n<div  class='flex_column av-7ghcc-108c691071fdd4a0066b6404abdda38e av_one_full  avia-builder-el-6  el_after_av_one_fifth  el_before_av_one_fifth  first flex_column_div av-zero-column-padding  column-top-margin'     ><style type=\"text\/css\" data-created_by=\"avia_inline_auto\" id=\"style-css-av-k1z6jhfm-50826929eabee5e0f3c869933f724043\">\n#top .av-special-heading.av-k1z6jhfm-50826929eabee5e0f3c869933f724043{\npadding-bottom:10px;\n}\nbody .av-special-heading.av-k1z6jhfm-50826929eabee5e0f3c869933f724043 .av-special-heading-tag .heading-char{\nfont-size:25px;\n}\n.av-special-heading.av-k1z6jhfm-50826929eabee5e0f3c869933f724043 .av-subheading{\nfont-size:15px;\n}\n<\/style>\n<div  class='av-special-heading av-k1z6jhfm-50826929eabee5e0f3c869933f724043 av-special-heading-h1 blockquote modern-quote  avia-builder-el-7  avia-builder-el-no-sibling '><h1 class='av-special-heading-tag '  itemprop=\"headline\"  >\u00c1RUVISSZAK\u00dcLD\u00c9SI FORMANYOMTATV\u00c1NY<\/h1><div class=\"special-heading-border\"><div class=\"special-heading-inner-border\"><\/div><\/div><\/div><\/div>\n\n<style type=\"text\/css\" data-created_by=\"avia_inline_auto\" id=\"style-css-av-nbpdw-ff292cd00a6ae743a9f691cfd55e070c\">\n.flex_column.av-nbpdw-ff292cd00a6ae743a9f691cfd55e070c{\nborder-radius:0px 0px 0px 0px;\npadding:0px 0px 0px 0px;\n}\n<\/style>\n<div  class='flex_column av-nbpdw-ff292cd00a6ae743a9f691cfd55e070c av_one_fifth  avia-builder-el-8  el_after_av_one_full  avia-builder-el-last  first flex_column_div av-zero-column-padding  column-top-margin'     ><p>\n<style type=\"text\/css\" data-created_by=\"avia_inline_auto\" id=\"style-css-av-k1c327gc-0a850729fe037daac81eebef0ac39f55\">\n.avia-image-container.av-k1c327gc-0a850729fe037daac81eebef0ac39f55 img.avia_image{\nbox-shadow:none;\n}\n.avia-image-container.av-k1c327gc-0a850729fe037daac81eebef0ac39f55 .av-image-caption-overlay-center{\ncolor:#ffffff;\n}\n<\/style>\n<div  class='avia-image-container av-k1c327gc-0a850729fe037daac81eebef0ac39f55 av-styling- av-img-linked avia-align-center  avia-builder-el-9  el_before_av_textblock  avia-builder-el-first '   itemprop=\"image\" itemscope=\"itemscope\" itemtype=\"https:\/\/schema.org\/ImageObject\" ><div class=\"avia-image-container-inner\"><div class=\"avia-image-overlay-wrap\"><a href=\"\/wp-content\/uploads\/2021\/07\/Goods_return_form_2019_EN.pdf\" class='avia_image ' target=\"_blank\" rel=\"noopener noreferrer\" aria-label='csm_Formular_Warenruecksendung_2019_DE_ec818ba2da'><img decoding=\"async\" fetchpriority=\"high\" class='wp-image-1305 avia-img-lazy-loading-not-1305 avia_image ' src=\"https:\/\/www.ebro-armaturen.com\/wp-content\/uploads\/2019\/10\/csm_Formular_Warenruecksendung_2019_DE_ec818ba2da.png\" alt='' title='csm_Formular_Warenruecksendung_2019_DE_ec818ba2da'  height=\"142\" width=\"100\"  itemprop=\"thumbnailUrl\"  \/><\/a><\/div><\/div><\/div><br \/>\n<section  class='av_textblock_section av-k1z5adsq-fb762335ac3ee50e54c0f5d86d21b42b '   itemscope=\"itemscope\" itemtype=\"https:\/\/schema.org\/CreativeWork\" ><div class='avia_textblock'  itemprop=\"text\" ><p style=\"text-align: center\">Idekattintva let\u00f6ltheti az \u00e1ruvisszak\u00fcld\u00e9si formanyomtatv\u00e1nyt.<\/p>\n<\/div><\/section><\/p><\/div>\n","protected":false},"excerpt":{"rendered":"","protected":false},"author":2,"featured_media":0,"parent":92,"menu_order":4,"comment_status":"closed","ping_status":"closed","template":"","meta":{"_acf_changed":false,"footnotes":""},"class_list":["post-3949","page","type-page","status-publish","hentry"],"acf":[],"_links":{"self":[{"href":"https:\/\/www.ebro-armaturen.com\/hu\/wp-json\/wp\/v2\/pages\/3949"}],"collection":[{"href":"https:\/\/www.ebro-armaturen.com\/hu\/wp-json\/wp\/v2\/pages"}],"about":[{"href":"https:\/\/www.ebro-armaturen.com\/hu\/wp-json\/wp\/v2\/types\/page"}],"author":[{"embeddable":true,"href":"https:\/\/www.ebro-armaturen.com\/hu\/wp-json\/wp\/v2\/users\/2"}],"replies":[{"embeddable":true,"href":"https:\/\/www.ebro-armaturen.com\/hu\/wp-json\/wp\/v2\/comments?post=3949"}],"version-history":[{"count":5,"href":"https:\/\/www.ebro-armaturen.com\/hu\/wp-json\/wp\/v2\/pages\/3949\/revisions"}],"predecessor-version":[{"id":10937,"href":"https:\/\/www.ebro-armaturen.com\/hu\/wp-json\/wp\/v2\/pages\/3949\/revisions\/10937"}],"up":[{"embeddable":true,"href":"https:\/\/www.ebro-armaturen.com\/hu\/wp-json\/wp\/v2\/pages\/92"}],"wp:attachment":[{"href":"https:\/\/www.ebro-armaturen.com\/hu\/wp-json\/wp\/v2\/media?parent=3949"}],"curies":[{"name":"wp","href":"https:\/\/api.w.org\/{rel}","templated":true}]}}