
{"id":1810,"date":"2019-10-22T15:13:46","date_gmt":"2019-10-22T13:13:46","guid":{"rendered":"https:\/\/www.ebro-armaturen.com\/a-propos-de-nous\/"},"modified":"2021-03-17T10:23:07","modified_gmt":"2021-03-17T09:23:07","slug":"a-propos-de-nous","status":"publish","type":"page","link":"https:\/\/www.ebro-armaturen.com\/fr\/entreprise\/a-propos-de-nous\/","title":{"rendered":"A propos de nous"},"content":{"rendered":"<div id='full_slider_1'  class='avia-fullwidth-slider main_color avia-shadow   avia-builder-el-0  el_before_av_one_full  avia-builder-el-first   container_wrap sidebar_right'  ><div  class='avia-slideshow av-jy5ka8pt-4795425ccf540f4bf0cec6102b23abe0 avia-slideshow-featured av_slideshow_full avia-slide-slider av-slideshow-ui av-control-minimal av-slideshow-autoplay av-loop-endless av-loop-manual-endless av-default-height-applied   avia-slideshow-1' data-slideshow-options=\"{&quot;animation&quot;:&quot;slide&quot;,&quot;autoplay&quot;:true,&quot;loop_autoplay&quot;:&quot;endless&quot;,&quot;interval&quot;:5,&quot;loop_manual&quot;:&quot;manual-endless&quot;,&quot;autoplay_stopper&quot;:false,&quot;noNavigation&quot;:false,&quot;bg_slider&quot;:false,&quot;keep_padding&quot;:false,&quot;hoverpause&quot;:false,&quot;show_slide_delay&quot;:0}\"  itemprop=\"image\" itemscope=\"itemscope\" itemtype=\"https:\/\/schema.org\/ImageObject\" ><ul class='avia-slideshow-inner ' style='padding-bottom: 25%;'><li  class='avia-slideshow-slide av-jy5ka8pt-4795425ccf540f4bf0cec6102b23abe0__0  av-single-slide slide-1 slide-odd'><div data-rel='slideshow-1' class='avia-slide-wrap '   ><img decoding=\"async\" fetchpriority=\"high\" class=\"wp-image-819 avia-img-lazy-loading-not-819\"  src=\"https:\/\/www.ebro-armaturen.com\/wp-content\/uploads\/2019\/10\/Banner_EBRO_Klappe-1.png\" width=\"940\" height=\"235\" title='Banner_EBRO_Klappe-1' alt=''  itemprop=\"thumbnailUrl\" srcset=\"https:\/\/www.ebro-armaturen.com\/wp-content\/uploads\/2019\/10\/Banner_EBRO_Klappe-1.png 940w, https:\/\/www.ebro-armaturen.com\/wp-content\/uploads\/2019\/10\/Banner_EBRO_Klappe-1-300x75.png 300w, https:\/\/www.ebro-armaturen.com\/wp-content\/uploads\/2019\/10\/Banner_EBRO_Klappe-1-768x192.png 768w, https:\/\/www.ebro-armaturen.com\/wp-content\/uploads\/2019\/10\/Banner_EBRO_Klappe-1-705x176.png 705w, https:\/\/www.ebro-armaturen.com\/wp-content\/uploads\/2019\/10\/Banner_EBRO_Klappe-1-450x113.png 450w\" sizes=\"(max-width: 940px) 100vw, 940px\" \/><\/div><\/li><\/ul><\/div><\/div><div id='after_full_slider_1'  class='main_color av_default_container_wrap container_wrap sidebar_right'  ><div class='container av-section-cont-open' ><div class='template-page content  av-content-small alpha units'><div class='post-entry post-entry-type-page post-entry-1810'><div class='entry-content-wrapper clearfix'>\n\n<style type=\"text\/css\" data-created_by=\"avia_inline_auto\" id=\"style-css-av-7ghcc-108c691071fdd4a0066b6404abdda38e\">\n.flex_column.av-7ghcc-108c691071fdd4a0066b6404abdda38e{\nborder-radius:0px 0px 0px 0px;\npadding:0px 0px 0px 0px;\n}\n<\/style>\n<div  class='flex_column av-7ghcc-108c691071fdd4a0066b6404abdda38e av_one_full  avia-builder-el-1  el_after_av_slideshow_full  avia-builder-el-no-sibling  first flex_column_div av-zero-column-padding  '     ><p>\n<style type=\"text\/css\" data-created_by=\"avia_inline_auto\" id=\"style-css-av-av_heading-68504f5030cf6f593e4a0ea6f0abae09\">\n#top .av-special-heading.av-av_heading-68504f5030cf6f593e4a0ea6f0abae09{\npadding-bottom:10px;\n}\nbody .av-special-heading.av-av_heading-68504f5030cf6f593e4a0ea6f0abae09 .av-special-heading-tag .heading-char{\nfont-size:25px;\n}\n.av-special-heading.av-av_heading-68504f5030cf6f593e4a0ea6f0abae09 .av-subheading{\nfont-size:15px;\n}\n<\/style>\n<div  class='av-special-heading av-av_heading-68504f5030cf6f593e4a0ea6f0abae09 av-special-heading-h1 blockquote modern-quote  avia-builder-el-2  el_before_av_textblock  avia-builder-el-first  av-linked-heading'><h1 class='av-special-heading-tag '  itemprop=\"headline\"  >A propos de nous<\/h1><div class=\"special-heading-border\"><div class=\"special-heading-inner-border\"><\/div><\/div><\/div><br \/>\n<section  class='av_textblock_section av-k1c2lebs-82a4c03f01394c40724c7a9d905a6c4b '   itemscope=\"itemscope\" itemtype=\"https:\/\/schema.org\/CreativeWork\" ><div class='avia_textblock'  itemprop=\"text\" ><p>L&rsquo;entreprise EBRO ARMATUREN Gebr. Br\u00f6er GmbH, dont le si\u00e8ge est \u00e0 Hagen, est l&rsquo;un des principaux fabricants de vannes industrielles, d&rsquo;entra\u00eenements et de techniques d&rsquo;automatisation dans le monde. Notre r\u00e9seau international de sites de production, filiales de vente et repr\u00e9sentations nous permet de rester toujours proches des clients. Nous nous appuyons sur l&rsquo;excellence de notre comp\u00e9tence de conseil associ\u00e9e \u00e0 des produits de grande qualit\u00e9 pour \u00eatre un partenaire reconnu au niveau international pour la construction de machines et d&rsquo;installations.<\/p>\n<p>\u00c9tant une entreprise familiale ind\u00e9pendante, nous privil\u00e9gions les voies de d\u00e9cision courtes, la responsabilit\u00e9 de chacun, la continuit\u00e9 et les investissements durables dans la recherche et le d\u00e9veloppement. Nous proposons \u00e0 nos clients des solutions sur mesure pour presque tous les cas particuliers. Nous concevons et produisons nous-m\u00eames les entra\u00eenements id\u00e9alement adapt\u00e9s aux vannes. Nous pouvons r\u00e9agir de mani\u00e8re flexible et rapide aux exigences particuli\u00e8res du march\u00e9 et proposer \u00e0 nos clients des solutions de vanne individuelles. A travers le groupe Br\u00f6er, notre programme de produits est compl\u00e9t\u00e9 par les vannes guillotines de qualit\u00e9 de notre soci\u00e9t\u00e9 fille Stafsj\u00f6 Valves AB, l&rsquo;un des principaux fournisseurs dans ce secteur.<\/p>\n<p>Le groupe Br\u00f6er compte plus de 1000 collaboratrices et collaborateurs sur 28 sites dans le monde. Il a r\u00e9alis\u00e9 en 2019 un chiffre d\u2019affaires de 177 millions d\u2019euros.<\/p>\n<\/div><\/section><\/p><\/div>\n","protected":false},"excerpt":{"rendered":"","protected":false},"author":4,"featured_media":0,"parent":1824,"menu_order":10,"comment_status":"closed","ping_status":"closed","template":"","meta":{"_acf_changed":false,"footnotes":""},"class_list":["post-1810","page","type-page","status-publish","hentry"],"acf":[],"_links":{"self":[{"href":"https:\/\/www.ebro-armaturen.com\/fr\/wp-json\/wp\/v2\/pages\/1810"}],"collection":[{"href":"https:\/\/www.ebro-armaturen.com\/fr\/wp-json\/wp\/v2\/pages"}],"about":[{"href":"https:\/\/www.ebro-armaturen.com\/fr\/wp-json\/wp\/v2\/types\/page"}],"author":[{"embeddable":true,"href":"https:\/\/www.ebro-armaturen.com\/fr\/wp-json\/wp\/v2\/users\/4"}],"replies":[{"embeddable":true,"href":"https:\/\/www.ebro-armaturen.com\/fr\/wp-json\/wp\/v2\/comments?post=1810"}],"version-history":[{"count":6,"href":"https:\/\/www.ebro-armaturen.com\/fr\/wp-json\/wp\/v2\/pages\/1810\/revisions"}],"predecessor-version":[{"id":8968,"href":"https:\/\/www.ebro-armaturen.com\/fr\/wp-json\/wp\/v2\/pages\/1810\/revisions\/8968"}],"up":[{"embeddable":true,"href":"https:\/\/www.ebro-armaturen.com\/fr\/wp-json\/wp\/v2\/pages\/1824"}],"wp:attachment":[{"href":"https:\/\/www.ebro-armaturen.com\/fr\/wp-json\/wp\/v2\/media?parent=1810"}],"curies":[{"name":"wp","href":"https:\/\/api.w.org\/{rel}","templated":true}]}}