
{"id":10106,"date":"2019-12-17T13:52:41","date_gmt":"2019-12-17T12:52:41","guid":{"rendered":"https:\/\/www.ebro-armaturen.com\/downloads\/videos\/"},"modified":"2025-06-17T11:05:36","modified_gmt":"2025-06-17T09:05:36","slug":"videos","status":"publish","type":"page","link":"https:\/\/www.ebro-armaturen.com\/es\/service\/videos\/","title":{"rendered":"Videos"},"content":{"rendered":"<div id='full_slider_1'  class='avia-fullwidth-slider main_color avia-shadow   avia-builder-el-0  el_before_av_one_full  avia-builder-el-first   container_wrap sidebar_right'  ><div  class='avia-slideshow av-jy5ka8pt-4795425ccf540f4bf0cec6102b23abe0 avia-slideshow-featured av_slideshow_full avia-slide-slider av-slideshow-ui av-control-minimal av-slideshow-autoplay av-loop-endless av-loop-manual-endless av-default-height-applied   avia-slideshow-1' data-slideshow-options=\"{&quot;animation&quot;:&quot;slide&quot;,&quot;autoplay&quot;:true,&quot;loop_autoplay&quot;:&quot;endless&quot;,&quot;interval&quot;:5,&quot;loop_manual&quot;:&quot;manual-endless&quot;,&quot;autoplay_stopper&quot;:false,&quot;noNavigation&quot;:false,&quot;bg_slider&quot;:false,&quot;keep_padding&quot;:false,&quot;hoverpause&quot;:false,&quot;show_slide_delay&quot;:0}\"  itemprop=\"image\" itemscope=\"itemscope\" itemtype=\"https:\/\/schema.org\/ImageObject\" ><ul class='avia-slideshow-inner ' style='padding-bottom: 25%;'><li  class='avia-slideshow-slide av-jy5ka8pt-4795425ccf540f4bf0cec6102b23abe0__0  av-single-slide slide-1 slide-odd'><div data-rel='slideshow-1' class='avia-slide-wrap '   ><img decoding=\"async\" fetchpriority=\"high\" class=\"wp-image-10094 avia-img-lazy-loading-not-10094\"  src=\"https:\/\/www.ebro-armaturen.com\/wp-content\/uploads\/2019\/10\/Downloads_Startseite_940x235_px.jpg\" width=\"940\" height=\"235\" title='Downloads_Startseite_940x235_px' alt=''  itemprop=\"thumbnailUrl\" srcset=\"https:\/\/www.ebro-armaturen.com\/wp-content\/uploads\/2019\/10\/Downloads_Startseite_940x235_px.jpg 940w, https:\/\/www.ebro-armaturen.com\/wp-content\/uploads\/2019\/10\/Downloads_Startseite_940x235_px-300x75.jpg 300w, https:\/\/www.ebro-armaturen.com\/wp-content\/uploads\/2019\/10\/Downloads_Startseite_940x235_px-768x192.jpg 768w, https:\/\/www.ebro-armaturen.com\/wp-content\/uploads\/2019\/10\/Downloads_Startseite_940x235_px-705x176.jpg 705w, https:\/\/www.ebro-armaturen.com\/wp-content\/uploads\/2019\/10\/Downloads_Startseite_940x235_px-450x113.jpg 450w\" sizes=\"(max-width: 940px) 100vw, 940px\" \/><\/div><\/li><\/ul><\/div><\/div><div id='after_full_slider_1'  class='main_color av_default_container_wrap container_wrap sidebar_right'  ><div class='container av-section-cont-open' ><div class='template-page content  av-content-small alpha units'><div class='post-entry post-entry-type-page post-entry-10106'><div class='entry-content-wrapper clearfix'>\n\n<style type=\"text\/css\" data-created_by=\"avia_inline_auto\" id=\"style-css-av-7ghcc-108c691071fdd4a0066b6404abdda38e\">\n.flex_column.av-7ghcc-108c691071fdd4a0066b6404abdda38e{\nborder-radius:0px 0px 0px 0px;\npadding:0px 0px 0px 0px;\n}\n<\/style>\n<div  class='flex_column av-7ghcc-108c691071fdd4a0066b6404abdda38e av_one_full  avia-builder-el-1  el_after_av_slideshow_full  el_before_av_one_full  avia-builder-el-first  first flex_column_div av-zero-column-padding  '     ><p>\n<style type=\"text\/css\" data-created_by=\"avia_inline_auto\" id=\"style-css-av-kqay2sus-936320ad444d6ceb98cf181aff21b303\">\n#top .av-special-heading.av-kqay2sus-936320ad444d6ceb98cf181aff21b303{\npadding-bottom:25px;\n}\nbody .av-special-heading.av-kqay2sus-936320ad444d6ceb98cf181aff21b303 .av-special-heading-tag .heading-char{\nfont-size:25px;\n}\n.av-special-heading.av-kqay2sus-936320ad444d6ceb98cf181aff21b303 .av-subheading{\nfont-size:15px;\n}\n<\/style>\n<div  class='av-special-heading av-kqay2sus-936320ad444d6ceb98cf181aff21b303 av-special-heading-h1 blockquote modern-quote  avia-builder-el-2  el_before_av_video  avia-builder-el-first  av-linked-heading'><h1 class='av-special-heading-tag '  itemprop=\"headline\"  >Calidad en los detalles<\/h1><div class=\"special-heading-border\"><div class=\"special-heading-inner-border\"><\/div><\/div><\/div><br \/>\n<div class='avia-video avia-video-16-9   av-lazyload-immediate  av-lazyload-video-embed  '   itemprop=\"video\" itemtype=\"https:\/\/schema.org\/VideoObject\"  data-original_url='https:\/\/youtu.be\/XB7KRUlVh9g' ><script type='text\/html' class='av-video-tmpl'><div class='avia-iframe-wrap'><iframe loading=\"lazy\" title=\"EBRO: Quality in Detail [EN]\" width=\"1500\" height=\"844\" src=\"https:\/\/www.youtube.com\/embed\/XB7KRUlVh9g?feature=oembed\" frameborder=\"0\" allow=\"accelerometer; autoplay; clipboard-write; encrypted-media; gyroscope; picture-in-picture; web-share\" referrerpolicy=\"strict-origin-when-cross-origin\" allowfullscreen><\/iframe><\/div><\/script><div class='av-click-to-play-overlay'><div class=\"avia_playpause_icon\"><\/div><\/div><\/div><\/p><\/div>\n\n<style type=\"text\/css\" data-created_by=\"avia_inline_auto\" id=\"style-css-av-7ghcc-108c691071fdd4a0066b6404abdda38e\">\n.flex_column.av-7ghcc-108c691071fdd4a0066b6404abdda38e{\nborder-radius:0px 0px 0px 0px;\npadding:0px 0px 0px 0px;\n}\n<\/style>\n<div  class='flex_column av-7ghcc-108c691071fdd4a0066b6404abdda38e av_one_full  avia-builder-el-4  el_after_av_one_full  el_before_av_one_full  first flex_column_div av-zero-column-padding  column-top-margin'     ><p>\n<style type=\"text\/css\" data-created_by=\"avia_inline_auto\" id=\"style-css-av-kqay2z3e-a73d1ca1ae6ab295a49feb7dbc48ba7b\">\n#top .av-special-heading.av-kqay2z3e-a73d1ca1ae6ab295a49feb7dbc48ba7b{\npadding-bottom:25px;\n}\nbody .av-special-heading.av-kqay2z3e-a73d1ca1ae6ab295a49feb7dbc48ba7b .av-special-heading-tag .heading-char{\nfont-size:25px;\n}\n.av-special-heading.av-kqay2z3e-a73d1ca1ae6ab295a49feb7dbc48ba7b .av-subheading{\nfont-size:15px;\n}\n<\/style>\n<div  class='av-special-heading av-kqay2z3e-a73d1ca1ae6ab295a49feb7dbc48ba7b av-special-heading-h1 blockquote modern-quote  avia-builder-el-5  el_before_av_video  avia-builder-el-first  av-linked-heading'><h1 class='av-special-heading-tag '  itemprop=\"headline\"  >Modo de funcionamiento de una esclusa sincronizada EBRO<\/h1><div class=\"special-heading-border\"><div class=\"special-heading-inner-border\"><\/div><\/div><\/div><br \/>\n<div class='avia-video avia-video-16-9   av-lazyload-immediate  av-lazyload-video-embed  '   itemprop=\"video\" itemtype=\"https:\/\/schema.org\/VideoObject\"  data-original_url='https:\/\/youtu.be\/NEieN04SXTQ' ><script type='text\/html' class='av-video-tmpl'><div class='avia-iframe-wrap'><iframe loading=\"lazy\" title=\"EBRO TS: Operating Mode of the EBRO Cycle Lock System [EN]\" width=\"1500\" height=\"844\" src=\"https:\/\/www.youtube.com\/embed\/NEieN04SXTQ?feature=oembed\" frameborder=\"0\" allow=\"accelerometer; autoplay; clipboard-write; encrypted-media; gyroscope; picture-in-picture; web-share\" referrerpolicy=\"strict-origin-when-cross-origin\" allowfullscreen><\/iframe><\/div><\/script><div class='av-click-to-play-overlay'><div class=\"avia_playpause_icon\"><\/div><\/div><\/div><\/p><\/div>\n\n<style type=\"text\/css\" data-created_by=\"avia_inline_auto\" id=\"style-css-av-7ghcc-108c691071fdd4a0066b6404abdda38e\">\n.flex_column.av-7ghcc-108c691071fdd4a0066b6404abdda38e{\nborder-radius:0px 0px 0px 0px;\npadding:0px 0px 0px 0px;\n}\n<\/style>\n<div  class='flex_column av-7ghcc-108c691071fdd4a0066b6404abdda38e av_one_full  avia-builder-el-7  el_after_av_one_full  el_before_av_one_full  first flex_column_div av-zero-column-padding  column-top-margin'     ><p>\n<style type=\"text\/css\" data-created_by=\"avia_inline_auto\" id=\"style-css-av-kqay3w2d-a56a40f40f5755d69a9c46468b943530\">\n#top .av-special-heading.av-kqay3w2d-a56a40f40f5755d69a9c46468b943530{\npadding-bottom:25px;\n}\nbody .av-special-heading.av-kqay3w2d-a56a40f40f5755d69a9c46468b943530 .av-special-heading-tag .heading-char{\nfont-size:25px;\n}\n.av-special-heading.av-kqay3w2d-a56a40f40f5755d69a9c46468b943530 .av-subheading{\nfont-size:15px;\n}\n<\/style>\n<div  class='av-special-heading av-kqay3w2d-a56a40f40f5755d69a9c46468b943530 av-special-heading-h1 blockquote modern-quote  avia-builder-el-8  el_before_av_video  avia-builder-el-first  av-linked-heading'><h1 class='av-special-heading-tag '  itemprop=\"headline\"  >Sustituci\u00f3n del asiento y el juego de juntas<\/h1><div class=\"special-heading-border\"><div class=\"special-heading-inner-border\"><\/div><\/div><\/div><br \/>\n<div class='avia-video avia-video-16-9   av-lazyload-immediate  av-lazyload-video-embed  '   itemprop=\"video\" itemtype=\"https:\/\/schema.org\/VideoObject\"  data-original_url='https:\/\/youtu.be\/1ORb3sh8hJY?si=lZc45zEuokoiA8_0' ><script type='text\/html' class='av-video-tmpl'><div class='avia-iframe-wrap'><iframe loading=\"lazy\" title=\"[How-To] EBRO Z-Series: Replacement of spare parts [EN]\" width=\"1500\" height=\"844\" src=\"https:\/\/www.youtube.com\/embed\/1ORb3sh8hJY?feature=oembed\" frameborder=\"0\" allow=\"accelerometer; autoplay; clipboard-write; encrypted-media; gyroscope; picture-in-picture; web-share\" referrerpolicy=\"strict-origin-when-cross-origin\" allowfullscreen><\/iframe><\/div><\/script><div class='av-click-to-play-overlay'><div class=\"avia_playpause_icon\"><\/div><\/div><\/div><\/p><\/div>\n<style type=\"text\/css\" data-created_by=\"avia_inline_auto\" id=\"style-css-av-7ghcc-108c691071fdd4a0066b6404abdda38e\">\n.flex_column.av-7ghcc-108c691071fdd4a0066b6404abdda38e{\nborder-radius:0px 0px 0px 0px;\npadding:0px 0px 0px 0px;\n}\n<\/style>\n<div  class='flex_column av-7ghcc-108c691071fdd4a0066b6404abdda38e av_one_full  avia-builder-el-10  el_after_av_one_full  el_before_av_one_full  first flex_column_div av-zero-column-padding  column-top-margin'     ><p>\n<style type=\"text\/css\" data-created_by=\"avia_inline_auto\" id=\"style-css-av-kqay43o4-4aea223d3a30c62a9910166a17e4247c\">\n#top .av-special-heading.av-kqay43o4-4aea223d3a30c62a9910166a17e4247c{\npadding-bottom:25px;\n}\nbody .av-special-heading.av-kqay43o4-4aea223d3a30c62a9910166a17e4247c .av-special-heading-tag .heading-char{\nfont-size:25px;\n}\n.av-special-heading.av-kqay43o4-4aea223d3a30c62a9910166a17e4247c .av-subheading{\nfont-size:15px;\n}\n<\/style>\n<div  class='av-special-heading av-kqay43o4-4aea223d3a30c62a9910166a17e4247c av-special-heading-h1 blockquote modern-quote  avia-builder-el-11  el_before_av_video  avia-builder-el-first  av-linked-heading'><h1 class='av-special-heading-tag '  itemprop=\"headline\"  >Sustituci\u00f3n de los elementos de sellado en el actuador de giro neum\u00e1tico EB-SYD<\/h1><div class=\"special-heading-border\"><div class=\"special-heading-inner-border\"><\/div><\/div><\/div><br \/>\n<div class='avia-video avia-video-16-9   av-lazyload-immediate  av-lazyload-video-embed  '   itemprop=\"video\" itemtype=\"https:\/\/schema.org\/VideoObject\"  data-original_url='https:\/\/youtu.be\/z_lp--jf_qA' ><script type='text\/html' class='av-video-tmpl'><div class='avia-iframe-wrap'><iframe loading=\"lazy\" title=\"Replacement of the sealing elements on the pneumatic actuator EB-SYD\" width=\"1500\" height=\"844\" src=\"https:\/\/www.youtube.com\/embed\/z_lp--jf_qA?feature=oembed\" frameborder=\"0\" allow=\"accelerometer; autoplay; clipboard-write; encrypted-media; gyroscope; picture-in-picture; web-share\" referrerpolicy=\"strict-origin-when-cross-origin\" allowfullscreen><\/iframe><\/div><\/script><div class='av-click-to-play-overlay'><div class=\"avia_playpause_icon\"><\/div><\/div><\/div><\/p><\/div><\/p>\n\n<style type=\"text\/css\" data-created_by=\"avia_inline_auto\" id=\"style-css-av-7ghcc-108c691071fdd4a0066b6404abdda38e\">\n.flex_column.av-7ghcc-108c691071fdd4a0066b6404abdda38e{\nborder-radius:0px 0px 0px 0px;\npadding:0px 0px 0px 0px;\n}\n<\/style>\n<div  class='flex_column av-7ghcc-108c691071fdd4a0066b6404abdda38e av_one_full  avia-builder-el-13  el_after_av_one_full  el_before_av_one_full  first flex_column_div av-zero-column-padding  column-top-margin'     ><p>\n<style type=\"text\/css\" data-created_by=\"avia_inline_auto\" id=\"style-css-av-kqay5syy-423d117df7599235f3ffe15b40b76bc4\">\n#top .av-special-heading.av-kqay5syy-423d117df7599235f3ffe15b40b76bc4{\npadding-bottom:25px;\n}\nbody .av-special-heading.av-kqay5syy-423d117df7599235f3ffe15b40b76bc4 .av-special-heading-tag .heading-char{\nfont-size:25px;\n}\n.av-special-heading.av-kqay5syy-423d117df7599235f3ffe15b40b76bc4 .av-subheading{\nfont-size:15px;\n}\n<\/style>\n<div  class='av-special-heading av-kqay5syy-423d117df7599235f3ffe15b40b76bc4 av-special-heading-h1 blockquote modern-quote  avia-builder-el-14  el_before_av_video  avia-builder-el-first  av-linked-heading'><h1 class='av-special-heading-tag '  itemprop=\"headline\"  >Modificaci\u00f3n del tiempo de cierre mediante una unidad de estrangulaci\u00f3n en el actuador de doble efecto EB-SYD<\/h1><div class=\"special-heading-border\"><div class=\"special-heading-inner-border\"><\/div><\/div><\/div><br \/>\n<div class='avia-video avia-video-16-9   av-lazyload-immediate  av-lazyload-video-embed  '   itemprop=\"video\" itemtype=\"https:\/\/schema.org\/VideoObject\"  data-original_url='https:\/\/youtu.be\/SeW2nshqunU' ><script type='text\/html' class='av-video-tmpl'><div class='avia-iframe-wrap'><iframe loading=\"lazy\" title=\"EBRO EB-SYD: Modification of operating times via speed control unit at double-acting actuator [EN]\" width=\"1500\" height=\"844\" src=\"https:\/\/www.youtube.com\/embed\/SeW2nshqunU?feature=oembed\" frameborder=\"0\" allow=\"accelerometer; autoplay; clipboard-write; encrypted-media; gyroscope; picture-in-picture; web-share\" referrerpolicy=\"strict-origin-when-cross-origin\" allowfullscreen><\/iframe><\/div><\/script><div class='av-click-to-play-overlay'><div class=\"avia_playpause_icon\"><\/div><\/div><\/div><\/p><\/div>\n\n<style type=\"text\/css\" data-created_by=\"avia_inline_auto\" id=\"style-css-av-7ghcc-108c691071fdd4a0066b6404abdda38e\">\n.flex_column.av-7ghcc-108c691071fdd4a0066b6404abdda38e{\nborder-radius:0px 0px 0px 0px;\npadding:0px 0px 0px 0px;\n}\n<\/style>\n<div  class='flex_column av-7ghcc-108c691071fdd4a0066b6404abdda38e av_one_full  avia-builder-el-16  el_after_av_one_full  el_before_av_one_full  first flex_column_div av-zero-column-padding  column-top-margin'     ><p>\n<style type=\"text\/css\" data-created_by=\"avia_inline_auto\" id=\"style-css-av-kqay5iyc-99ff44688eeab6de02874ee5e5cd7b4c\">\n#top .av-special-heading.av-kqay5iyc-99ff44688eeab6de02874ee5e5cd7b4c{\npadding-bottom:25px;\n}\nbody .av-special-heading.av-kqay5iyc-99ff44688eeab6de02874ee5e5cd7b4c .av-special-heading-tag .heading-char{\nfont-size:25px;\n}\n.av-special-heading.av-kqay5iyc-99ff44688eeab6de02874ee5e5cd7b4c .av-subheading{\nfont-size:15px;\n}\n<\/style>\n<div  class='av-special-heading av-kqay5iyc-99ff44688eeab6de02874ee5e5cd7b4c av-special-heading-h1 blockquote modern-quote  avia-builder-el-17  el_before_av_video  avia-builder-el-first  av-linked-heading'><h1 class='av-special-heading-tag '  itemprop=\"headline\"  >Prolongaci\u00f3n del tiempo de cierre mediante una unidad de estrangulaci\u00f3n en el actuador de giro EB con efecto resorte<\/h1><div class=\"special-heading-border\"><div class=\"special-heading-inner-border\"><\/div><\/div><\/div><br \/>\n<div class='avia-video avia-video-16-9   av-lazyload-immediate  av-lazyload-video-embed  '   itemprop=\"video\" itemtype=\"https:\/\/schema.org\/VideoObject\"  data-original_url='https:\/\/youtu.be\/pehSUq7EPIA' ><script type='text\/html' class='av-video-tmpl'><div class='avia-iframe-wrap'><iframe loading=\"lazy\" title=\"Extended operating time by the use of a throttle unit on the double acting EB actuator\" width=\"1500\" height=\"844\" src=\"https:\/\/www.youtube.com\/embed\/pehSUq7EPIA?feature=oembed\" frameborder=\"0\" allow=\"accelerometer; autoplay; clipboard-write; encrypted-media; gyroscope; picture-in-picture; web-share\" referrerpolicy=\"strict-origin-when-cross-origin\" allowfullscreen><\/iframe><\/div><\/script><div class='av-click-to-play-overlay'><div class=\"avia_playpause_icon\"><\/div><\/div><\/div><\/p><\/div>\n\n<style type=\"text\/css\" data-created_by=\"avia_inline_auto\" id=\"style-css-av-7ghcc-108c691071fdd4a0066b6404abdda38e\">\n.flex_column.av-7ghcc-108c691071fdd4a0066b6404abdda38e{\nborder-radius:0px 0px 0px 0px;\npadding:0px 0px 0px 0px;\n}\n<\/style>\n<div  class='flex_column av-7ghcc-108c691071fdd4a0066b6404abdda38e av_one_full  avia-builder-el-19  el_after_av_one_full  el_before_av_one_full  first flex_column_div av-zero-column-padding  column-top-margin'     ><p>\n<style type=\"text\/css\" data-created_by=\"avia_inline_auto\" id=\"style-css-av-kqay5871-2408d1b5b5617086b761aa952063b9b9\">\n#top .av-special-heading.av-kqay5871-2408d1b5b5617086b761aa952063b9b9{\npadding-bottom:25px;\n}\nbody .av-special-heading.av-kqay5871-2408d1b5b5617086b761aa952063b9b9 .av-special-heading-tag .heading-char{\nfont-size:25px;\n}\n.av-special-heading.av-kqay5871-2408d1b5b5617086b761aa952063b9b9 .av-subheading{\nfont-size:15px;\n}\n<\/style>\n<div  class='av-special-heading av-kqay5871-2408d1b5b5617086b761aa952063b9b9 av-special-heading-h1 blockquote modern-quote  avia-builder-el-20  el_before_av_video  avia-builder-el-first  av-linked-heading'><h1 class='av-special-heading-tag '  itemprop=\"headline\"  >Ajuste de los limitadores mec\u00e1nicos en la caja finales de carrera SBU<\/h1><div class=\"special-heading-border\"><div class=\"special-heading-inner-border\"><\/div><\/div><\/div><br \/>\n<div class='avia-video avia-video-16-9   av-lazyload-immediate  av-lazyload-video-embed  '   itemprop=\"video\" itemtype=\"https:\/\/schema.org\/VideoObject\"  data-original_url='https:\/\/youtu.be\/py1ZJqv-uXo' ><script type='text\/html' class='av-video-tmpl'><div class='avia-iframe-wrap'><iframe loading=\"lazy\" title=\"Adjustment of the mechanical limit switches in SBU\" width=\"1500\" height=\"844\" src=\"https:\/\/www.youtube.com\/embed\/py1ZJqv-uXo?feature=oembed\" frameborder=\"0\" allow=\"accelerometer; autoplay; clipboard-write; encrypted-media; gyroscope; picture-in-picture; web-share\" referrerpolicy=\"strict-origin-when-cross-origin\" allowfullscreen><\/iframe><\/div><\/script><div class='av-click-to-play-overlay'><div class=\"avia_playpause_icon\"><\/div><\/div><\/div><\/p><\/div>\n\n<style type=\"text\/css\" data-created_by=\"avia_inline_auto\" id=\"style-css-av-7ghcc-108c691071fdd4a0066b6404abdda38e\">\n.flex_column.av-7ghcc-108c691071fdd4a0066b6404abdda38e{\nborder-radius:0px 0px 0px 0px;\npadding:0px 0px 0px 0px;\n}\n<\/style>\n<div  class='flex_column av-7ghcc-108c691071fdd4a0066b6404abdda38e av_one_full  avia-builder-el-22  el_after_av_one_full  el_before_av_one_full  first flex_column_div av-zero-column-padding  column-top-margin'     ><p>\n<style type=\"text\/css\" data-created_by=\"avia_inline_auto\" id=\"style-css-av-kqay52vq-69429fc1cd62e09d4dc8a06ef75ba9a7\">\n#top .av-special-heading.av-kqay52vq-69429fc1cd62e09d4dc8a06ef75ba9a7{\npadding-bottom:25px;\n}\nbody .av-special-heading.av-kqay52vq-69429fc1cd62e09d4dc8a06ef75ba9a7 .av-special-heading-tag .heading-char{\nfont-size:25px;\n}\n.av-special-heading.av-kqay52vq-69429fc1cd62e09d4dc8a06ef75ba9a7 .av-subheading{\nfont-size:15px;\n}\n<\/style>\n<div  class='av-special-heading av-kqay52vq-69429fc1cd62e09d4dc8a06ef75ba9a7 av-special-heading-h1 blockquote modern-quote  avia-builder-el-23  el_before_av_video  avia-builder-el-first  av-linked-heading'><h1 class='av-special-heading-tag '  itemprop=\"headline\"  >Sustituci\u00f3n de los conjuntos de muelles para la adaptaci\u00f3n a la presi\u00f3n laboral<\/h1><div class=\"special-heading-border\"><div class=\"special-heading-inner-border\"><\/div><\/div><\/div><br \/>\n<div class='avia-video avia-video-16-9   av-lazyload-immediate  av-lazyload-video-embed  '   itemprop=\"video\" itemtype=\"https:\/\/schema.org\/VideoObject\"  data-original_url='https:\/\/youtu.be\/ROprY0G6vvQ' ><script type='text\/html' class='av-video-tmpl'><div class='avia-iframe-wrap'><iframe loading=\"lazy\" title=\"Replacement of the spring units for lower working pressure\" width=\"1500\" height=\"844\" src=\"https:\/\/www.youtube.com\/embed\/ROprY0G6vvQ?feature=oembed\" frameborder=\"0\" allow=\"accelerometer; autoplay; clipboard-write; encrypted-media; gyroscope; picture-in-picture; web-share\" referrerpolicy=\"strict-origin-when-cross-origin\" allowfullscreen><\/iframe><\/div><\/script><div class='av-click-to-play-overlay'><div class=\"avia_playpause_icon\"><\/div><\/div><\/div><\/p><\/div>\n\n<style type=\"text\/css\" data-created_by=\"avia_inline_auto\" id=\"style-css-av-7ghcc-108c691071fdd4a0066b6404abdda38e\">\n.flex_column.av-7ghcc-108c691071fdd4a0066b6404abdda38e{\nborder-radius:0px 0px 0px 0px;\npadding:0px 0px 0px 0px;\n}\n<\/style>\n<div  class='flex_column av-7ghcc-108c691071fdd4a0066b6404abdda38e av_one_full  avia-builder-el-25  el_after_av_one_full  avia-builder-el-last  first flex_column_div av-zero-column-padding  column-top-margin'     ><p>\n<style type=\"text\/css\" data-created_by=\"avia_inline_auto\" id=\"style-css-av-kqay4nvl-9b8f2e8d318b5cdb7e562ca5cfa9584d\">\n#top .av-special-heading.av-kqay4nvl-9b8f2e8d318b5cdb7e562ca5cfa9584d{\npadding-bottom:25px;\n}\nbody .av-special-heading.av-kqay4nvl-9b8f2e8d318b5cdb7e562ca5cfa9584d .av-special-heading-tag .heading-char{\nfont-size:25px;\n}\n.av-special-heading.av-kqay4nvl-9b8f2e8d318b5cdb7e562ca5cfa9584d .av-subheading{\nfont-size:15px;\n}\n<\/style>\n<div  class='av-special-heading av-kqay4nvl-9b8f2e8d318b5cdb7e562ca5cfa9584d av-special-heading-h1 blockquote modern-quote  avia-builder-el-26  el_before_av_video  avia-builder-el-first  av-linked-heading'><h1 class='av-special-heading-tag '  itemprop=\"headline\"  >Inflas Desgaste reducido gracias a asiento inflable<\/h1><div class=\"special-heading-border\"><div class=\"special-heading-inner-border\"><\/div><\/div><\/div><br \/>\n<div class='avia-video avia-video-16-9   av-lazyload-immediate  av-lazyload-video-embed  '   itemprop=\"video\" itemtype=\"https:\/\/schema.org\/VideoObject\"  data-original_url='https:\/\/youtu.be\/1UhJOMnkPqo' ><script type='text\/html' class='av-video-tmpl'><div class='avia-iframe-wrap'><iframe loading=\"lazy\" title=\"EBRO INFLAS\u00ae: Low wear by inflatable liner [EN]\" width=\"1500\" height=\"844\" src=\"https:\/\/www.youtube.com\/embed\/1UhJOMnkPqo?feature=oembed\" frameborder=\"0\" allow=\"accelerometer; autoplay; clipboard-write; encrypted-media; gyroscope; picture-in-picture; web-share\" referrerpolicy=\"strict-origin-when-cross-origin\" allowfullscreen><\/iframe><\/div><\/script><div class='av-click-to-play-overlay'><div class=\"avia_playpause_icon\"><\/div><\/div><\/div><\/p><\/div>\n","protected":false},"excerpt":{"rendered":"","protected":false},"author":2,"featured_media":0,"parent":10093,"menu_order":3,"comment_status":"closed","ping_status":"closed","template":"","meta":{"_acf_changed":false,"footnotes":""},"class_list":["post-10106","page","type-page","status-publish","hentry"],"acf":[],"_links":{"self":[{"href":"https:\/\/www.ebro-armaturen.com\/es\/wp-json\/wp\/v2\/pages\/10106"}],"collection":[{"href":"https:\/\/www.ebro-armaturen.com\/es\/wp-json\/wp\/v2\/pages"}],"about":[{"href":"https:\/\/www.ebro-armaturen.com\/es\/wp-json\/wp\/v2\/types\/page"}],"author":[{"embeddable":true,"href":"https:\/\/www.ebro-armaturen.com\/es\/wp-json\/wp\/v2\/users\/2"}],"replies":[{"embeddable":true,"href":"https:\/\/www.ebro-armaturen.com\/es\/wp-json\/wp\/v2\/comments?post=10106"}],"version-history":[{"count":5,"href":"https:\/\/www.ebro-armaturen.com\/es\/wp-json\/wp\/v2\/pages\/10106\/revisions"}],"predecessor-version":[{"id":23587,"href":"https:\/\/www.ebro-armaturen.com\/es\/wp-json\/wp\/v2\/pages\/10106\/revisions\/23587"}],"up":[{"embeddable":true,"href":"https:\/\/www.ebro-armaturen.com\/es\/wp-json\/wp\/v2\/pages\/10093"}],"wp:attachment":[{"href":"https:\/\/www.ebro-armaturen.com\/es\/wp-json\/wp\/v2\/media?parent=10106"}],"curies":[{"name":"wp","href":"https:\/\/api.w.org\/{rel}","templated":true}]}}