
{"id":10031,"date":"2019-10-21T12:48:24","date_gmt":"2019-10-21T10:48:24","guid":{"rendered":"https:\/\/www.ebro-armaturen.com\/home\/"},"modified":"2021-12-14T09:36:35","modified_gmt":"2021-12-14T08:36:35","slug":"home","status":"publish","type":"page","link":"https:\/\/www.ebro-armaturen.com\/es\/","title":{"rendered":"Home"},"content":{"rendered":"<div id='full_slider_1'  class='avia-fullwidth-slider main_color avia-shadow   avia-builder-el-0  el_before_av_one_third  avia-builder-el-first   container_wrap sidebar_right'  >\n<style type=\"text\/css\" data-created_by=\"avia_inline_auto\" id=\"style-css-av-jy5ka8pt-0851865ad8db5464500a4a1660353846\">\n#top #wrap_all .avia-slideshow .av-slideshow-caption.av-jy5ka8pt-0851865ad8db5464500a4a1660353846__0 .avia-caption-title{\nfont-size:50px;\n}\n#top #wrap_all .avia-slideshow .av-slideshow-caption.av-jy5ka8pt-0851865ad8db5464500a4a1660353846__1 .avia-caption-title{\nfont-size:50px;\n}\n#top #wrap_all .avia-slideshow .av-slideshow-caption.av-jy5ka8pt-0851865ad8db5464500a4a1660353846__2 .avia-caption-title{\nfont-size:50px;\n}\n#top #wrap_all .avia-slideshow .av-slideshow-caption.av-jy5ka8pt-0851865ad8db5464500a4a1660353846__3 .avia-caption-title{\nfont-size:50px;\n}\n#top #wrap_all .avia-slideshow .av-slideshow-caption.av-jy5ka8pt-0851865ad8db5464500a4a1660353846__4 .avia-caption-title{\nfont-size:50px;\n}\n#top #wrap_all .avia-slideshow .av-slideshow-caption.av-jy5ka8pt-0851865ad8db5464500a4a1660353846__5 .avia-caption-title{\nfont-size:50px;\n}\n#top #wrap_all .avia-slideshow .av-slideshow-caption.av-jy5ka8pt-0851865ad8db5464500a4a1660353846__6 .avia-caption-title{\nfont-size:50px;\n}\n#top #wrap_all .avia-slideshow .av-slideshow-caption.av-jy5ka8pt-0851865ad8db5464500a4a1660353846__7 .avia-caption-title{\nfont-size:50px;\n}\n#top #wrap_all .avia-slideshow .av-slideshow-caption.av-jy5ka8pt-0851865ad8db5464500a4a1660353846__8 .avia-caption-title{\nfont-size:50px;\n}\n#top #wrap_all .avia-slideshow .av-slideshow-caption.av-jy5ka8pt-0851865ad8db5464500a4a1660353846__9 .avia-caption-title{\nfont-size:50px;\n}\n<\/style>\n<div  class='avia-slideshow av-jy5ka8pt-0851865ad8db5464500a4a1660353846 avia-slideshow-featured av_slideshow_full avia-slide-slider av-slideshow-ui av-control-minimal av-slideshow-autoplay av-loop-endless av-loop-manual-endless av-default-height-applied   avia-slideshow-1' data-slideshow-options=\"{&quot;animation&quot;:&quot;slide&quot;,&quot;autoplay&quot;:true,&quot;loop_autoplay&quot;:&quot;endless&quot;,&quot;interval&quot;:5,&quot;loop_manual&quot;:&quot;manual-endless&quot;,&quot;autoplay_stopper&quot;:false,&quot;noNavigation&quot;:false,&quot;bg_slider&quot;:false,&quot;transitionSpeed&quot;:3300,&quot;keep_padding&quot;:false,&quot;hoverpause&quot;:false,&quot;show_slide_delay&quot;:0}\"  itemprop=\"image\" itemscope=\"itemscope\" itemtype=\"https:\/\/schema.org\/ImageObject\" ><ul class='avia-slideshow-inner ' style='padding-bottom: 25%;'><li  class='avia-slideshow-slide av-jy5ka8pt-0851865ad8db5464500a4a1660353846__1  slide-1 slide-odd'><div data-rel='slideshow-1' class='avia-slide-wrap '   ><div class='av-slideshow-caption av-jy5ka8pt-0851865ad8db5464500a4a1660353846__1 caption_fullwidth caption_center caption_center_framed caption_framed'><div class=\"container caption_container\"><div class=\"slideshow_caption\"><div class=\"slideshow_inner_caption\"><div class=\"slideshow_align_caption\"><h2 class='avia-caption-title '  itemprop=\"name\" >Hecho para su aplicaci\u00f3n<\/h2><\/div><\/div><\/div><\/div><\/div><img decoding=\"async\" fetchpriority=\"high\" class=\"wp-image-10045 avia-img-lazy-loading-not-10045\"  src=\"https:\/\/www.ebro-armaturen.com\/wp-content\/uploads\/2019\/10\/Farbe_Slider_940x235_px-1500x375.jpg\" width=\"1500\" height=\"375\" title='Farbe_Slider_940x235_px' alt=''  itemprop=\"thumbnailUrl\" srcset=\"https:\/\/www.ebro-armaturen.com\/wp-content\/uploads\/2019\/10\/Farbe_Slider_940x235_px.jpg 1500w, https:\/\/www.ebro-armaturen.com\/wp-content\/uploads\/2019\/10\/Farbe_Slider_940x235_px-300x75.jpg 300w, https:\/\/www.ebro-armaturen.com\/wp-content\/uploads\/2019\/10\/Farbe_Slider_940x235_px-768x192.jpg 768w, https:\/\/www.ebro-armaturen.com\/wp-content\/uploads\/2019\/10\/Farbe_Slider_940x235_px-1030x258.jpg 1030w, https:\/\/www.ebro-armaturen.com\/wp-content\/uploads\/2019\/10\/Farbe_Slider_940x235_px-705x176.jpg 705w, https:\/\/www.ebro-armaturen.com\/wp-content\/uploads\/2019\/10\/Farbe_Slider_940x235_px-450x113.jpg 450w\" sizes=\"(max-width: 1500px) 100vw, 1500px\" \/><\/div><\/li><li  class='avia-slideshow-slide av-jy5ka8pt-0851865ad8db5464500a4a1660353846__3  slide-2 slide-even'><div data-rel='slideshow-1' class='avia-slide-wrap '   ><div class='av-slideshow-caption av-jy5ka8pt-0851865ad8db5464500a4a1660353846__3 caption_fullwidth caption_center caption_center_framed caption_framed'><div class=\"container caption_container\"><div class=\"slideshow_caption\"><div class=\"slideshow_inner_caption\"><div class=\"slideshow_align_caption\"><h2 class='avia-caption-title '  itemprop=\"name\" >Hecho para su aplicaci\u00f3n<\/h2><\/div><\/div><\/div><\/div><\/div><img decoding=\"async\" fetchpriority=\"high\" class=\"wp-image-10046 avia-img-lazy-loading-not-10046\"  src=\"https:\/\/www.ebro-armaturen.com\/wp-content\/uploads\/2019\/10\/Papier_940x235_px-1-1500x375.jpg\" width=\"1500\" height=\"375\" title='roll paper' alt=''  itemprop=\"thumbnailUrl\" srcset=\"https:\/\/www.ebro-armaturen.com\/wp-content\/uploads\/2019\/10\/Papier_940x235_px-1.jpg 1500w, https:\/\/www.ebro-armaturen.com\/wp-content\/uploads\/2019\/10\/Papier_940x235_px-1-300x75.jpg 300w, https:\/\/www.ebro-armaturen.com\/wp-content\/uploads\/2019\/10\/Papier_940x235_px-1-768x192.jpg 768w, https:\/\/www.ebro-armaturen.com\/wp-content\/uploads\/2019\/10\/Papier_940x235_px-1-1030x258.jpg 1030w, https:\/\/www.ebro-armaturen.com\/wp-content\/uploads\/2019\/10\/Papier_940x235_px-1-705x176.jpg 705w, https:\/\/www.ebro-armaturen.com\/wp-content\/uploads\/2019\/10\/Papier_940x235_px-1-450x113.jpg 450w\" sizes=\"(max-width: 1500px) 100vw, 1500px\" \/><\/div><\/li><li  class='avia-slideshow-slide av-jy5ka8pt-0851865ad8db5464500a4a1660353846__5  slide-3 slide-odd'><div data-rel='slideshow-1' class='avia-slide-wrap '   ><div class='av-slideshow-caption av-jy5ka8pt-0851865ad8db5464500a4a1660353846__5 caption_fullwidth caption_center caption_center_framed caption_framed'><div class=\"container caption_container\"><div class=\"slideshow_caption\"><div class=\"slideshow_inner_caption\"><div class=\"slideshow_align_caption\"><h2 class='avia-caption-title '  itemprop=\"name\" >Hecho para su aplicaci\u00f3n<\/h2><\/div><\/div><\/div><\/div><\/div><img decoding=\"async\" fetchpriority=\"high\" class=\"wp-image-10047 avia-img-lazy-loading-not-10047\"  src=\"https:\/\/www.ebro-armaturen.com\/wp-content\/uploads\/2019\/10\/Bier_940x235_px-1.jpg\" width=\"940\" height=\"235\" title='Bier im Glas' alt=''  itemprop=\"thumbnailUrl\" srcset=\"https:\/\/www.ebro-armaturen.com\/wp-content\/uploads\/2019\/10\/Bier_940x235_px-1.jpg 940w, https:\/\/www.ebro-armaturen.com\/wp-content\/uploads\/2019\/10\/Bier_940x235_px-1-300x75.jpg 300w, https:\/\/www.ebro-armaturen.com\/wp-content\/uploads\/2019\/10\/Bier_940x235_px-1-768x192.jpg 768w, https:\/\/www.ebro-armaturen.com\/wp-content\/uploads\/2019\/10\/Bier_940x235_px-1-705x176.jpg 705w, https:\/\/www.ebro-armaturen.com\/wp-content\/uploads\/2019\/10\/Bier_940x235_px-1-450x113.jpg 450w\" sizes=\"(max-width: 940px) 100vw, 940px\" \/><\/div><\/li><li  class='avia-slideshow-slide av-jy5ka8pt-0851865ad8db5464500a4a1660353846__7  slide-4 slide-even'><div data-rel='slideshow-1' class='avia-slide-wrap '   ><div class='av-slideshow-caption av-jy5ka8pt-0851865ad8db5464500a4a1660353846__7 caption_fullwidth caption_center caption_center_framed caption_framed'><div class=\"container caption_container\"><div class=\"slideshow_caption\"><div class=\"slideshow_inner_caption\"><div class=\"slideshow_align_caption\"><h2 class='avia-caption-title '  itemprop=\"name\" >Hecho para su aplicaci\u00f3n<\/h2><\/div><\/div><\/div><\/div><\/div><img decoding=\"async\" fetchpriority=\"high\" class=\"wp-image-10048 avia-img-lazy-loading-not-10048\"  src=\"https:\/\/www.ebro-armaturen.com\/wp-content\/uploads\/2019\/10\/Schuettgueter_940x235_px-1-1500x375.jpg\" width=\"1500\" height=\"375\" title='gray gravel' alt=''  itemprop=\"thumbnailUrl\" srcset=\"https:\/\/www.ebro-armaturen.com\/wp-content\/uploads\/2019\/10\/Schuettgueter_940x235_px-1.jpg 1500w, https:\/\/www.ebro-armaturen.com\/wp-content\/uploads\/2019\/10\/Schuettgueter_940x235_px-1-300x75.jpg 300w, https:\/\/www.ebro-armaturen.com\/wp-content\/uploads\/2019\/10\/Schuettgueter_940x235_px-1-768x192.jpg 768w, https:\/\/www.ebro-armaturen.com\/wp-content\/uploads\/2019\/10\/Schuettgueter_940x235_px-1-1030x258.jpg 1030w, https:\/\/www.ebro-armaturen.com\/wp-content\/uploads\/2019\/10\/Schuettgueter_940x235_px-1-705x176.jpg 705w, https:\/\/www.ebro-armaturen.com\/wp-content\/uploads\/2019\/10\/Schuettgueter_940x235_px-1-450x113.jpg 450w\" sizes=\"(max-width: 1500px) 100vw, 1500px\" \/><\/div><\/li><li  class='avia-slideshow-slide av-jy5ka8pt-0851865ad8db5464500a4a1660353846__8  slide-5 slide-odd'><div data-rel='slideshow-1' class='avia-slide-wrap '   ><div class='av-slideshow-caption av-jy5ka8pt-0851865ad8db5464500a4a1660353846__8 caption_fullwidth caption_center caption_center_framed caption_framed'><div class=\"container caption_container\"><div class=\"slideshow_caption\"><div class=\"slideshow_inner_caption\"><div class=\"slideshow_align_caption\"><h2 class='avia-caption-title '  itemprop=\"name\" >Elementos de control<\/h2><\/div><\/div><\/div><\/div><\/div><img decoding=\"async\" fetchpriority=\"high\" class=\"wp-image-10044 avia-img-lazy-loading-not-10044\"  src=\"https:\/\/www.ebro-armaturen.com\/wp-content\/uploads\/2019\/10\/ebro-armaturen-steuer-regelelemente-1500x375.jpg\" width=\"1500\" height=\"375\" title='Bier im Glas' alt=''  itemprop=\"thumbnailUrl\" srcset=\"https:\/\/www.ebro-armaturen.com\/wp-content\/uploads\/2019\/10\/ebro-armaturen-steuer-regelelemente.jpg 1500w, https:\/\/www.ebro-armaturen.com\/wp-content\/uploads\/2019\/10\/ebro-armaturen-steuer-regelelemente-300x75.jpg 300w, https:\/\/www.ebro-armaturen.com\/wp-content\/uploads\/2019\/10\/ebro-armaturen-steuer-regelelemente-768x192.jpg 768w, https:\/\/www.ebro-armaturen.com\/wp-content\/uploads\/2019\/10\/ebro-armaturen-steuer-regelelemente-1030x258.jpg 1030w, https:\/\/www.ebro-armaturen.com\/wp-content\/uploads\/2019\/10\/ebro-armaturen-steuer-regelelemente-705x176.jpg 705w, https:\/\/www.ebro-armaturen.com\/wp-content\/uploads\/2019\/10\/ebro-armaturen-steuer-regelelemente-450x113.jpg 450w\" sizes=\"(max-width: 1500px) 100vw, 1500px\" \/><\/div><\/li><li  class='avia-slideshow-slide av-jy5ka8pt-0851865ad8db5464500a4a1660353846__9  slide-6 slide-even'><div data-rel='slideshow-1' class='avia-slide-wrap '   ><div class='av-slideshow-caption av-jy5ka8pt-0851865ad8db5464500a4a1660353846__9 caption_fullwidth caption_center caption_center_framed caption_framed'><div class=\"container caption_container\"><div class=\"slideshow_caption\"><div class=\"slideshow_inner_caption\"><div class=\"slideshow_align_caption\"><h2 class='avia-caption-title '  itemprop=\"name\" >Hecho para su aplicaci\u00f3n<\/h2><\/div><\/div><\/div><\/div><\/div><img decoding=\"async\" fetchpriority=\"high\" class=\"wp-image-10049 avia-img-lazy-loading-not-10049\"  src=\"https:\/\/www.ebro-armaturen.com\/wp-content\/uploads\/2019\/10\/Wasser_940x235_px-1-1500x375.jpg\" width=\"1500\" height=\"375\" title='Water Curved Wave.' alt=''  itemprop=\"thumbnailUrl\" srcset=\"https:\/\/www.ebro-armaturen.com\/wp-content\/uploads\/2019\/10\/Wasser_940x235_px-1.jpg 1500w, https:\/\/www.ebro-armaturen.com\/wp-content\/uploads\/2019\/10\/Wasser_940x235_px-1-300x75.jpg 300w, https:\/\/www.ebro-armaturen.com\/wp-content\/uploads\/2019\/10\/Wasser_940x235_px-1-768x192.jpg 768w, https:\/\/www.ebro-armaturen.com\/wp-content\/uploads\/2019\/10\/Wasser_940x235_px-1-1030x258.jpg 1030w, https:\/\/www.ebro-armaturen.com\/wp-content\/uploads\/2019\/10\/Wasser_940x235_px-1-705x176.jpg 705w, https:\/\/www.ebro-armaturen.com\/wp-content\/uploads\/2019\/10\/Wasser_940x235_px-1-450x113.jpg 450w\" sizes=\"(max-width: 1500px) 100vw, 1500px\" \/><\/div><\/li><\/ul><div class='avia-slideshow-arrows avia-slideshow-controls' ><a href='#prev' class='prev-slide ' aria-hidden='true' data-av_icon='\ue87c' data-av_iconfont='entypo-fontello'  tabindex='-1'>Anterior<\/a><a href='#next' class='next-slide ' aria-hidden='true' data-av_icon='\ue87d' data-av_iconfont='entypo-fontello'  tabindex='-1'>Posterior<\/a><\/div><div class='avia-slideshow-dots avia-slideshow-controls'><a href='#1' class='goto-slide active' >1<\/a><a href='#2' class='goto-slide ' >2<\/a><a href='#3' class='goto-slide ' >3<\/a><a href='#4' class='goto-slide ' >4<\/a><a href='#5' class='goto-slide ' >5<\/a><a href='#6' class='goto-slide ' >6<\/a><\/div><\/div><\/div><div id='after_full_slider_1'  class='main_color av_default_container_wrap container_wrap sidebar_right'  ><div class='container av-section-cont-open' ><div class='template-page content  av-content-small alpha units'><div class='post-entry post-entry-type-page post-entry-10031'><div class='entry-content-wrapper clearfix'>\n\n<style type=\"text\/css\" data-created_by=\"avia_inline_auto\" id=\"style-css-av-8jak-6765b391da4731f2eeacf9df70739c75\">\n.flex_column.av-8jak-6765b391da4731f2eeacf9df70739c75{\nborder-width:2px;\nborder-color:#f2f2f2;\nborder-style:solid;\nborder-radius:0px 0px 0px 0px;\npadding:0px 0px 0px 0px;\nbackground-color:#f2f2f2;\n}\n<\/style>\n<div  class='flex_column av-8jak-6765b391da4731f2eeacf9df70739c75 av_one_third  avia-builder-el-1  el_after_av_slideshow_full  el_before_av_one_third  avia-builder-el-first  first flex_column_div av-zero-column-padding  '     ><p>\n<style type=\"text\/css\" data-created_by=\"avia_inline_auto\" id=\"style-css-av-k16fcuj1-827a1e186ef88f47f50b1efabe72158d\">\n.avia-image-container.av-k16fcuj1-827a1e186ef88f47f50b1efabe72158d img.avia_image{\nbox-shadow:none;\n}\n.avia-image-container.av-k16fcuj1-827a1e186ef88f47f50b1efabe72158d .av-caption-image-overlay-bg{\nopacity:0.9;\nbackground-color:#f2f2f2;\n}\n.avia-image-container.av-k16fcuj1-827a1e186ef88f47f50b1efabe72158d .av-image-caption-overlay-center{\ncolor:#002f5d;\n}\n<\/style>\n<div  class='avia-image-container av-k16fcuj1-827a1e186ef88f47f50b1efabe72158d av-styling- av-img-linked avia-align-center  avia-builder-el-2  el_before_av_textblock  avia-builder-el-first  noHover av-overlay-on-hover'   itemprop=\"image\" itemscope=\"itemscope\" itemtype=\"https:\/\/schema.org\/ImageObject\" ><div class=\"avia-image-container-inner\"><div class=\"avia-image-overlay-wrap\"><a href=\"https:\/\/www.ebro-armaturen.com\/tr\/doekuemanlar\/\" class='avia_image '  aria-label='QL_Downloads'><div class=\"av-image-caption-overlay\"><div class=\"av-caption-image-overlay-bg\"><\/div><div class=\"av-image-caption-overlay-position\"><div class=\"av-image-caption-overlay-center\"><p>Aqu\u00ed encontrar\u00e1 todos los documentos necesarios para la instalaci\u00f3n y el funcionamiento de nuestros productos.<\/p>\n<\/div><\/div><\/div><img decoding=\"async\" fetchpriority=\"high\" class='wp-image-11708 avia-img-lazy-loading-not-11708 avia_image ' src=\"https:\/\/www.ebro-armaturen.com\/wp-content\/uploads\/2021\/12\/QL_Downloads-1.jpg\" alt='' title='QL_Downloads'  height=\"404\" width=\"576\"  itemprop=\"thumbnailUrl\"  \/><\/a><\/div><\/div><\/div><br \/>\n\n<style type=\"text\/css\" data-created_by=\"avia_inline_auto\" id=\"style-css-av-k1hkc41t-adb6c69fd5a673855035c608f13fdead\">\n#top .av_textblock_section.av-k1hkc41t-adb6c69fd5a673855035c608f13fdead .avia_textblock{\ncolor:#002f5d;\n}\n<\/style>\n<section  class='av_textblock_section av-k1hkc41t-adb6c69fd5a673855035c608f13fdead '   itemscope=\"itemscope\" itemtype=\"https:\/\/schema.org\/CreativeWork\" ><div class='avia_textblock av_inherit_color'  itemprop=\"text\" ><p style=\"text-align: center\"><strong>Descargas<\/strong><\/p>\n<\/div><\/section><\/p><\/div>\n<style type=\"text\/css\" data-created_by=\"avia_inline_auto\" id=\"style-css-av-8jak-7b3b9f1a960ad73c4fc6986991080d4d\">\n.flex_column.av-8jak-7b3b9f1a960ad73c4fc6986991080d4d{\nborder-width:2px;\nborder-color:#f2f2f2;\nborder-style:solid;\nborder-radius:0px 0px 0px 0px;\npadding:0px 0px 0px 0px;\nbackground-color:#f2f2f2;\n}\n<\/style>\n<div  class='flex_column av-8jak-7b3b9f1a960ad73c4fc6986991080d4d av_one_third  avia-builder-el-4  el_after_av_one_third  el_before_av_one_third  flex_column_div av-zero-column-padding  '     ><p>\n<style type=\"text\/css\" data-created_by=\"avia_inline_auto\" id=\"style-css-av-k16fcuj1-fe5e33f5a9b5ffbf52e433d4cbd5bb14\">\n.avia-image-container.av-k16fcuj1-fe5e33f5a9b5ffbf52e433d4cbd5bb14 img.avia_image{\nbox-shadow:none;\n}\n.avia-image-container.av-k16fcuj1-fe5e33f5a9b5ffbf52e433d4cbd5bb14 .av-caption-image-overlay-bg{\nopacity:0.9;\nbackground-color:#f2f2f2;\n}\n.avia-image-container.av-k16fcuj1-fe5e33f5a9b5ffbf52e433d4cbd5bb14 .av-image-caption-overlay-center{\ncolor:#002f5d;\n}\n<\/style>\n<div  class='avia-image-container av-k16fcuj1-fe5e33f5a9b5ffbf52e433d4cbd5bb14 av-styling- av-img-linked avia-align-center  avia-builder-el-5  el_before_av_textblock  avia-builder-el-first  noHover av-overlay-on-hover'   itemprop=\"image\" itemscope=\"itemscope\" itemtype=\"https:\/\/schema.org\/ImageObject\" ><div class=\"avia-image-container-inner\"><div class=\"avia-image-overlay-wrap\"><a href=\"https:\/\/www.ebro-armaturen.com\/es\/productos\/\" class='avia_image '  aria-label='test_7'><div class=\"av-image-caption-overlay\"><div class=\"av-caption-image-overlay-bg\"><\/div><div class=\"av-image-caption-overlay-position\"><div class=\"av-image-caption-overlay-center\"><p>Aqu\u00ed puede encontrar nuestros productos<\/p>\n<\/div><\/div><\/div><img decoding=\"async\" fetchpriority=\"high\" class='wp-image-10032 avia-img-lazy-loading-not-10032 avia_image ' src=\"https:\/\/www.ebro-armaturen.com\/wp-content\/uploads\/2019\/09\/test_7.png\" alt='' title='test_7'  height=\"404\" width=\"576\"  itemprop=\"thumbnailUrl\" srcset=\"https:\/\/www.ebro-armaturen.com\/wp-content\/uploads\/2019\/09\/test_7.png 576w, https:\/\/www.ebro-armaturen.com\/wp-content\/uploads\/2019\/09\/test_7-300x210.png 300w, https:\/\/www.ebro-armaturen.com\/wp-content\/uploads\/2019\/09\/test_7-450x316.png 450w\" sizes=\"(max-width: 576px) 100vw, 576px\" \/><\/a><\/div><\/div><\/div><br \/>\n\n<style type=\"text\/css\" data-created_by=\"avia_inline_auto\" id=\"style-css-av-k1hkc41t-adb6c69fd5a673855035c608f13fdead\">\n#top .av_textblock_section.av-k1hkc41t-adb6c69fd5a673855035c608f13fdead .avia_textblock{\ncolor:#002f5d;\n}\n<\/style>\n<section  class='av_textblock_section av-k1hkc41t-adb6c69fd5a673855035c608f13fdead '   itemscope=\"itemscope\" itemtype=\"https:\/\/schema.org\/CreativeWork\" ><div class='avia_textblock av_inherit_color'  itemprop=\"text\" ><p style=\"text-align: center\"><strong>Productos<\/strong><\/p>\n<\/div><\/section><\/p><\/div><\/p>\n\n<style type=\"text\/css\" data-created_by=\"avia_inline_auto\" id=\"style-css-av-8jak-7b3b9f1a960ad73c4fc6986991080d4d\">\n.flex_column.av-8jak-7b3b9f1a960ad73c4fc6986991080d4d{\nborder-width:2px;\nborder-color:#f2f2f2;\nborder-style:solid;\nborder-radius:0px 0px 0px 0px;\npadding:0px 0px 0px 0px;\nbackground-color:#f2f2f2;\n}\n<\/style>\n<div  class='flex_column av-8jak-7b3b9f1a960ad73c4fc6986991080d4d av_one_third  avia-builder-el-7  el_after_av_one_third  avia-builder-el-last  flex_column_div av-zero-column-padding  '     ><p>\n<style type=\"text\/css\" data-created_by=\"avia_inline_auto\" id=\"style-css-av-k16fcuj1-41c9ea60598f6b6b21aeb67327603f72\">\n.avia-image-container.av-k16fcuj1-41c9ea60598f6b6b21aeb67327603f72 img.avia_image{\nbox-shadow:none;\n}\n.avia-image-container.av-k16fcuj1-41c9ea60598f6b6b21aeb67327603f72 .av-caption-image-overlay-bg{\nopacity:0.9;\nbackground-color:#f2f2f2;\n}\n.avia-image-container.av-k16fcuj1-41c9ea60598f6b6b21aeb67327603f72 .av-image-caption-overlay-center{\ncolor:#002f5d;\n}\n<\/style>\n<div  class='avia-image-container av-k16fcuj1-41c9ea60598f6b6b21aeb67327603f72 av-styling- av-img-linked avia-align-center  avia-builder-el-8  el_before_av_textblock  avia-builder-el-first  noHover av-overlay-on-hover'   itemprop=\"image\" itemscope=\"itemscope\" itemtype=\"https:\/\/schema.org\/ImageObject\" ><div class=\"avia-image-container-inner\"><div class=\"avia-image-overlay-wrap\"><a href=\"https:\/\/www.ebro-armaturen.com\/es\/contacto\/\" class='avia_image '  ><div class=\"av-image-caption-overlay\"><div class=\"av-caption-image-overlay-bg\"><\/div><div class=\"av-image-caption-overlay-position\"><div class=\"av-image-caption-overlay-center\"><p>Aqu\u00ed encontrar\u00e1 direcciones y contactos nacionales e internacionales.<\/p>\n<\/div><\/div><\/div><img decoding=\"async\" fetchpriority=\"high\" class='avia-img-lazy-loading-not- avia_image ' src=\"https:\/\/www.ebro-armaturen.com\/wp-content\/uploads\/2019\/10\/kontakt_quicklink.png\" alt='' title=''   itemprop=\"thumbnailUrl\"  \/><\/a><\/div><\/div><\/div><br \/>\n\n<style type=\"text\/css\" data-created_by=\"avia_inline_auto\" id=\"style-css-av-k1hkc41t-adb6c69fd5a673855035c608f13fdead\">\n#top .av_textblock_section.av-k1hkc41t-adb6c69fd5a673855035c608f13fdead .avia_textblock{\ncolor:#002f5d;\n}\n<\/style>\n<section  class='av_textblock_section av-k1hkc41t-adb6c69fd5a673855035c608f13fdead '   itemscope=\"itemscope\" itemtype=\"https:\/\/schema.org\/CreativeWork\" ><div class='avia_textblock av_inherit_color'  itemprop=\"text\" ><p style=\"text-align: center\"><strong>Contactos<\/strong><\/p>\n<\/div><\/section><\/p><\/div>\n","protected":false},"excerpt":{"rendered":"","protected":false},"author":1,"featured_media":0,"parent":0,"menu_order":10,"comment_status":"closed","ping_status":"open","template":"","meta":{"_acf_changed":false,"footnotes":""},"class_list":["post-10031","page","type-page","status-publish","hentry"],"acf":[],"_links":{"self":[{"href":"https:\/\/www.ebro-armaturen.com\/es\/wp-json\/wp\/v2\/pages\/10031"}],"collection":[{"href":"https:\/\/www.ebro-armaturen.com\/es\/wp-json\/wp\/v2\/pages"}],"about":[{"href":"https:\/\/www.ebro-armaturen.com\/es\/wp-json\/wp\/v2\/types\/page"}],"author":[{"embeddable":true,"href":"https:\/\/www.ebro-armaturen.com\/es\/wp-json\/wp\/v2\/users\/1"}],"replies":[{"embeddable":true,"href":"https:\/\/www.ebro-armaturen.com\/es\/wp-json\/wp\/v2\/comments?post=10031"}],"version-history":[{"count":6,"href":"https:\/\/www.ebro-armaturen.com\/es\/wp-json\/wp\/v2\/pages\/10031\/revisions"}],"predecessor-version":[{"id":11722,"href":"https:\/\/www.ebro-armaturen.com\/es\/wp-json\/wp\/v2\/pages\/10031\/revisions\/11722"}],"wp:attachment":[{"href":"https:\/\/www.ebro-armaturen.com\/es\/wp-json\/wp\/v2\/media?parent=10031"}],"curies":[{"name":"wp","href":"https:\/\/api.w.org\/{rel}","templated":true}]}}