
{"id":9011,"date":"2021-04-15T11:57:29","date_gmt":"2021-04-15T09:57:29","guid":{"rendered":"https:\/\/www.ebro-armaturen.com\/?page_id=9011"},"modified":"2021-05-21T12:07:30","modified_gmt":"2021-05-21T10:07:30","slug":"digital-stand","status":"publish","type":"page","link":"https:\/\/www.ebro-armaturen.com\/en\/downloads\/digital-stand\/","title":{"rendered":"Digital Stand"},"content":{"rendered":"\n<style type=\"text\/css\" data-created_by=\"avia_inline_auto\" id=\"style-css-av-kninwvfh-cfb7d29844fe429ab501969e4944661d\">\n#top .flex_column.av-kninwvfh-cfb7d29844fe429ab501969e4944661d{\nmargin-bottom:50px;\n}\n.flex_column.av-kninwvfh-cfb7d29844fe429ab501969e4944661d{\nborder-radius:0px 0px 0px 0px;\npadding:0px 0px 0px 0px;\n}\n.responsive #top #wrap_all .flex_column.av-kninwvfh-cfb7d29844fe429ab501969e4944661d{\nmargin-bottom:50px;\n}\n<\/style>\n<div  class='flex_column av-kninwvfh-cfb7d29844fe429ab501969e4944661d av_one_fifth  avia-builder-el-0  el_before_av_three_fifth  avia-builder-el-first  first flex_column_div av-hide-on-mobile av-zero-column-padding  '     ><\/div>\n\n<style type=\"text\/css\" data-created_by=\"avia_inline_auto\" id=\"style-css-av-699jof-b5043c561af50c662b6c2f1c83f2263d\">\n#top .flex_column.av-699jof-b5043c561af50c662b6c2f1c83f2263d{\nmargin-bottom:50px;\n}\n.flex_column.av-699jof-b5043c561af50c662b6c2f1c83f2263d{\nborder-radius:0px 0px 0px 0px;\npadding:0px 0px 0px 0px;\n}\n.responsive #top #wrap_all .flex_column.av-699jof-b5043c561af50c662b6c2f1c83f2263d{\nmargin-bottom:50px;\n}\n<\/style>\n<div  class='flex_column av-699jof-b5043c561af50c662b6c2f1c83f2263d av_three_fifth  avia-builder-el-1  el_after_av_one_fifth  el_before_av_one_fifth  flex_column_div av-zero-column-padding  '     ><section  class='av_textblock_section av-kninxy6g-7162ce3845129936eb0a9dc8f8bf0e30 '   itemscope=\"itemscope\" itemtype=\"https:\/\/schema.org\/CreativeWork\" ><div class='avia_textblock'  itemprop=\"text\" ><h1>Digital Stand<\/h1>\n<p>Visit a trade fair regardless of place and time: This is now possible with EBRO! Since no trade fairs, exhibitions and events can take place at the moment, we are now bringing the real trade fair feeling to your home office.<\/p>\n<p>With our digital trade fair stand, we offer you the opportunity to get to know EBRO ARMATUREN in its diverse areas of application. Simply start the application and get your own impression of us. We wish you a lot of fun and a pleasant stay in our virtual space.<\/p>\n<p>If you have any questions, please feel free to use the chat function on this page. For a guided tour with one of our experts, you can make an individual appointment via the <a href=\"#appointment\">contact form<\/a>.<\/p>\n<\/div><\/section><\/div>\n<style type=\"text\/css\" data-created_by=\"avia_inline_auto\" id=\"style-css-av-45sfbj-2d0115c0c0086070fbd42b2205954498\">\n#top .flex_column.av-45sfbj-2d0115c0c0086070fbd42b2205954498{\nmargin-bottom:50px;\n}\n.flex_column.av-45sfbj-2d0115c0c0086070fbd42b2205954498{\nborder-radius:0px 0px 0px 0px;\npadding:0px 0px 0px 0px;\n}\n.responsive #top #wrap_all .flex_column.av-45sfbj-2d0115c0c0086070fbd42b2205954498{\nmargin-bottom:50px;\n}\n<\/style>\n<div  class='flex_column av-45sfbj-2d0115c0c0086070fbd42b2205954498 av_one_fifth  avia-builder-el-3  el_after_av_three_fifth  el_before_av_codeblock  flex_column_div av-hide-on-mobile av-zero-column-padding  '     ><\/div><\/p>\n\n\n<style type=\"text\/css\" data-created_by=\"avia_inline_auto\" id=\"style-css-av-kninwvfh-76bbb5edb02d0143bb191b81a43c5856\">\n#top .flex_column.av-kninwvfh-76bbb5edb02d0143bb191b81a43c5856{\nmargin-top:50px;\n}\n.flex_column.av-kninwvfh-76bbb5edb02d0143bb191b81a43c5856{\nborder-radius:0px 0px 0px 0px;\npadding:0px 0px 0px 0px;\n}\n.responsive #top #wrap_all .flex_column.av-kninwvfh-76bbb5edb02d0143bb191b81a43c5856{\nmargin-top:50px;\n}\n<\/style>\n<div  class='flex_column av-kninwvfh-76bbb5edb02d0143bb191b81a43c5856 av_one_fifth  avia-builder-el-5  el_after_av_codeblock  el_before_av_three_fifth  first flex_column_div av-hide-on-mobile av-zero-column-padding  '     ><\/div>\n\n<style type=\"text\/css\" data-created_by=\"avia_inline_auto\" id=\"style-css-av-1wk99b-921b0e1310d26de4b3a35e39df927112\">\n#top .flex_column.av-1wk99b-921b0e1310d26de4b3a35e39df927112{\nmargin-top:50px;\n}\n.flex_column.av-1wk99b-921b0e1310d26de4b3a35e39df927112{\nborder-radius:0px 0px 0px 0px;\npadding:0px 0px 0px 0px;\n}\n.responsive #top #wrap_all .flex_column.av-1wk99b-921b0e1310d26de4b3a35e39df927112{\nmargin-top:50px;\n}\n<\/style>\n<div  id=\"appointment\"  class='flex_column av-1wk99b-921b0e1310d26de4b3a35e39df927112 av_three_fifth  avia-builder-el-6  el_after_av_one_fifth  el_before_av_one_fifth  flex_column_div av-zero-column-padding  '     ><section  class='av_textblock_section av-kninxy6g-7162ce3845129936eb0a9dc8f8bf0e30 '   itemscope=\"itemscope\" itemtype=\"https:\/\/schema.org\/CreativeWork\" ><div class='avia_textblock'  itemprop=\"text\" ><h2>ARE YOU INTERESTED IN A GUIDED TOUR OF OUR DIGITAL TRADE FAIR STAND?<\/h2>\n<p>Use the form below to make an individual personal appointment. Your responsible contact person will get in touch with you immediately<\/p>\n<p>&#8212;<\/p>\n\n<div class=\"wpcf7 no-js\" id=\"wpcf7-f9017-o1\" lang=\"en-US\" dir=\"ltr\">\n<div class=\"screen-reader-response\"><p role=\"status\" aria-live=\"polite\" aria-atomic=\"true\"><\/p> <ul><\/ul><\/div>\n<form action=\"\/en\/wp-json\/wp\/v2\/pages\/9011#wpcf7-f9017-o1\" method=\"post\" class=\"wpcf7-form init\" aria-label=\"Contact form\" novalidate=\"novalidate\" data-status=\"init\">\n<div style=\"display: none;\">\n<input type=\"hidden\" name=\"_wpcf7\" value=\"9017\" \/>\n<input type=\"hidden\" name=\"_wpcf7_version\" value=\"5.9.8\" \/>\n<input type=\"hidden\" name=\"_wpcf7_locale\" value=\"en_US\" \/>\n<input type=\"hidden\" name=\"_wpcf7_unit_tag\" value=\"wpcf7-f9017-o1\" \/>\n<input type=\"hidden\" name=\"_wpcf7_container_post\" value=\"0\" \/>\n<input type=\"hidden\" name=\"_wpcf7_posted_data_hash\" value=\"\" \/>\n<\/div>\n<p class=\"cr_legend\"><em>Fields marked with * are mandatory fields.<\/em>\n<\/p>\n<p><label> Salutation*<br \/>\n<span class=\"wpcf7-form-control-wrap\" data-name=\"Anrede\"><select class=\"wpcf7-form-control wpcf7-select wpcf7-validates-as-required\" aria-required=\"true\" aria-invalid=\"false\" name=\"Anrede\"><option value=\"\">&#8212;Please choose an option&#8212;<\/option><option value=\"Neutral Salutation\">Neutral Salutation<\/option><option value=\"Mr\">Mr<\/option><option value=\"Mrs\">Mrs<\/option><\/select><\/span> <\/label>\n<\/p>\n<p><label> Name*<br \/>\n<span class=\"wpcf7-form-control-wrap\" data-name=\"your-name\"><input size=\"40\" maxlength=\"400\" class=\"wpcf7-form-control wpcf7-text wpcf7-validates-as-required\" aria-required=\"true\" aria-invalid=\"false\" value=\"\" type=\"text\" name=\"your-name\" \/><\/span> <\/label>\n<\/p>\n<p><label> Firstname*<br \/>\n<span class=\"wpcf7-form-control-wrap\" data-name=\"your-firstname\"><input size=\"40\" maxlength=\"400\" class=\"wpcf7-form-control wpcf7-text wpcf7-validates-as-required\" aria-required=\"true\" aria-invalid=\"false\" value=\"\" type=\"text\" name=\"your-firstname\" \/><\/span> <\/label>\n<\/p>\n<p><label> Company*<br \/>\n<span class=\"wpcf7-form-control-wrap\" data-name=\"company\"><input size=\"40\" maxlength=\"400\" class=\"wpcf7-form-control wpcf7-text wpcf7-validates-as-required\" aria-required=\"true\" aria-invalid=\"false\" value=\"\" type=\"text\" name=\"company\" \/><\/span> <\/label>\n<\/p>\n<p><label> E-Mail*<br \/>\n<span class=\"wpcf7-form-control-wrap\" data-name=\"your-email\"><input size=\"40\" maxlength=\"400\" class=\"wpcf7-form-control wpcf7-email wpcf7-validates-as-required wpcf7-text wpcf7-validates-as-email\" aria-required=\"true\" aria-invalid=\"false\" value=\"\" type=\"email\" name=\"your-email\" \/><\/span> <\/label>\n<\/p>\n<p><label> Country*<br \/>\n<span class=\"wpcf7-form-control-wrap\" data-name=\"Land\"><select class=\"wpcf7-form-control wpcf7-select wpcf7-validates-as-required\" aria-required=\"true\" aria-invalid=\"false\" name=\"Land\"><option value=\"\">&#8212;Please choose an option&#8212;<\/option><option value=\"Albania\">Albania<\/option><option value=\"Algeria\">Algeria<\/option><option value=\"Andorra\">Andorra<\/option><option value=\"Angola\">Angola<\/option><option value=\"Anguilla\">Anguilla<\/option><option value=\"Antigua and Barbuda\">Antigua and Barbuda<\/option><option value=\"Argentina\">Argentina<\/option><option value=\"Armenia\">Armenia<\/option><option value=\"Aruba\">Aruba<\/option><option value=\"Australia\">Australia<\/option><option value=\"Austria\">Austria<\/option><option value=\"Azerbaijan\">Azerbaijan<\/option><option value=\"Bahamas\">Bahamas<\/option><option value=\"Bahrain\">Bahrain<\/option><option value=\"Bangladesh\">Bangladesh<\/option><option value=\"Barbados\">Barbados<\/option><option value=\"Belarus\">Belarus<\/option><option value=\"Belgium\">Belgium<\/option><option value=\"Belize\">Belize<\/option><option value=\"Benin\">Benin<\/option><option value=\"Bermuda\">Bermuda<\/option><option value=\"Bhutan\">Bhutan<\/option><option value=\"Bolivia\">Bolivia<\/option><option value=\"Bosnia Herzegovina\">Bosnia Herzegovina<\/option><option value=\"Botswana\">Botswana<\/option><option value=\"Brazil\">Brazil<\/option><option value=\"British Indian Ocean Territory\">British Indian Ocean Territory<\/option><option value=\"Brunei Darussalam\">Brunei Darussalam<\/option><option value=\"Bulgaria\">Bulgaria<\/option><option value=\"Burkina Faso\">Burkina Faso<\/option><option value=\"Burundi\">Burundi<\/option><option value=\"Cambodia\">Cambodia<\/option><option value=\"Cameroon\">Cameroon<\/option><option value=\"Canada\">Canada<\/option><option value=\"Canada\">Canada<\/option><option value=\"Canada\">Canada<\/option><option value=\"Canada\">Canada<\/option><option value=\"Canada\">Canada<\/option><option value=\"Canada\">Canada<\/option><option value=\"Cape Verde\">Cape Verde<\/option><option value=\"Cayman Islands\">Cayman Islands<\/option><option value=\"Central African Republic\">Central African Republic<\/option><option value=\"Chad\">Chad<\/option><option value=\"Chile\">Chile<\/option><option value=\"China\">China<\/option><option value=\"Christmas Island\">Christmas Island<\/option><option value=\"Cocos Island\">Cocos Island<\/option><option value=\"Colombia\">Colombia<\/option><option value=\"Comoros\">Comoros<\/option><option value=\"Costa Rica\">Costa Rica<\/option><option value=\"Croatia\">Croatia<\/option><option value=\"Cuba\">Cuba<\/option><option value=\"Cyprus\">Cyprus<\/option><option value=\"Czech Republic\">Czech Republic<\/option><option value=\"Democratic Republic of the Congo\">Democratic Republic of the Congo<\/option><option value=\"Denmark\">Denmark<\/option><option value=\"Djibouti\">Djibouti<\/option><option value=\"Dominica\">Dominica<\/option><option value=\"Dominican Republic\">Dominican Republic<\/option><option value=\"East Timor\">East Timor<\/option><option value=\"Ecuador\">Ecuador<\/option><option value=\"Egypt\">Egypt<\/option><option value=\"El Salvador\">El Salvador<\/option><option value=\"Equatorial Guinea\">Equatorial Guinea<\/option><option value=\"Eritrea\">Eritrea<\/option><option value=\"Estonia\">Estonia<\/option><option value=\"Ethiopia\">Ethiopia<\/option><option value=\"Falkland Islands\">Falkland Islands<\/option><option value=\"Faroe Islands\">Faroe Islands<\/option><option value=\"Finland\">Finland<\/option><option value=\"France\">France<\/option><option value=\"French Guiana\">French Guiana<\/option><option value=\"Gabon\">Gabon<\/option><option value=\"Georgia\">Georgia<\/option><option value=\"Germany\">Germany<\/option><option value=\"Ghana\">Ghana<\/option><option value=\"Gibraltar\">Gibraltar<\/option><option value=\"Great Britain\">Great Britain<\/option><option value=\"Greece\">Greece<\/option><option value=\"Greenland\">Greenland<\/option><option value=\"Grenada\">Grenada<\/option><option value=\"Guadeloupe\">Guadeloupe<\/option><option value=\"Guatemala\">Guatemala<\/option><option value=\"Guinea\">Guinea<\/option><option value=\"Guinea-Bissau\">Guinea-Bissau<\/option><option value=\"Guyana\">Guyana<\/option><option value=\"Haiti\">Haiti<\/option><option value=\"Honduras\">Honduras<\/option><option value=\"Hong Kong\">Hong Kong<\/option><option value=\"Hungary\">Hungary<\/option><option value=\"Iceland\">Iceland<\/option><option value=\"India\">India<\/option><option value=\"Indonesia\">Indonesia<\/option><option value=\"Indonesia\">Indonesia<\/option><option value=\"Iran\">Iran<\/option><option value=\"Iraq\">Iraq<\/option><option value=\"Ireland\">Ireland<\/option><option value=\"Ireland\">Ireland<\/option><option value=\"Israel\">Israel<\/option><option value=\"Italy\">Italy<\/option><option value=\"Jamaica\">Jamaica<\/option><option value=\"Japan\">Japan<\/option><option value=\"Jordan\">Jordan<\/option><option value=\"Kazakhstan\">Kazakhstan<\/option><option value=\"Kenya\">Kenya<\/option><option value=\"Kingdom of Saudi Arabia\">Kingdom of Saudi Arabia<\/option><option value=\"Kuwait\">Kuwait<\/option><option value=\"Kyrgyzstan\">Kyrgyzstan<\/option><option value=\"Laos\">Laos<\/option><option value=\"Latvia\">Latvia<\/option><option value=\"Lebanon\">Lebanon<\/option><option value=\"Lesotho\">Lesotho<\/option><option value=\"Liberia\">Liberia<\/option><option value=\"Libya\">Libya<\/option><option value=\"Liechtenstein\">Liechtenstein<\/option><option value=\"Lithuania\">Lithuania<\/option><option value=\"Luxembourg\">Luxembourg<\/option><option value=\"Macau\">Macau<\/option><option value=\"Madagascar\">Madagascar<\/option><option value=\"Malawi\">Malawi<\/option><option value=\"Malaysia\">Malaysia<\/option><option value=\"Maldives\">Maldives<\/option><option value=\"Mali\">Mali<\/option><option value=\"Malta\">Malta<\/option><option value=\"Martinique\">Martinique<\/option><option value=\"Mauritania\">Mauritania<\/option><option value=\"Mauritius\">Mauritius<\/option><option value=\"Mayotte\">Mayotte<\/option><option value=\"Mexico\">Mexico<\/option><option value=\"Moldova\">Moldova<\/option><option value=\"Monaco\">Monaco<\/option><option value=\"Mongolia\">Mongolia<\/option><option value=\"Montenegro\">Montenegro<\/option><option value=\"Montserrat\">Montserrat<\/option><option value=\"Morocco\">Morocco<\/option><option value=\"Mozambique\">Mozambique<\/option><option value=\"Myanmar\">Myanmar<\/option><option value=\"Namibia\">Namibia<\/option><option value=\"Namibia\">Namibia<\/option><option value=\"Nepal\">Nepal<\/option><option value=\"Netherlands\">Netherlands<\/option><option value=\"Netherlands Antilles\">Netherlands Antilles<\/option><option value=\"New Zealand\">New Zealand<\/option><option value=\"Nicaragua\">Nicaragua<\/option><option value=\"Niger\">Niger<\/option><option value=\"Nigeria\">Nigeria<\/option><option value=\"Norfolk Island\">Norfolk Island<\/option><option value=\"North Korea\">North Korea<\/option><option value=\"Norway\">Norway<\/option><option value=\"Oman\">Oman<\/option><option value=\"Pakistan\">Pakistan<\/option><option value=\"Panama\">Panama<\/option><option value=\"Paraguay\">Paraguay<\/option><option value=\"Peru\">Peru<\/option><option value=\"Philippines\">Philippines<\/option><option value=\"Poland\">Poland<\/option><option value=\"Poland\">Poland<\/option><option value=\"Poland\">Poland<\/option><option value=\"Portugal\">Portugal<\/option><option value=\"Pristina\">Pristina<\/option><option value=\"Puerto Rico\">Puerto Rico<\/option><option value=\"Qatar\">Qatar<\/option><option value=\"R\u00e4uunion\">R\u00e4uunion<\/option><option value=\"Republic of Macedonia\">Republic of Macedonia<\/option><option value=\"Republic of the Congo\">Republic of the Congo<\/option><option value=\"Romania\">Romania<\/option><option value=\"Romania\">Romania<\/option><option value=\"Russia\">Russia<\/option><option value=\"Rwanda\">Rwanda<\/option><option value=\"Saint Helena\">Saint Helena<\/option><option value=\"Saint Kitts and Nevis\">Saint Kitts and Nevis<\/option><option value=\"Saint Lucia\">Saint Lucia<\/option><option value=\"Saint Vincent and the Grenadines\">Saint Vincent and the Grenadines<\/option><option value=\"Saint-Pierre and Miquelon\">Saint-Pierre and Miquelon<\/option><option value=\"San Marino\">San Marino<\/option><option value=\"S\u00e3o Tom\u00e9 und Pr\u00edncipe\">S\u00e3o Tom\u00e9 und Pr\u00edncipe<\/option><option value=\"Senegal\">Senegal<\/option><option value=\"Serbia\">Serbia<\/option><option value=\"Seychelles\">Seychelles<\/option><option value=\"Sierra Leone\">Sierra Leone<\/option><option value=\"Singapore\">Singapore<\/option><option value=\"Slovakia\">Slovakia<\/option><option value=\"Slovenia\">Slovenia<\/option><option value=\"Somalia\">Somalia<\/option><option value=\"South Africa\">South Africa<\/option><option value=\"South Georgia and the South Sandwich Islands\">South Georgia and the South Sandwich Islands<\/option><option value=\"South Korea\">South Korea<\/option><option value=\"Spain\">Spain<\/option><option value=\"Sri Lanka\">Sri Lanka<\/option><option value=\"Sudan\">Sudan<\/option><option value=\"Suriname\">Suriname<\/option><option value=\"Svalbard and Jan Mayen\">Svalbard and Jan Mayen<\/option><option value=\"Swaziland\">Swaziland<\/option><option value=\"Sweden\">Sweden<\/option><option value=\"Switzerland\">Switzerland<\/option><option value=\"Syrian Arab Republic\">Syrian Arab Republic<\/option><option value=\"Taiwan\">Taiwan<\/option><option value=\"Tajikistan\">Tajikistan<\/option><option value=\"Tanzania\">Tanzania<\/option><option value=\"Tasmania\">Tasmania<\/option><option value=\"Thailand\">Thailand<\/option><option value=\"The Gambia\">The Gambia<\/option><option value=\"The Ivory Coast\">The Ivory Coast<\/option><option value=\"Togo\">Togo<\/option><option value=\"Trinidad and Tobago\">Trinidad and Tobago<\/option><option value=\"Tunisia\">Tunisia<\/option><option value=\"Turkey\">Turkey<\/option><option value=\"Turkmenistan\">Turkmenistan<\/option><option value=\"Turks and Caicos Islands\">Turks and Caicos Islands<\/option><option value=\"U.S. Virgin Islands\">U.S. Virgin Islands<\/option><option value=\"Uganda\">Uganda<\/option><option value=\"Ukraine\">Ukraine<\/option><option value=\"United Arab Emirates\">United Arab Emirates<\/option><option value=\"United States of America\">United States of America<\/option><option value=\"Uruguay\">Uruguay<\/option><option value=\"Uzbekistan\">Uzbekistan<\/option><option value=\"Vatican City\">Vatican City<\/option><option value=\"Venezuela\">Venezuela<\/option><option value=\"Vietnam\">Vietnam<\/option><option value=\"Western Sahara\">Western Sahara<\/option><option value=\"Yemen\">Yemen<\/option><option value=\"Zambia\">Zambia<\/option><option value=\"Zimbabwe\">Zimbabwe<\/option><\/select><\/span> <\/label>\n<\/p>\n<p><label> Phone<br \/>\n<span class=\"wpcf7-form-control-wrap\" data-name=\"your-phone\"><input size=\"40\" maxlength=\"400\" class=\"wpcf7-form-control wpcf7-tel wpcf7-text wpcf7-validates-as-tel\" aria-invalid=\"false\" value=\"\" type=\"tel\" name=\"your-phone\" \/><\/span> <\/label>\n<\/p>\n<p><label> Notes<br \/>\n<span class=\"wpcf7-form-control-wrap\" data-name=\"Anmerkungen\"><input size=\"40\" maxlength=\"400\" class=\"wpcf7-form-control wpcf7-text\" aria-invalid=\"false\" value=\"\" type=\"text\" name=\"Anmerkungen\" \/><\/span><\/label>\n<\/p>\n<p><label> Desired date<br \/>\n<span class=\"wpcf7-form-control-wrap\" data-name=\"your-date\"><input class=\"wpcf7-form-control wpcf7-date wpcf7-validates-as-date\" min=\"2026-04-22\" aria-invalid=\"false\" value=\"\" type=\"date\" name=\"your-date\" \/><\/span> <\/label>\n<\/p>\n<p><label> Special interests* (multiple selection possible): <\/label><br \/>\n<span class=\"wpcf7-form-control-wrap\" data-name=\"your-topics\"><span class=\"wpcf7-form-control wpcf7-checkbox wpcf7-validates-as-required custom-checkboxes\"><span class=\"wpcf7-list-item first\"><label><input type=\"checkbox\" name=\"your-topics[]\" value=\"Water and wastewater technology\" \/><span class=\"wpcf7-list-item-label\">Water and wastewater technology<\/span><\/label><\/span><span class=\"wpcf7-list-item\"><label><input type=\"checkbox\" name=\"your-topics[]\" value=\"Bulk solids technology\" \/><span class=\"wpcf7-list-item-label\">Bulk solids technology<\/span><\/label><\/span><span class=\"wpcf7-list-item\"><label><input type=\"checkbox\" name=\"your-topics[]\" value=\"Swimming pool technology\" \/><span class=\"wpcf7-list-item-label\">Swimming pool technology<\/span><\/label><\/span><span class=\"wpcf7-list-item\"><label><input type=\"checkbox\" name=\"your-topics[]\" value=\"Food and beverage industry\" \/><span class=\"wpcf7-list-item-label\">Food and beverage industry<\/span><\/label><\/span><span class=\"wpcf7-list-item\"><label><input type=\"checkbox\" name=\"your-topics[]\" value=\"Shipbuilding\" \/><span class=\"wpcf7-list-item-label\">Shipbuilding<\/span><\/label><\/span><span class=\"wpcf7-list-item\"><label><input type=\"checkbox\" name=\"your-topics[]\" value=\"Building technology\" \/><span class=\"wpcf7-list-item-label\">Building technology<\/span><\/label><\/span><span class=\"wpcf7-list-item last\"><label><input type=\"checkbox\" name=\"your-topics[]\" value=\"Other applications\" \/><span class=\"wpcf7-list-item-label\">Other applications<\/span><\/label><\/span><\/span><\/span>\n<\/p>\n<p><em>For further information on the appointment form and the handling of your personal data, please see our <a href=\"\/en\/privacy\/\">data protection declaration<\/a>.<\/em>\n<\/p>\n<p><span id=\"wpcf7-69e89eab0937d-wrapper\" class=\"wpcf7-form-control-wrap honeypot-138-wrap\" style=\"display:none !important; visibility:hidden !important;\"><label for=\"wpcf7-69e89eab0937d-field\" class=\"hp-message\">Please leave this field empty.<\/label><input id=\"wpcf7-69e89eab0937d-field\"  class=\"wpcf7-form-control wpcf7-text\" type=\"text\" name=\"honeypot-138\" value=\"\" size=\"40\" tabindex=\"-1\" autocomplete=\"new-password\" \/><\/span>\n<\/p>\n<p><input class=\"wpcf7-form-control wpcf7-submit has-spinner button--blue\" type=\"submit\" value=\"Send\" \/>\n<\/p><div class=\"wpcf7-response-output\" aria-hidden=\"true\"><\/div>\n<\/form>\n<\/div>\n\n<\/div><\/section><\/div>\n\n<style type=\"text\/css\" data-created_by=\"avia_inline_auto\" id=\"style-css-av-kninwvfh-f316f3cf0049be88a09bde5cfcd806b6\">\n#top .flex_column.av-kninwvfh-f316f3cf0049be88a09bde5cfcd806b6{\nmargin-top:50px;\n}\n.flex_column.av-kninwvfh-f316f3cf0049be88a09bde5cfcd806b6{\nborder-radius:0px 0px 0px 0px;\npadding:0px 0px 0px 0px;\n}\n.responsive #top #wrap_all .flex_column.av-kninwvfh-f316f3cf0049be88a09bde5cfcd806b6{\nmargin-top:50px;\n}\n<\/style>\n<div  class='flex_column av-kninwvfh-f316f3cf0049be88a09bde5cfcd806b6 av_one_fifth  avia-builder-el-8  el_after_av_three_fifth  avia-builder-el-last  flex_column_div av-hide-on-mobile av-zero-column-padding  '     ><\/div>\n","protected":false},"excerpt":{"rendered":"","protected":false},"author":14,"featured_media":0,"parent":90,"menu_order":1,"comment_status":"closed","ping_status":"closed","template":"","meta":{"_acf_changed":false,"footnotes":""},"class_list":["post-9011","page","type-page","status-publish","hentry"],"acf":[],"_links":{"self":[{"href":"https:\/\/www.ebro-armaturen.com\/en\/wp-json\/wp\/v2\/pages\/9011"}],"collection":[{"href":"https:\/\/www.ebro-armaturen.com\/en\/wp-json\/wp\/v2\/pages"}],"about":[{"href":"https:\/\/www.ebro-armaturen.com\/en\/wp-json\/wp\/v2\/types\/page"}],"author":[{"embeddable":true,"href":"https:\/\/www.ebro-armaturen.com\/en\/wp-json\/wp\/v2\/users\/14"}],"replies":[{"embeddable":true,"href":"https:\/\/www.ebro-armaturen.com\/en\/wp-json\/wp\/v2\/comments?post=9011"}],"version-history":[{"count":8,"href":"https:\/\/www.ebro-armaturen.com\/en\/wp-json\/wp\/v2\/pages\/9011\/revisions"}],"predecessor-version":[{"id":9234,"href":"https:\/\/www.ebro-armaturen.com\/en\/wp-json\/wp\/v2\/pages\/9011\/revisions\/9234"}],"up":[{"embeddable":true,"href":"https:\/\/www.ebro-armaturen.com\/en\/wp-json\/wp\/v2\/pages\/90"}],"wp:attachment":[{"href":"https:\/\/www.ebro-armaturen.com\/en\/wp-json\/wp\/v2\/media?parent=9011"}],"curies":[{"name":"wp","href":"https:\/\/api.w.org\/{rel}","templated":true}]}}