
{"id":6465,"date":"2020-09-15T09:28:22","date_gmt":"2020-09-15T07:28:22","guid":{"rendered":"https:\/\/www.ebro-armaturen.com\/?page_id=6465"},"modified":"2020-09-15T09:28:23","modified_gmt":"2020-09-15T07:28:23","slug":"privacy-policy-ebro-tava","status":"publish","type":"page","link":"https:\/\/www.ebro-armaturen.com\/en\/company\/ebro-places\/ebro-italy\/benvenuti-in-ebro-armaturen\/privacy-policy-ebro-tava\/","title":{"rendered":"Privacy policy EBRO TAVA"},"content":{"rendered":"\n<p><\/p>\n\n\n\n<style type=\"text\/css\" data-created_by=\"avia_inline_auto\" id=\"style-css-av-38x11j-2b127b7d515a425044ea7861b2acb95b\">\n.flex_column.av-38x11j-2b127b7d515a425044ea7861b2acb95b{\nborder-radius:0px 0px 0px 0px;\npadding:0px 0px 0px 0px;\n}\n<\/style>\n<div  class='flex_column av-38x11j-2b127b7d515a425044ea7861b2acb95b av_one_full  avia-builder-el-0  avia-builder-el-no-sibling  first flex_column_div av-zero-column-padding  '     ><p>\n<style type=\"text\/css\" data-created_by=\"avia_inline_auto\" id=\"style-css-av-kapd9nzi-f3bdeee0ffd5a6e453fca9a8b24f32ff\">\n#top .av-special-heading.av-kapd9nzi-f3bdeee0ffd5a6e453fca9a8b24f32ff{\npadding-bottom:10px;\n}\nbody .av-special-heading.av-kapd9nzi-f3bdeee0ffd5a6e453fca9a8b24f32ff .av-special-heading-tag .heading-char{\nfont-size:25px;\n}\n.av-special-heading.av-kapd9nzi-f3bdeee0ffd5a6e453fca9a8b24f32ff .av-subheading{\nfont-size:15px;\n}\n<\/style>\n<div  class='av-special-heading av-kapd9nzi-f3bdeee0ffd5a6e453fca9a8b24f32ff av-special-heading-h3  avia-builder-el-1  el_before_av_textblock  avia-builder-el-first '><h3 class='av-special-heading-tag '  itemprop=\"headline\"  >INFORMATIVA PER IL TRATTAMENTO DI DATI PERSONALI <\/h3><div class=\"special-heading-border\"><div class=\"special-heading-inner-border\"><\/div><\/div><\/div><br \/>\n<section  class='av_textblock_section av-kapcxy1x-35cfdc759f42d06381e4035954782946 '   itemscope=\"itemscope\" itemtype=\"https:\/\/schema.org\/CreativeWork\" ><div class='avia_textblock'  itemprop=\"text\" ><div class=\"text\">\n<div class=\"csc-textpicBody\">\n<p><em>ai sensi e per gli effetti degli artt. 6 e 13 del Regolamento 2016\/679\/UE del Parlamento europeo e del Consiglio del 27 aprile 2016, relativo alla protezione delle persone fisiche con riguardo al trattamento dei dati personali, nonch\u00e9 alla libera circolazione di tali dati.<\/em><\/p>\n<p>La presente informativa viene resa per informarla del trattamento dei suoi dati personali, in conformit\u00e0 alla normativa sopra indicata ed improntato ai principi di correttezza, liceit\u00e0, trasparenza, tutelando la sua riservatezza ed i suoi diritti.<\/p>\n<p><strong>1. IDENTIT\u00c0 E DATI DI CONTATTO DEL TITOLARE DEL TRATTAMENTO:<\/strong>\u00a0il titolare del trattamento dei dati \u00e8 la TAVA S.R.L., con sede in Via della Cascina Pontevica, 54 &#8211; Brescia (BS) &#8211; C.F. e P.IVA: 03570100176 e-mail: <a href=\"mailto:privacy.tava@ebrovalvole.it\">privacy.tava@ebrovalvole.it<\/a>;<\/p>\n<p><strong>2. CATEGORIE DI DATI:<\/strong> i dati personali di persone fisiche trattati dalla TAVA S.R.L. sono esclusivamente quelli non appartenenti alle cosiddette \u201ccategorie particolari\u201d (vd. art. 9 GDPR) quali, ad esempio, anagrafica, contatto telefonico e di posta elettronica, riferimenti bancari. Ove il soggetto che conferisce i dati abbia un&#8217;et\u00e0 inferiore ai 14 anni, si ricorda che l\u2019eventuale relativo consenso dovr\u00e0 essere prestato o autorizzato dal titolare della responsabilit\u00e0 genitoriale in relazione al quale vengono acquisiti i dati identificativi e copia dei documenti di riconoscimento.<\/p>\n<p><strong>3. FINALIT\u00c0 e BASE GIURIDICA DEL TRATTAMENTO:<\/strong> i suoi dati personali verranno trattati per le seguenti finalit\u00e0:<br \/>\na) la gestione a livello amministrativo e commerciale del rapporto contrattuale; la gestione e l\u2019esecuzione dei contratti stipulati con l\u2019interessato, comprese le prestazioni necessarie per assicurare le forniture, le assistenze post vendita e le garanzie;<\/p>\n<p>b) l\u2019esplicazione degli adempimenti amministrativi, contabili, civilistici e fiscali obbligatori relativi all\u2019interessato;<\/p>\n<p>c) l\u2019adempimento di specifiche richieste dell&#8217;interessato.<\/p>\n<p>Il trattamento indicato \u00e8 necessario alla prestazione richiesta dall\u2019interessato e non richiede il consenso espresso dell\u2019interessato.<\/p>\n<p><strong>4. FONTE DI DATI:<\/strong> i dati personali dell\u2019interessato sono raccolti presso la sede del titolare del trattamento, oppure da parte di dipendenti e collaboratori della TAVA S.R.L. o di appositi moduli di raccolta presenti sul sito web o da parte di collaboratori incaricati dalla stessa societ\u00e0 per l\u2019espletamento funzionale delle attivit\u00e0 descritte al precedente punto 3.<\/p>\n<p><strong>5. MODALIT\u00c0 DI TRATTAMENTO:<\/strong> il trattamento avverr\u00e0 con sistemi manuali e\/o automatizzati atti a memorizzare, gestire e trasmettere i dati stessi, con logiche strettamente correlate alle finalit\u00e0 stesse, sulla base dei dati comunicati dall\u2019interessato e con impegno da parte del medesimo di comunicare tempestivamente al titolare del trattamento eventuali correzioni, integrazioni e\/o aggiornamenti; tali dati verranno gestiti e protetti in ambienti il cui accesso \u00e8<\/p>\n<p>costantemente sotto il controllo del titolare del trattamento; in particolare i sistemi informativi ed i programmi<\/p>\n<p>informatici dal medesimo utilizzati sono configurati in modo tale da limitare allo stretto necessario (sempre nell\u2019ambito delle predette finalit\u00e0) i trattamenti dei dati personali. I dati sono custoditi in modo da ridurre al minimo i rischi di distruzione e o di perdita dei dati stessi, di accesso non autorizzato o di trattamento non consentito o non conforme a quanto indicato nelle finalit\u00e0.<\/p>\n<p><strong>6.\u00a0 CONSERVAZIONE DEI DATI:<\/strong> i dati raccolti e trattati verranno conservati per un arco di tempo non superiore al conseguimento delle finalit\u00e0 per le quali sono trattati (\u201cprincipio di limitazione della conservazione\u201d, art.5 GDPR) o in base alle scadenze previste dalle norme di legge (con espresso riferimento all\u2019art. 2220 del codice civile). Nello specifico, per le finalit\u00e0 indicate al punto 3, saranno conservati per il tempo necessario all\u2019adempimento delle obbligazioni contrattuali e, in ogni caso, non oltre 10 anni dal momento della raccolta dei dati, per l\u2019adempimento di obblighi normativi e, comunque, non oltre i termini fissati dalla legge per la prescrizione dei diritti.<\/p>\n<p><strong>7. DESTINATARI DEI DATI PERSONALI:<\/strong> nell\u2019ambito delle indicate finalit\u00e0, i dati dell\u2019interessato potranno essere comunicati:<\/p>\n<p>a) a centri elaborazione dati e\/o societ\u00e0 di servizi, ivi compresi i servizi di elaborazione elettronica di dati e di consulenza per software ed informatica, esterni all\u2019organizzazione del titolare del trattamento ma allo stesso strettamente correlati per finalit\u00e0 operativa; ad aziende di credito e\/o finanziarie, ai soggetti incaricati del servizio di trasporto e\/o di recapito; ai soggetti incaricati della gestione della corrispondenza;<\/p>\n<p>b) ai consulenti fiscali, al consulente del lavoro, al Legale del cliente, ad altri soggetti incaricati dalla TAVA S.R.L. per l\u2019espletamento delle pratiche di loro competenza o incaricati del recupero dei crediti;<\/p>\n<p>c) ad enti pubblici e privati, anche a seguito di ispezioni o verifiche o per l\u2019espletamento di obblighi derivanti dalla Legge o da Regolamenti obbligatori, dalla Normativa Comunitaria o dalla Normativa secondaria (quali, ad esempio: Amministrazione Finanziaria, organi di Polizia Tributaria, Autorit\u00e0 giudiziarie, Ispettorato del Lavoro, ATS, Enti Previdenziali, Camera di Commercio, ecc.); a soggetti che possono accedere ai suoi dati in forza di disposizioni di legge o di normativa secondaria o comunitaria.<\/p>\n<p>d) d altri soggetti, esterni all\u2019organizzazione della TAVA S.R.L. che si occupano, per conto della medesima, delle attivit\u00e0 di assistenza tecnica, di garanzia e di erogazione di beni e servizi.<\/p>\n<p>L&#8217;ambito di comunicazione dei dati \u00e8 funzionalmente e strettamente correlato a quanto necessario per il perfezionamento della fornitura e\/o la prestazione dei servizi. I soggetti appartenenti alle categorie suddette svolgono la funzione di Responsabile del trattamento dei dati, oppure operano in totale autonomia come Titolari del trattamento di dati in outsourcing. L\u2019elenco dei Responsabili del trattamento designati \u00e8 costantemente aggiornato e disponibile presso la sede della TAVA S.R.L.. Gli interessati potranno dunque richiedere tale elenco contattando il titolare del trattamento attraverso i canali indicati al punto 1 della presente informativa.<\/p>\n<p><strong>8. DIFFUSIONE: <\/strong>non \u00e8 prevista la possibilit\u00e0 di diffondere i dati personali.<\/p>\n<p><strong>9. CONFERIMENTO:<\/strong> il consenso dell\u2019interessato dei propri dati nei confronti della TAVA S.R.L. non \u00e8 necessario qualora sia presente un contratto intercorso tra le parti o per effettuare misure precontrattuali adottate su richiesta dell\u2019interessato: in virt\u00f9 dell\u2019art. 6 comma 1 lettera b) tali dati saranno trattati senza alcuna necessit\u00e0 di consenso, nel caso dei dati funzionali a tali adempimenti. In caso di rifiuto dell\u2019interessato a conferire i dati o a consentire al loro<\/p>\n<p>trattamento potr\u00e0 derivare l&#8217;impossibilit\u00e0 di effettuare le attivit\u00e0 stesse.<\/p>\n<p>In caso di trattamento per ulteriori finalit\u00e0 sar\u00e0 invece necessario l\u2019invio preventivo da parte nostra di nuove informative dove lei possa esprimere facoltativamente il relativo consenso; in caso di rifiuto di consenso per questi ulteriori trattamenti potr\u00e0 conseguentemente derivare l&#8217;impossibilit\u00e0 di effettuare da parte nostra tali attivit\u00e0.<\/p>\n<p><strong>10. TRASFERIMENTO DEI DATI:<\/strong> i dati personali forniti non saranno trasferiti all\u2019esterno dell\u2019Unione Europea, salvo per le necessit\u00e0 di relazioni con le societ\u00e0 del gruppo cui la TAVA S.R.L. fa parte.<\/p>\n<p><strong>11. RIFERIMENTI:<\/strong> la informiamo che, per qualsiasi chiarimento in merito a questi argomenti, potr\u00e0 rivolgersi al titolare del trattamento, anche in caso di incertezza sulla natura di un dato e sul comportamento da tenere per il suo trattamento, facendo riferimento alla signora Cristina Lighezzolo. I riferimenti della societ\u00e0 sono riportati, oltre che al punto 1 della presente informativa, anche sul sito internet http:\/\/www.ebrovalvole.it\/privacy<\/p>\n<p><strong>12. DIRITTI DELL\u2019INTERESSATO:<\/strong> l\u2019interessato potr\u00e0, in qualsiasi momento, esercitare i diritti di seguito elencati:<\/p>\n<p>a) accesso ai dati personali: ottenere la conferma o meno che sia in corso un trattamento di dati che lo riguardano dei dati personali e, in tal caso, l\u2019accesso alle seguenti informazioni: finalit\u00e0, categorie di dati, destinatari, periodo di conservazione, diritto di proporre reclamo ad un\u2019autorit\u00e0 di controllo, diritto di richiedere rettifica o cancellazione o limitazione del trattamento o opposizione al trattamento stesso;<\/p>\n<p>b) richiesta di rettifica o cancellazione degli stessi o limitazione del trattamento che lo riguardano; per limitazione si intende il contrassegno dei dati conservati con l\u2019obiettivo di limitarne il trattamento in futuro;<\/p>\n<p>c) opposizione al trattamento: opporsi, in tutto o in parte, per motivi connessi alla situazione particolare dell\u2019interessato al trattamento dei dati personali che lo riguardano, ancorch\u00e9 pertinenti allo scopo della raccolta;<\/p>\n<p>d) portabilit\u00e0 dei dati: nel caso di trattamento automatizzato svolto sulla base del consenso o in esecuzione di un contratto, ricevere in un formato strutturato, di uso comune e leggibile da dispositivo automatico, i dati che lo riguardano;<\/p>\n<p>e) proporre reclamo all&#8217;autorit\u00e0 di controllo competente (per l\u2019Italia \u00e8 il Garante Privacy, contattabile tramite i dati di contatto riportati sul sito web www.garanteprivacy.it).<\/p>\n<p>I predetti diritti potranno essere esercitati inviando apposita richiesta al titolare del trattamento mediante i canali di contatto indicati all\u2019art. 1 della presente informativa. Le richieste relative all\u2019esercizio dei diritti dell\u2019utente saranno evase senza ritardo e, in ogni caso, entro un mese dalla domanda.<\/p>\n<p><strong>13. MODIFICHE ALLA PRESENTE INFORMATIVA:<\/strong> la presente Informativa pu\u00f2 subire variazioni. Si consiglia, quindi, di controllare regolarmente questa Informativa e di riferirsi alla versione pi\u00f9 aggiornata.<\/p>\n<p>Brescia (BS), 22 giugno 2018<\/p>\n<p>TAVA S.R.L.<\/p>\n<p>Sig. Mauro Volpi<\/p>\n<p>Consigliere Delegato e Legale Rappresentante<\/p>\n<\/div>\n<\/div>\n<\/div><\/section><\/p><\/div>\n","protected":false},"excerpt":{"rendered":"","protected":false},"author":5,"featured_media":0,"parent":3300,"menu_order":0,"comment_status":"closed","ping_status":"closed","template":"","meta":{"_acf_changed":false,"footnotes":""},"class_list":["post-6465","page","type-page","status-publish","hentry"],"acf":[],"_links":{"self":[{"href":"https:\/\/www.ebro-armaturen.com\/en\/wp-json\/wp\/v2\/pages\/6465"}],"collection":[{"href":"https:\/\/www.ebro-armaturen.com\/en\/wp-json\/wp\/v2\/pages"}],"about":[{"href":"https:\/\/www.ebro-armaturen.com\/en\/wp-json\/wp\/v2\/types\/page"}],"author":[{"embeddable":true,"href":"https:\/\/www.ebro-armaturen.com\/en\/wp-json\/wp\/v2\/users\/5"}],"replies":[{"embeddable":true,"href":"https:\/\/www.ebro-armaturen.com\/en\/wp-json\/wp\/v2\/comments?post=6465"}],"version-history":[{"count":5,"href":"https:\/\/www.ebro-armaturen.com\/en\/wp-json\/wp\/v2\/pages\/6465\/revisions"}],"predecessor-version":[{"id":7741,"href":"https:\/\/www.ebro-armaturen.com\/en\/wp-json\/wp\/v2\/pages\/6465\/revisions\/7741"}],"up":[{"embeddable":true,"href":"https:\/\/www.ebro-armaturen.com\/en\/wp-json\/wp\/v2\/pages\/3300"}],"wp:attachment":[{"href":"https:\/\/www.ebro-armaturen.com\/en\/wp-json\/wp\/v2\/media?parent=6465"}],"curies":[{"name":"wp","href":"https:\/\/api.w.org\/{rel}","templated":true}]}}