
{"id":3271,"date":"2019-11-26T15:11:18","date_gmt":"2019-11-26T14:11:18","guid":{"rendered":"https:\/\/www.ebro-armaturen.com\/company\/ebro-places\/ebro-hungary\/"},"modified":"2025-04-24T09:27:50","modified_gmt":"2025-04-24T07:27:50","slug":"ebro-hungary","status":"publish","type":"page","link":"https:\/\/www.ebro-armaturen.com\/en\/company\/ebro-places\/ebro-hungary\/","title":{"rendered":"EBRO Hungary"},"content":{"rendered":"<div id='full_slider_1'  class='avia-fullwidth-slider main_color avia-shadow   avia-builder-el-0  el_before_av_one_full  avia-builder-el-first   container_wrap sidebar_right'  ><div  class='avia-slideshow av-jy5ka8pt-4795425ccf540f4bf0cec6102b23abe0 avia-slideshow-featured av_slideshow_full avia-slide-slider av-slideshow-ui av-control-minimal av-slideshow-autoplay av-loop-endless av-loop-manual-endless av-default-height-applied   avia-slideshow-1' data-slideshow-options=\"{&quot;animation&quot;:&quot;slide&quot;,&quot;autoplay&quot;:true,&quot;loop_autoplay&quot;:&quot;endless&quot;,&quot;interval&quot;:5,&quot;loop_manual&quot;:&quot;manual-endless&quot;,&quot;autoplay_stopper&quot;:false,&quot;noNavigation&quot;:false,&quot;bg_slider&quot;:false,&quot;keep_padding&quot;:false,&quot;hoverpause&quot;:false,&quot;show_slide_delay&quot;:0}\"  itemprop=\"image\" itemscope=\"itemscope\" itemtype=\"https:\/\/schema.org\/ImageObject\" ><ul class='avia-slideshow-inner ' style='padding-bottom: 25%;'><li  class='avia-slideshow-slide av-jy5ka8pt-4795425ccf540f4bf0cec6102b23abe0__0  av-single-slide slide-1 slide-odd'><div data-rel='slideshow-1' class='avia-slide-wrap '   ><img decoding=\"async\" fetchpriority=\"high\" class=\"wp-image-2585 avia-img-lazy-loading-not-2585\"  src=\"https:\/\/www.ebro-armaturen.com\/wp-content\/uploads\/2019\/11\/Ungarn_Banner_940_x_235px.jpg\" width=\"940\" height=\"235\" title='Ungarn_Banner_940_x_235px' alt=''  itemprop=\"thumbnailUrl\" srcset=\"https:\/\/www.ebro-armaturen.com\/wp-content\/uploads\/2019\/11\/Ungarn_Banner_940_x_235px.jpg 940w, https:\/\/www.ebro-armaturen.com\/wp-content\/uploads\/2019\/11\/Ungarn_Banner_940_x_235px-768x192.jpg 768w, https:\/\/www.ebro-armaturen.com\/wp-content\/uploads\/2019\/11\/Ungarn_Banner_940_x_235px-705x176.jpg 705w, https:\/\/www.ebro-armaturen.com\/wp-content\/uploads\/2019\/11\/Ungarn_Banner_940_x_235px-450x113.jpg 450w\" sizes=\"(max-width: 940px) 100vw, 940px\" \/><\/div><\/li><\/ul><\/div><\/div><div id='after_full_slider_1'  class='main_color av_default_container_wrap container_wrap sidebar_right'  ><div class='container av-section-cont-open' ><div class='template-page content  av-content-small alpha units'><div class='post-entry post-entry-type-page post-entry-3271'><div class='entry-content-wrapper clearfix'>\n\n<style type=\"text\/css\" data-created_by=\"avia_inline_auto\" id=\"style-css-av-7ghcc-108c691071fdd4a0066b6404abdda38e\">\n.flex_column.av-7ghcc-108c691071fdd4a0066b6404abdda38e{\nborder-radius:0px 0px 0px 0px;\npadding:0px 0px 0px 0px;\n}\n<\/style>\n<div  class='flex_column av-7ghcc-108c691071fdd4a0066b6404abdda38e av_one_full  avia-builder-el-1  el_after_av_slideshow_full  el_before_av_one_full  avia-builder-el-first  first flex_column_div av-zero-column-padding  '     ><p>\n<style type=\"text\/css\" data-created_by=\"avia_inline_auto\" id=\"style-css-av-av_heading-9b122c2fc68ec477f80c51b01a193586\">\n#top .av-special-heading.av-av_heading-9b122c2fc68ec477f80c51b01a193586{\npadding-bottom:10px;\n}\nbody .av-special-heading.av-av_heading-9b122c2fc68ec477f80c51b01a193586 .av-special-heading-tag .heading-char{\nfont-size:25px;\n}\n.av-special-heading.av-av_heading-9b122c2fc68ec477f80c51b01a193586 .av-subheading{\nfont-size:15px;\n}\n<\/style>\n<div  class='av-special-heading av-av_heading-9b122c2fc68ec477f80c51b01a193586 av-special-heading-h1 blockquote modern-quote  avia-builder-el-2  el_before_av_textblock  avia-builder-el-first  av-linked-heading'><h1 class='av-special-heading-tag '  itemprop=\"headline\"  >WELCOME TO EBRO HUNGARY<\/h1><div class=\"special-heading-border\"><div class=\"special-heading-inner-border\"><\/div><\/div><\/div><br \/>\n<section  class='av_textblock_section av-k1c2lebs-82a4c03f01394c40724c7a9d905a6c4b '   itemscope=\"itemscope\" itemtype=\"https:\/\/schema.org\/CreativeWork\" ><div class='avia_textblock'  itemprop=\"text\" ><h4>EBRO ARMATUREN Kft.<\/h4>\n<p>Buda\u00f6rsi \u00fat 153.<br \/>\nH \u2013 1112 Budapest<\/p>\n<p>Telefon: +36 (1) 2017607<br \/>\nTelefax: +36 (1) 8010169*<\/p>\n<p>E-Mail: <a href=\"mailto:office@ebro.hu\">office@ebro.hu<\/a><br \/>\nWeb: www.ebro-armaturen.com\/hu<\/p>\n<p>K\u00f6zvetlen E-mail-c\u00edmek<\/p>\n<p><strong>Fecs\u0151 Zsolt &#8211; \u00fcgyvezet\u0151 igazgat\u00f3<\/strong><br \/>\n<a href=\"mailto:z.fecsoe@ebro.hu\">z.fecsoe@ebro.hu<\/a><\/p>\n<p><strong>Antal Ildik\u00f3 \u2013 irodavezet\u0151<\/strong><br \/>\n<a href=\"mailto:i.antal@ebro.hu\">i.antal@ebro.hu <\/a><\/p>\n<p><strong>Veress S\u00e1ndor \u2013 m\u00e9rn\u00f6k-\u00fczletk\u00f6t\u0151\/ m\u0171szaki tan\u00e1csad\u00f3<\/strong><br \/>\nTel: +36 30 3394589<br \/>\n<a href=\"mailto:s.veress@ebro.hu\">s.veress@ebro.hu<\/a><\/p>\n<p><strong>Csan\u00e1d K\u00e1pl\u00e1r \u2013 m\u0171szaki tan\u00e1csad\u00f3<br \/>\n<\/strong><a href=\"mailto:c.kaplar@ebro.hu\">c.kaplar@ebro.hu<\/a><\/p>\n<\/div><\/section><\/p><\/div>\n<div  class='flex_column av-av_one_full-a2cef933b0a555f25d1e39b22a8e9dae av_one_full  avia-builder-el-4  el_after_av_one_full  avia-builder-el-last  first flex_column_div  column-top-margin'     ><p>\n<style type=\"text\/css\" data-created_by=\"avia_inline_auto\" id=\"style-css-av-m9v1iwxg-6b736ed7730739286856d5a9a84aa649\">\n#top .av-special-heading.av-m9v1iwxg-6b736ed7730739286856d5a9a84aa649{\npadding-bottom:10px;\n}\nbody .av-special-heading.av-m9v1iwxg-6b736ed7730739286856d5a9a84aa649 .av-special-heading-tag .heading-char{\nfont-size:25px;\n}\n.av-special-heading.av-m9v1iwxg-6b736ed7730739286856d5a9a84aa649 .av-subheading{\nfont-size:15px;\n}\n<\/style>\n<div  class='av-special-heading av-m9v1iwxg-6b736ed7730739286856d5a9a84aa649 av-special-heading-h3  avia-builder-el-5  el_before_av_buttonrow  avia-builder-el-first '><h3 class='av-special-heading-tag '  itemprop=\"headline\"  >EBRO ARMATUREN Kft. Terms and Conditions of Sale and Delivery<\/h3><div class=\"special-heading-border\"><div class=\"special-heading-inner-border\"><\/div><\/div><\/div><br \/>\n<div  class='avia-buttonrow-wrap av-m9v1j00j-ea9ee62aa6255440c78c5dbb6824f7bc avia-buttonrow-center  avia-builder-el-6  el_after_av_heading  avia-builder-el-last '>\n\n<style type=\"text\/css\" data-created_by=\"avia_inline_auto\" id=\"style-css-av-av_buttonrow_item-bd91cf04ad4bcbca2cebac9b5dac7e6a\">\n#top #wrap_all .avia-button.av-av_buttonrow_item-bd91cf04ad4bcbca2cebac9b5dac7e6a{\nmargin-bottom:5px;\nmargin-right:3px;\nmargin-left:3px;\n}\n<\/style>\n<a href=''  class='avia-button av-av_buttonrow_item-bd91cf04ad4bcbca2cebac9b5dac7e6a avia-icon_select-yes-left-icon avia-size-small avia-color-theme-color-highlight'   aria-label=\"AZ EBRO ARMATUREN Kft. Elad\u00e1si \u00e9s Sz\u00e1ll\u00edt\u00e1si Felt\u00e9telei\"><span class='avia_button_icon avia_button_icon_left ' aria-hidden='true' data-av_icon='\ue82d' data-av_iconfont='entypo-fontello'><\/span><span class='avia_iconbox_title' >AZ EBRO ARMATUREN Kft. Elad\u00e1si \u00e9s Sz\u00e1ll\u00edt\u00e1si Felt\u00e9telei<\/span><\/a>\n\n<style type=\"text\/css\" data-created_by=\"avia_inline_auto\" id=\"style-css-av-av_buttonrow_item-07df4d64160f9375a1219f17a0060094\">\n#top #wrap_all .avia-button.av-av_buttonrow_item-07df4d64160f9375a1219f17a0060094{\nmargin-bottom:5px;\nmargin-right:3px;\nmargin-left:3px;\n}\n<\/style>\n<a href='https:\/\/www.ebro-armaturen.com\/wp-content\/uploads\/2025\/04\/EBRO-ARMATUREN-Kft_AGB_EN.pdf' class='avia-button av-av_buttonrow_item-07df4d64160f9375a1219f17a0060094 avia-icon_select-yes-left-icon avia-size-small avia-color-theme-color-highlight' target=\"_blank\" rel=\"noopener noreferrer\" aria-label=\"EBRO ARMATUREN Kft. Terms and Conditions of Sale and Delivery\"><span class='avia_button_icon avia_button_icon_left ' aria-hidden='true' data-av_icon='\ue82d' data-av_iconfont='entypo-fontello'><\/span><span class='avia_iconbox_title' >EBRO ARMATUREN Kft. Terms and Conditions of Sale and Delivery<\/span><\/a>\n<\/div><\/p><\/div>\n","protected":false},"excerpt":{"rendered":"","protected":false},"author":2,"featured_media":0,"parent":1563,"menu_order":8,"comment_status":"closed","ping_status":"closed","template":"","meta":{"_acf_changed":false,"footnotes":""},"class_list":["post-3271","page","type-page","status-publish","hentry"],"acf":[],"_links":{"self":[{"href":"https:\/\/www.ebro-armaturen.com\/en\/wp-json\/wp\/v2\/pages\/3271"}],"collection":[{"href":"https:\/\/www.ebro-armaturen.com\/en\/wp-json\/wp\/v2\/pages"}],"about":[{"href":"https:\/\/www.ebro-armaturen.com\/en\/wp-json\/wp\/v2\/types\/page"}],"author":[{"embeddable":true,"href":"https:\/\/www.ebro-armaturen.com\/en\/wp-json\/wp\/v2\/users\/2"}],"replies":[{"embeddable":true,"href":"https:\/\/www.ebro-armaturen.com\/en\/wp-json\/wp\/v2\/comments?post=3271"}],"version-history":[{"count":7,"href":"https:\/\/www.ebro-armaturen.com\/en\/wp-json\/wp\/v2\/pages\/3271\/revisions"}],"predecessor-version":[{"id":21869,"href":"https:\/\/www.ebro-armaturen.com\/en\/wp-json\/wp\/v2\/pages\/3271\/revisions\/21869"}],"up":[{"embeddable":true,"href":"https:\/\/www.ebro-armaturen.com\/en\/wp-json\/wp\/v2\/pages\/1563"}],"wp:attachment":[{"href":"https:\/\/www.ebro-armaturen.com\/en\/wp-json\/wp\/v2\/media?parent=3271"}],"curies":[{"name":"wp","href":"https:\/\/api.w.org\/{rel}","templated":true}]}}