
{"id":3228,"date":"2019-11-26T14:55:14","date_gmt":"2019-11-26T13:55:14","guid":{"rendered":"https:\/\/www.ebro-armaturen.com\/company\/ebro-places\/ebro-czech-republic\/"},"modified":"2023-11-30T08:43:47","modified_gmt":"2023-11-30T07:43:47","slug":"ebro-czech-republic","status":"publish","type":"page","link":"https:\/\/www.ebro-armaturen.com\/en\/company\/ebro-places\/ebro-czech-republic\/","title":{"rendered":"EBRO Czech Republic"},"content":{"rendered":"<div id='full_slider_1'  class='avia-fullwidth-slider main_color avia-shadow   avia-builder-el-0  el_before_av_one_full  avia-builder-el-first   container_wrap sidebar_right'  ><div  class='avia-slideshow av-jy5ka8pt-4795425ccf540f4bf0cec6102b23abe0 avia-slideshow-featured av_slideshow_full avia-slide-slider av-slideshow-ui av-control-minimal av-slideshow-autoplay av-loop-endless av-loop-manual-endless av-default-height-applied   avia-slideshow-1' data-slideshow-options=\"{&quot;animation&quot;:&quot;slide&quot;,&quot;autoplay&quot;:true,&quot;loop_autoplay&quot;:&quot;endless&quot;,&quot;interval&quot;:5,&quot;loop_manual&quot;:&quot;manual-endless&quot;,&quot;autoplay_stopper&quot;:false,&quot;noNavigation&quot;:false,&quot;bg_slider&quot;:false,&quot;keep_padding&quot;:false,&quot;hoverpause&quot;:false,&quot;show_slide_delay&quot;:0}\"  itemprop=\"image\" itemscope=\"itemscope\" itemtype=\"https:\/\/schema.org\/ImageObject\" ><ul class='avia-slideshow-inner ' style='padding-bottom: 25%;'><li  class='avia-slideshow-slide av-jy5ka8pt-4795425ccf540f4bf0cec6102b23abe0__0  av-single-slide slide-1 slide-odd'><div data-rel='slideshow-1' class='avia-slide-wrap '   ><img decoding=\"async\" fetchpriority=\"high\" class=\"wp-image-3464 avia-img-lazy-loading-not-3464\"  src=\"https:\/\/www.ebro-armaturen.com\/wp-content\/uploads\/2019\/11\/Tschechien_Banner_940_x_235px-1.jpg\" width=\"940\" height=\"235\" title='Tschechien_Banner_940_x_235px' alt=''  itemprop=\"thumbnailUrl\" srcset=\"https:\/\/www.ebro-armaturen.com\/wp-content\/uploads\/2019\/11\/Tschechien_Banner_940_x_235px-1.jpg 940w, https:\/\/www.ebro-armaturen.com\/wp-content\/uploads\/2019\/11\/Tschechien_Banner_940_x_235px-1-768x192.jpg 768w, https:\/\/www.ebro-armaturen.com\/wp-content\/uploads\/2019\/11\/Tschechien_Banner_940_x_235px-1-705x176.jpg 705w, https:\/\/www.ebro-armaturen.com\/wp-content\/uploads\/2019\/11\/Tschechien_Banner_940_x_235px-1-450x113.jpg 450w\" sizes=\"(max-width: 940px) 100vw, 940px\" \/><\/div><\/li><\/ul><\/div><\/div><div id='after_full_slider_1'  class='main_color av_default_container_wrap container_wrap sidebar_right'  ><div class='container av-section-cont-open' ><div class='template-page content  av-content-small alpha units'><div class='post-entry post-entry-type-page post-entry-3228'><div class='entry-content-wrapper clearfix'>\n\n<style type=\"text\/css\" data-created_by=\"avia_inline_auto\" id=\"style-css-av-7ghcc-108c691071fdd4a0066b6404abdda38e\">\n.flex_column.av-7ghcc-108c691071fdd4a0066b6404abdda38e{\nborder-radius:0px 0px 0px 0px;\npadding:0px 0px 0px 0px;\n}\n<\/style>\n<div  class='flex_column av-7ghcc-108c691071fdd4a0066b6404abdda38e av_one_full  avia-builder-el-1  el_after_av_slideshow_full  avia-builder-el-no-sibling  first flex_column_div av-zero-column-padding  '     ><p>\n<style type=\"text\/css\" data-created_by=\"avia_inline_auto\" id=\"style-css-av-av_heading-9769e457fedaceceb99ef008a2348c45\">\n#top .av-special-heading.av-av_heading-9769e457fedaceceb99ef008a2348c45{\npadding-bottom:10px;\n}\nbody .av-special-heading.av-av_heading-9769e457fedaceceb99ef008a2348c45 .av-special-heading-tag .heading-char{\nfont-size:25px;\n}\n.av-special-heading.av-av_heading-9769e457fedaceceb99ef008a2348c45 .av-subheading{\nfont-size:15px;\n}\n<\/style>\n<div  class='av-special-heading av-av_heading-9769e457fedaceceb99ef008a2348c45 av-special-heading-h1 blockquote modern-quote  avia-builder-el-2  el_before_av_textblock  avia-builder-el-first  av-linked-heading'><h1 class='av-special-heading-tag '  itemprop=\"headline\"  >WELCOME TO EBRO CZECH REPUBLIC<\/h1><div class=\"special-heading-border\"><div class=\"special-heading-inner-border\"><\/div><\/div><\/div><br \/>\n<section  class='av_textblock_section av-k1c2lebs-82a4c03f01394c40724c7a9d905a6c4b '   itemscope=\"itemscope\" itemtype=\"https:\/\/schema.org\/CreativeWork\" ><div class='avia_textblock'  itemprop=\"text\" ><h4>EBRO ARMATUREN s.r.o.<\/h4>\n<p>Koli\u0161t\u011b 7,<br \/>\nCZ &#8211; 602 00 Brno<\/p>\n<p>Telefon:+420 545213895<br \/>\nTelefax:+420 545216026<\/p>\n<p>E-Mail: <a href=\"mailto:obchod@ebro-armaturen.cz\">obchod@ebro-armaturen.cz<\/a><br \/>\nWeb: www.ebro-armaturen.cz<\/p>\n<p><strong>pan Petr Lazar &#8211; jednatel<\/strong><br \/>\n<a href=\"mailto:p.lazar@ebro-armaturen.cz\">p.lazar@ebro-armaturen.cz<\/a><\/p>\n<p><strong>pani Sabina Hrabinov\u00e1 &#8211; fakturace, administrativa<\/strong><br \/>\n<a href=\"mailto:s.hrabinova@ebro-armaturen.cz\">s.hrabinova@ebro-armaturen.cz<\/a><\/p>\n<p><strong>pan Ond\u0159ej Navr\u00e1til &#8211; technick\u00e9 dotazy, nab\u00eddky a objedn\u00e1vky<\/strong><br \/>\n<a href=\"mailto:o.navratil@ebro-armaturen.cz\">o.navratil@ebro-armaturen.cz<\/a><\/p>\n<p>Na obchodn\u00ed a technick\u00e9 dotazy odpov\u00ed p\u0159\u00edmo ve Va\u0161\u00ed firmu:<\/p>\n<p><strong>oblast \u010dechy:<\/strong><br \/>\npan Ji\u0159\u00ed Seifert<br \/>\nTelefon: +420\u00a0774\u00a0401 511<br \/>\n<a href=\"mailto:j.seifert@ebro-armaturen.cz\">j.seifert@ebro-armaturen.cz<\/a><\/p>\n<p><strong>oblast Morava: <\/strong><\/p>\n<p>pan Dipl. Ing. Miro Vysko\u010dil<br \/>\nTelefon: +420 774 401 512<br \/>\n<a href=\"mailto:m.vyskocil@ebro-armaturen.cz\">m.vyskocil@ebro-armaturen.cz<\/a><\/p>\n<\/div><\/section><\/p><\/div>\n","protected":false},"excerpt":{"rendered":"","protected":false},"author":2,"featured_media":0,"parent":1563,"menu_order":5,"comment_status":"closed","ping_status":"closed","template":"","meta":{"_acf_changed":false,"footnotes":""},"class_list":["post-3228","page","type-page","status-publish","hentry"],"acf":[],"_links":{"self":[{"href":"https:\/\/www.ebro-armaturen.com\/en\/wp-json\/wp\/v2\/pages\/3228"}],"collection":[{"href":"https:\/\/www.ebro-armaturen.com\/en\/wp-json\/wp\/v2\/pages"}],"about":[{"href":"https:\/\/www.ebro-armaturen.com\/en\/wp-json\/wp\/v2\/types\/page"}],"author":[{"embeddable":true,"href":"https:\/\/www.ebro-armaturen.com\/en\/wp-json\/wp\/v2\/users\/2"}],"replies":[{"embeddable":true,"href":"https:\/\/www.ebro-armaturen.com\/en\/wp-json\/wp\/v2\/comments?post=3228"}],"version-history":[{"count":7,"href":"https:\/\/www.ebro-armaturen.com\/en\/wp-json\/wp\/v2\/pages\/3228\/revisions"}],"predecessor-version":[{"id":18460,"href":"https:\/\/www.ebro-armaturen.com\/en\/wp-json\/wp\/v2\/pages\/3228\/revisions\/18460"}],"up":[{"embeddable":true,"href":"https:\/\/www.ebro-armaturen.com\/en\/wp-json\/wp\/v2\/pages\/1563"}],"wp:attachment":[{"href":"https:\/\/www.ebro-armaturen.com\/en\/wp-json\/wp\/v2\/media?parent=3228"}],"curies":[{"name":"wp","href":"https:\/\/api.w.org\/{rel}","templated":true}]}}