
{"id":334,"date":"2019-10-02T15:28:30","date_gmt":"2019-10-02T13:28:30","guid":{"rendered":"https:\/\/www.ebro-armaturen.com\/soubory-ke-stazeni\/dalsi-soubory-ke-stazeni\/videa\/"},"modified":"2025-06-17T11:00:05","modified_gmt":"2025-06-17T09:00:05","slug":"videa","status":"publish","type":"page","link":"https:\/\/www.ebro-armaturen.com\/cs\/soubory-ke-stazeni\/videa\/","title":{"rendered":"Videa"},"content":{"rendered":"<div id='full_slider_1'  class='avia-fullwidth-slider main_color avia-shadow   avia-builder-el-0  el_before_av_one_full  avia-builder-el-first   container_wrap sidebar_right'  ><div  class='avia-slideshow av-jy5ka8pt-4795425ccf540f4bf0cec6102b23abe0 avia-slideshow-featured av_slideshow_full avia-slide-slider av-slideshow-ui av-control-minimal av-slideshow-autoplay av-loop-endless av-loop-manual-endless av-default-height-applied   avia-slideshow-1' data-slideshow-options=\"{&quot;animation&quot;:&quot;slide&quot;,&quot;autoplay&quot;:true,&quot;loop_autoplay&quot;:&quot;endless&quot;,&quot;interval&quot;:5,&quot;loop_manual&quot;:&quot;manual-endless&quot;,&quot;autoplay_stopper&quot;:false,&quot;noNavigation&quot;:false,&quot;bg_slider&quot;:false,&quot;keep_padding&quot;:false,&quot;hoverpause&quot;:false,&quot;show_slide_delay&quot;:0}\"  itemprop=\"image\" itemscope=\"itemscope\" itemtype=\"https:\/\/schema.org\/ImageObject\" ><ul class='avia-slideshow-inner ' style='padding-bottom: 25%;'><li  class='avia-slideshow-slide av-jy5ka8pt-4795425ccf540f4bf0cec6102b23abe0__0  av-single-slide slide-1 slide-odd'><div data-rel='slideshow-1' class='avia-slide-wrap '   ><img decoding=\"async\" fetchpriority=\"high\" class=\"wp-image-1165 avia-img-lazy-loading-not-1165\"  src=\"https:\/\/www.ebro-armaturen.com\/wp-content\/uploads\/2019\/10\/Downloads_Startseite_940x235_px.jpg\" width=\"940\" height=\"235\" title='Downloads_Startseite_940x235_px' alt=''  itemprop=\"thumbnailUrl\" srcset=\"https:\/\/www.ebro-armaturen.com\/wp-content\/uploads\/2019\/10\/Downloads_Startseite_940x235_px.jpg 940w, https:\/\/www.ebro-armaturen.com\/wp-content\/uploads\/2019\/10\/Downloads_Startseite_940x235_px-300x75.jpg 300w, https:\/\/www.ebro-armaturen.com\/wp-content\/uploads\/2019\/10\/Downloads_Startseite_940x235_px-768x192.jpg 768w, https:\/\/www.ebro-armaturen.com\/wp-content\/uploads\/2019\/10\/Downloads_Startseite_940x235_px-705x176.jpg 705w, https:\/\/www.ebro-armaturen.com\/wp-content\/uploads\/2019\/10\/Downloads_Startseite_940x235_px-450x113.jpg 450w\" sizes=\"(max-width: 940px) 100vw, 940px\" \/><\/div><\/li><\/ul><\/div><\/div><div id='after_full_slider_1'  class='main_color av_default_container_wrap container_wrap sidebar_right'  ><div class='container av-section-cont-open' ><div class='template-page content  av-content-small alpha units'><div class='post-entry post-entry-type-page post-entry-334'><div class='entry-content-wrapper clearfix'>\n\n<style type=\"text\/css\" data-created_by=\"avia_inline_auto\" id=\"style-css-av-7ghcc-108c691071fdd4a0066b6404abdda38e\">\n.flex_column.av-7ghcc-108c691071fdd4a0066b6404abdda38e{\nborder-radius:0px 0px 0px 0px;\npadding:0px 0px 0px 0px;\n}\n<\/style>\n<div  class='flex_column av-7ghcc-108c691071fdd4a0066b6404abdda38e av_one_full  avia-builder-el-1  el_after_av_slideshow_full  el_before_av_one_full  avia-builder-el-first  first flex_column_div av-zero-column-padding  '     ><p>\n<style type=\"text\/css\" data-created_by=\"avia_inline_auto\" id=\"style-css-av-av_heading-05095ec4d39ac642917b5d83985996ff\">\n#top .av-special-heading.av-av_heading-05095ec4d39ac642917b5d83985996ff{\npadding-bottom:25px;\n}\nbody .av-special-heading.av-av_heading-05095ec4d39ac642917b5d83985996ff .av-special-heading-tag .heading-char{\nfont-size:25px;\n}\n.av-special-heading.av-av_heading-05095ec4d39ac642917b5d83985996ff .av-subheading{\nfont-size:15px;\n}\n<\/style>\n<div  class='av-special-heading av-av_heading-05095ec4d39ac642917b5d83985996ff av-special-heading-h1 blockquote modern-quote  avia-builder-el-2  el_before_av_video  avia-builder-el-first '><h1 class='av-special-heading-tag '  itemprop=\"headline\"  >KVALITA V DETAILU<\/h1><div class=\"special-heading-border\"><div class=\"special-heading-inner-border\"><\/div><\/div><\/div><br \/>\n<div class='avia-video avia-video-16-9   av-lazyload-immediate  av-lazyload-video-embed  '   itemprop=\"video\" itemtype=\"https:\/\/schema.org\/VideoObject\"  data-original_url='https:\/\/youtu.be\/XB7KRUlVh9g' ><script type='text\/html' class='av-video-tmpl'><div class='avia-iframe-wrap'><iframe loading=\"lazy\" title=\"EBRO: Quality in Detail [EN]\" width=\"1500\" height=\"844\" src=\"https:\/\/www.youtube.com\/embed\/XB7KRUlVh9g?feature=oembed\" frameborder=\"0\" allow=\"accelerometer; autoplay; clipboard-write; encrypted-media; gyroscope; picture-in-picture; web-share\" referrerpolicy=\"strict-origin-when-cross-origin\" allowfullscreen><\/iframe><\/div><\/script><div class='av-click-to-play-overlay'><div class=\"avia_playpause_icon\"><\/div><\/div><\/div><\/p><\/div>\n\n<style type=\"text\/css\" data-created_by=\"avia_inline_auto\" id=\"style-css-av-7ghcc-108c691071fdd4a0066b6404abdda38e\">\n.flex_column.av-7ghcc-108c691071fdd4a0066b6404abdda38e{\nborder-radius:0px 0px 0px 0px;\npadding:0px 0px 0px 0px;\n}\n<\/style>\n<div  class='flex_column av-7ghcc-108c691071fdd4a0066b6404abdda38e av_one_full  avia-builder-el-4  el_after_av_one_full  el_before_av_one_full  first flex_column_div av-zero-column-padding  column-top-margin'     ><p>\n<style type=\"text\/css\" data-created_by=\"avia_inline_auto\" id=\"style-css-av-av_heading-f3fa5e2aeee7ca7b02b5fa208f2490d4\">\n#top .av-special-heading.av-av_heading-f3fa5e2aeee7ca7b02b5fa208f2490d4{\npadding-bottom:25px;\n}\nbody .av-special-heading.av-av_heading-f3fa5e2aeee7ca7b02b5fa208f2490d4 .av-special-heading-tag .heading-char{\nfont-size:25px;\n}\n.av-special-heading.av-av_heading-f3fa5e2aeee7ca7b02b5fa208f2490d4 .av-subheading{\nfont-size:15px;\n}\n<\/style>\n<div  class='av-special-heading av-av_heading-f3fa5e2aeee7ca7b02b5fa208f2490d4 av-special-heading-h1 blockquote modern-quote  avia-builder-el-5  el_before_av_video  avia-builder-el-first '><h1 class='av-special-heading-tag '  itemprop=\"headline\"  >PROVOZN\u00cd RE\u017dIM SYST\u00c9MU EBRO CYCLE LOCK<\/h1><div class=\"special-heading-border\"><div class=\"special-heading-inner-border\"><\/div><\/div><\/div><br \/>\n<div class='avia-video avia-video-16-9   av-lazyload-immediate  av-lazyload-video-embed  '   itemprop=\"video\" itemtype=\"https:\/\/schema.org\/VideoObject\"  data-original_url='https:\/\/youtu.be\/NEieN04SXTQ' ><script type='text\/html' class='av-video-tmpl'><div class='avia-iframe-wrap'><iframe loading=\"lazy\" title=\"EBRO TS: Operating Mode of the EBRO Cycle Lock System [EN]\" width=\"1500\" height=\"844\" src=\"https:\/\/www.youtube.com\/embed\/NEieN04SXTQ?feature=oembed\" frameborder=\"0\" allow=\"accelerometer; autoplay; clipboard-write; encrypted-media; gyroscope; picture-in-picture; web-share\" referrerpolicy=\"strict-origin-when-cross-origin\" allowfullscreen><\/iframe><\/div><\/script><div class='av-click-to-play-overlay'><div class=\"avia_playpause_icon\"><\/div><\/div><\/div><\/p><\/div>\n\n<style type=\"text\/css\" data-created_by=\"avia_inline_auto\" id=\"style-css-av-7ghcc-108c691071fdd4a0066b6404abdda38e\">\n.flex_column.av-7ghcc-108c691071fdd4a0066b6404abdda38e{\nborder-radius:0px 0px 0px 0px;\npadding:0px 0px 0px 0px;\n}\n<\/style>\n<div  class='flex_column av-7ghcc-108c691071fdd4a0066b6404abdda38e av_one_full  avia-builder-el-7  el_after_av_one_full  el_before_av_one_full  first flex_column_div av-zero-column-padding  column-top-margin'     ><p>\n<style type=\"text\/css\" data-created_by=\"avia_inline_auto\" id=\"style-css-av-av_heading-76d1f94fa7616d4a45d2179ccc4dae9d\">\n#top .av-special-heading.av-av_heading-76d1f94fa7616d4a45d2179ccc4dae9d{\npadding-bottom:25px;\n}\nbody .av-special-heading.av-av_heading-76d1f94fa7616d4a45d2179ccc4dae9d .av-special-heading-tag .heading-char{\nfont-size:25px;\n}\n.av-special-heading.av-av_heading-76d1f94fa7616d4a45d2179ccc4dae9d .av-subheading{\nfont-size:15px;\n}\n<\/style>\n<div  class='av-special-heading av-av_heading-76d1f94fa7616d4a45d2179ccc4dae9d av-special-heading-h1 blockquote modern-quote  avia-builder-el-8  el_before_av_video  avia-builder-el-first '><h1 class='av-special-heading-tag '  itemprop=\"headline\"  >V\u00ddM\u011aNA OBJ\u00cdMKY A T\u011aSNIC\u00cd SADA<\/h1><div class=\"special-heading-border\"><div class=\"special-heading-inner-border\"><\/div><\/div><\/div><br \/>\n<div class='avia-video avia-video-16-9   av-lazyload-immediate  av-lazyload-video-embed  '   itemprop=\"video\" itemtype=\"https:\/\/schema.org\/VideoObject\"  data-original_url='https:\/\/youtu.be\/1ORb3sh8hJY?si=lZc45zEuokoiA8_0' ><script type='text\/html' class='av-video-tmpl'><div class='avia-iframe-wrap'><iframe loading=\"lazy\" title=\"[How-To] EBRO Z-Series: Replacement of spare parts [EN]\" width=\"1500\" height=\"844\" src=\"https:\/\/www.youtube.com\/embed\/1ORb3sh8hJY?feature=oembed\" frameborder=\"0\" allow=\"accelerometer; autoplay; clipboard-write; encrypted-media; gyroscope; picture-in-picture; web-share\" referrerpolicy=\"strict-origin-when-cross-origin\" allowfullscreen><\/iframe><\/div><\/script><div class='av-click-to-play-overlay'><div class=\"avia_playpause_icon\"><\/div><\/div><\/div><\/p><\/div>\n<style type=\"text\/css\" data-created_by=\"avia_inline_auto\" id=\"style-css-av-7ghcc-108c691071fdd4a0066b6404abdda38e\">\n.flex_column.av-7ghcc-108c691071fdd4a0066b6404abdda38e{\nborder-radius:0px 0px 0px 0px;\npadding:0px 0px 0px 0px;\n}\n<\/style>\n<div  class='flex_column av-7ghcc-108c691071fdd4a0066b6404abdda38e av_one_full  avia-builder-el-10  el_after_av_one_full  el_before_av_one_full  first flex_column_div av-zero-column-padding  column-top-margin'     ><p>\n<style type=\"text\/css\" data-created_by=\"avia_inline_auto\" id=\"style-css-av-av_heading-e3bf08f9695baed6f8e6ea4a58cd5c8b\">\n#top .av-special-heading.av-av_heading-e3bf08f9695baed6f8e6ea4a58cd5c8b{\npadding-bottom:25px;\n}\nbody .av-special-heading.av-av_heading-e3bf08f9695baed6f8e6ea4a58cd5c8b .av-special-heading-tag .heading-char{\nfont-size:25px;\n}\n.av-special-heading.av-av_heading-e3bf08f9695baed6f8e6ea4a58cd5c8b .av-subheading{\nfont-size:15px;\n}\n<\/style>\n<div  class='av-special-heading av-av_heading-e3bf08f9695baed6f8e6ea4a58cd5c8b av-special-heading-h1 blockquote modern-quote  avia-builder-el-11  el_before_av_video  avia-builder-el-first '><h1 class='av-special-heading-tag '  itemprop=\"headline\"  >V\u00ddM\u011aNA T\u011aSN\u00cdC\u00cdCH PRVK\u016e NA PNEUMATICK\u00c9M POHON\u016e EB-SYD<\/h1><div class=\"special-heading-border\"><div class=\"special-heading-inner-border\"><\/div><\/div><\/div><br \/>\n<div class='avia-video avia-video-16-9   av-lazyload-immediate  av-lazyload-video-embed  '   itemprop=\"video\" itemtype=\"https:\/\/schema.org\/VideoObject\"  data-original_url='https:\/\/youtu.be\/z_lp--jf_qA' ><script type='text\/html' class='av-video-tmpl'><div class='avia-iframe-wrap'><iframe loading=\"lazy\" title=\"Replacement of the sealing elements on the pneumatic actuator EB-SYD\" width=\"1500\" height=\"844\" src=\"https:\/\/www.youtube.com\/embed\/z_lp--jf_qA?feature=oembed\" frameborder=\"0\" allow=\"accelerometer; autoplay; clipboard-write; encrypted-media; gyroscope; picture-in-picture; web-share\" referrerpolicy=\"strict-origin-when-cross-origin\" allowfullscreen><\/iframe><\/div><\/script><div class='av-click-to-play-overlay'><div class=\"avia_playpause_icon\"><\/div><\/div><\/div><\/p><\/div><\/p>\n\n<style type=\"text\/css\" data-created_by=\"avia_inline_auto\" id=\"style-css-av-7ghcc-108c691071fdd4a0066b6404abdda38e\">\n.flex_column.av-7ghcc-108c691071fdd4a0066b6404abdda38e{\nborder-radius:0px 0px 0px 0px;\npadding:0px 0px 0px 0px;\n}\n<\/style>\n<div  class='flex_column av-7ghcc-108c691071fdd4a0066b6404abdda38e av_one_full  avia-builder-el-13  el_after_av_one_full  el_before_av_one_full  first flex_column_div av-zero-column-padding  column-top-margin'     ><p>\n<style type=\"text\/css\" data-created_by=\"avia_inline_auto\" id=\"style-css-av-av_heading-4a34a00f3fe6cdb0e1a1f24a5b25d9a6\">\n#top .av-special-heading.av-av_heading-4a34a00f3fe6cdb0e1a1f24a5b25d9a6{\npadding-bottom:25px;\n}\nbody .av-special-heading.av-av_heading-4a34a00f3fe6cdb0e1a1f24a5b25d9a6 .av-special-heading-tag .heading-char{\nfont-size:25px;\n}\n.av-special-heading.av-av_heading-4a34a00f3fe6cdb0e1a1f24a5b25d9a6 .av-subheading{\nfont-size:15px;\n}\n<\/style>\n<div  class='av-special-heading av-av_heading-4a34a00f3fe6cdb0e1a1f24a5b25d9a6 av-special-heading-h1 blockquote modern-quote  avia-builder-el-14  el_before_av_video  avia-builder-el-first '><h1 class='av-special-heading-tag '  itemprop=\"headline\"  >ZM\u011aNA PROVOZN\u00cdCH \u010cAS\u016e POMOC\u00cd REGUL\u00c1TORU OT\u00c1\u010cEK<\/h1><div class=\"special-heading-border\"><div class=\"special-heading-inner-border\"><\/div><\/div><\/div><br \/>\n<div class='avia-video avia-video-16-9   av-lazyload-immediate  av-lazyload-video-embed  '   itemprop=\"video\" itemtype=\"https:\/\/schema.org\/VideoObject\"  data-original_url='https:\/\/youtu.be\/SeW2nshqunU' ><script type='text\/html' class='av-video-tmpl'><div class='avia-iframe-wrap'><iframe loading=\"lazy\" title=\"EBRO EB-SYD: Modification of operating times via speed control unit at double-acting actuator [EN]\" width=\"1500\" height=\"844\" src=\"https:\/\/www.youtube.com\/embed\/SeW2nshqunU?feature=oembed\" frameborder=\"0\" allow=\"accelerometer; autoplay; clipboard-write; encrypted-media; gyroscope; picture-in-picture; web-share\" referrerpolicy=\"strict-origin-when-cross-origin\" allowfullscreen><\/iframe><\/div><\/script><div class='av-click-to-play-overlay'><div class=\"avia_playpause_icon\"><\/div><\/div><\/div><\/p><\/div>\n\n<style type=\"text\/css\" data-created_by=\"avia_inline_auto\" id=\"style-css-av-7ghcc-108c691071fdd4a0066b6404abdda38e\">\n.flex_column.av-7ghcc-108c691071fdd4a0066b6404abdda38e{\nborder-radius:0px 0px 0px 0px;\npadding:0px 0px 0px 0px;\n}\n<\/style>\n<div  class='flex_column av-7ghcc-108c691071fdd4a0066b6404abdda38e av_one_full  avia-builder-el-16  el_after_av_one_full  el_before_av_one_full  first flex_column_div av-zero-column-padding  column-top-margin'     ><p>\n<style type=\"text\/css\" data-created_by=\"avia_inline_auto\" id=\"style-css-av-av_heading-37b5bb2b943fc8535697f697ca8ab83b\">\n#top .av-special-heading.av-av_heading-37b5bb2b943fc8535697f697ca8ab83b{\npadding-bottom:25px;\n}\nbody .av-special-heading.av-av_heading-37b5bb2b943fc8535697f697ca8ab83b .av-special-heading-tag .heading-char{\nfont-size:25px;\n}\n.av-special-heading.av-av_heading-37b5bb2b943fc8535697f697ca8ab83b .av-subheading{\nfont-size:15px;\n}\n<\/style>\n<div  class='av-special-heading av-av_heading-37b5bb2b943fc8535697f697ca8ab83b av-special-heading-h1 blockquote modern-quote  avia-builder-el-17  el_before_av_video  avia-builder-el-first '><h1 class='av-special-heading-tag '  itemprop=\"headline\"  >PRODLOU\u017dEN\u00c1 DOBA PROVOZU POMOC\u00cd \u0160KRTIC\u00cdHO ZA\u0158\u00cdZEN\u00cd NA ZP\u011aTN\u00c9 PRU\u017dINY POHON\u016e EB<\/h1><div class=\"special-heading-border\"><div class=\"special-heading-inner-border\"><\/div><\/div><\/div><br \/>\n<div class='avia-video avia-video-16-9   av-lazyload-immediate  av-lazyload-video-embed  '   itemprop=\"video\" itemtype=\"https:\/\/schema.org\/VideoObject\"  data-original_url='https:\/\/youtu.be\/j9EIp0_cwoY' ><script type='text\/html' class='av-video-tmpl'><div class='avia-iframe-wrap'><iframe loading=\"lazy\" title=\"Extended operating time by the use of a throttle unit on the spring return EB actuator\" width=\"1500\" height=\"844\" src=\"https:\/\/www.youtube.com\/embed\/j9EIp0_cwoY?feature=oembed\" frameborder=\"0\" allow=\"accelerometer; autoplay; clipboard-write; encrypted-media; gyroscope; picture-in-picture; web-share\" referrerpolicy=\"strict-origin-when-cross-origin\" allowfullscreen><\/iframe><\/div><\/script><div class='av-click-to-play-overlay'><div class=\"avia_playpause_icon\"><\/div><\/div><\/div><\/p><\/div>\n\n<style type=\"text\/css\" data-created_by=\"avia_inline_auto\" id=\"style-css-av-7ghcc-108c691071fdd4a0066b6404abdda38e\">\n.flex_column.av-7ghcc-108c691071fdd4a0066b6404abdda38e{\nborder-radius:0px 0px 0px 0px;\npadding:0px 0px 0px 0px;\n}\n<\/style>\n<div  class='flex_column av-7ghcc-108c691071fdd4a0066b6404abdda38e av_one_full  avia-builder-el-19  el_after_av_one_full  el_before_av_one_full  first flex_column_div av-zero-column-padding  column-top-margin'     ><p>\n<style type=\"text\/css\" data-created_by=\"avia_inline_auto\" id=\"style-css-av-av_heading-2a4c6417c65bef9d2b8c9ca1582d8aa0\">\n#top .av-special-heading.av-av_heading-2a4c6417c65bef9d2b8c9ca1582d8aa0{\npadding-bottom:25px;\n}\nbody .av-special-heading.av-av_heading-2a4c6417c65bef9d2b8c9ca1582d8aa0 .av-special-heading-tag .heading-char{\nfont-size:25px;\n}\n.av-special-heading.av-av_heading-2a4c6417c65bef9d2b8c9ca1582d8aa0 .av-subheading{\nfont-size:15px;\n}\n<\/style>\n<div  class='av-special-heading av-av_heading-2a4c6417c65bef9d2b8c9ca1582d8aa0 av-special-heading-h1 blockquote modern-quote  avia-builder-el-20  el_before_av_video  avia-builder-el-first '><h1 class='av-special-heading-tag '  itemprop=\"headline\"  >NASTAVEN\u00cd MECHANICK\u00ddCH KONCOV\u00ddCH SP\u00cdNA\u010c\u016e V SBU<\/h1><div class=\"special-heading-border\"><div class=\"special-heading-inner-border\"><\/div><\/div><\/div><br \/>\n<div class='avia-video avia-video-16-9   av-lazyload-immediate  av-lazyload-video-embed  '   itemprop=\"video\" itemtype=\"https:\/\/schema.org\/VideoObject\"  data-original_url='https:\/\/youtu.be\/py1ZJqv-uXo' ><script type='text\/html' class='av-video-tmpl'><div class='avia-iframe-wrap'><iframe loading=\"lazy\" title=\"Adjustment of the mechanical limit switches in SBU\" width=\"1500\" height=\"844\" src=\"https:\/\/www.youtube.com\/embed\/py1ZJqv-uXo?feature=oembed\" frameborder=\"0\" allow=\"accelerometer; autoplay; clipboard-write; encrypted-media; gyroscope; picture-in-picture; web-share\" referrerpolicy=\"strict-origin-when-cross-origin\" allowfullscreen><\/iframe><\/div><\/script><div class='av-click-to-play-overlay'><div class=\"avia_playpause_icon\"><\/div><\/div><\/div><\/p><\/div>\n\n<style type=\"text\/css\" data-created_by=\"avia_inline_auto\" id=\"style-css-av-7ghcc-108c691071fdd4a0066b6404abdda38e\">\n.flex_column.av-7ghcc-108c691071fdd4a0066b6404abdda38e{\nborder-radius:0px 0px 0px 0px;\npadding:0px 0px 0px 0px;\n}\n<\/style>\n<div  class='flex_column av-7ghcc-108c691071fdd4a0066b6404abdda38e av_one_full  avia-builder-el-22  el_after_av_one_full  el_before_av_one_full  first flex_column_div av-zero-column-padding  column-top-margin'     ><p>\n<style type=\"text\/css\" data-created_by=\"avia_inline_auto\" id=\"style-css-av-k5e2lhmi-9640356e8d6ea03d7d152cbab658de32\">\n#top .av-special-heading.av-k5e2lhmi-9640356e8d6ea03d7d152cbab658de32{\npadding-bottom:25px;\n}\nbody .av-special-heading.av-k5e2lhmi-9640356e8d6ea03d7d152cbab658de32 .av-special-heading-tag .heading-char{\nfont-size:25px;\n}\n.av-special-heading.av-k5e2lhmi-9640356e8d6ea03d7d152cbab658de32 .av-subheading{\nfont-size:15px;\n}\n<\/style>\n<div  class='av-special-heading av-k5e2lhmi-9640356e8d6ea03d7d152cbab658de32 av-special-heading-h1 blockquote modern-quote  avia-builder-el-23  el_before_av_video  avia-builder-el-first '><h1 class='av-special-heading-tag '  itemprop=\"headline\"  >V\u00ddM\u011aNA PRU\u017dINOV\u00ddCH SVAZK\u016e ZA \u00da\u010cELEM P\u0158IZP\u016eSOBEN\u00cd PROVOZN\u00cdMU TLAKU<\/h1><div class=\"special-heading-border\"><div class=\"special-heading-inner-border\"><\/div><\/div><\/div><br \/>\n<div class='avia-video avia-video-16-9   av-lazyload-immediate  av-lazyload-video-embed  '   itemprop=\"video\" itemtype=\"https:\/\/schema.org\/VideoObject\"  data-original_url='https:\/\/youtu.be\/ROprY0G6vvQ' ><script type='text\/html' class='av-video-tmpl'><div class='avia-iframe-wrap'><iframe loading=\"lazy\" title=\"Replacement of the spring units for lower working pressure\" width=\"1500\" height=\"844\" src=\"https:\/\/www.youtube.com\/embed\/ROprY0G6vvQ?feature=oembed\" frameborder=\"0\" allow=\"accelerometer; autoplay; clipboard-write; encrypted-media; gyroscope; picture-in-picture; web-share\" referrerpolicy=\"strict-origin-when-cross-origin\" allowfullscreen><\/iframe><\/div><\/script><div class='av-click-to-play-overlay'><div class=\"avia_playpause_icon\"><\/div><\/div><\/div><\/p><\/div>\n\n<style type=\"text\/css\" data-created_by=\"avia_inline_auto\" id=\"style-css-av-7ghcc-108c691071fdd4a0066b6404abdda38e\">\n.flex_column.av-7ghcc-108c691071fdd4a0066b6404abdda38e{\nborder-radius:0px 0px 0px 0px;\npadding:0px 0px 0px 0px;\n}\n<\/style>\n<div  class='flex_column av-7ghcc-108c691071fdd4a0066b6404abdda38e av_one_full  avia-builder-el-25  el_after_av_one_full  avia-builder-el-last  first flex_column_div av-zero-column-padding  column-top-margin'     ><p>\n<style type=\"text\/css\" data-created_by=\"avia_inline_auto\" id=\"style-css-av-av_heading-01b95f29da56f65f70e62a02d01b6ce0\">\n#top .av-special-heading.av-av_heading-01b95f29da56f65f70e62a02d01b6ce0{\npadding-bottom:25px;\n}\nbody .av-special-heading.av-av_heading-01b95f29da56f65f70e62a02d01b6ce0 .av-special-heading-tag .heading-char{\nfont-size:25px;\n}\n.av-special-heading.av-av_heading-01b95f29da56f65f70e62a02d01b6ce0 .av-subheading{\nfont-size:15px;\n}\n<\/style>\n<div  class='av-special-heading av-av_heading-01b95f29da56f65f70e62a02d01b6ce0 av-special-heading-h1 blockquote modern-quote  avia-builder-el-26  el_before_av_video  avia-builder-el-first '><h1 class='av-special-heading-tag '  itemprop=\"headline\"  >INFLAS N\u00cdZK\u00c9 OPOT\u0158EBEN\u00cd NAFUKOVAC\u00cd VLO\u017dKOU<\/h1><div class=\"special-heading-border\"><div class=\"special-heading-inner-border\"><\/div><\/div><\/div><br \/>\n<div class='avia-video avia-video-16-9   av-lazyload-immediate  av-lazyload-video-embed  '   itemprop=\"video\" itemtype=\"https:\/\/schema.org\/VideoObject\"  data-original_url='https:\/\/youtu.be\/1UhJOMnkPqo' ><script type='text\/html' class='av-video-tmpl'><div class='avia-iframe-wrap'><iframe loading=\"lazy\" title=\"EBRO INFLAS\u00ae: Low wear by inflatable liner [EN]\" width=\"1500\" height=\"844\" src=\"https:\/\/www.youtube.com\/embed\/1UhJOMnkPqo?feature=oembed\" frameborder=\"0\" allow=\"accelerometer; autoplay; clipboard-write; encrypted-media; gyroscope; picture-in-picture; web-share\" referrerpolicy=\"strict-origin-when-cross-origin\" allowfullscreen><\/iframe><\/div><\/script><div class='av-click-to-play-overlay'><div class=\"avia_playpause_icon\"><\/div><\/div><\/div><\/p><\/div>\n","protected":false},"excerpt":{"rendered":"","protected":false},"author":2,"featured_media":0,"parent":93,"menu_order":3,"comment_status":"closed","ping_status":"closed","template":"","meta":{"_acf_changed":false,"footnotes":""},"class_list":["post-334","page","type-page","status-publish","hentry"],"acf":[],"_links":{"self":[{"href":"https:\/\/www.ebro-armaturen.com\/cs\/wp-json\/wp\/v2\/pages\/334"}],"collection":[{"href":"https:\/\/www.ebro-armaturen.com\/cs\/wp-json\/wp\/v2\/pages"}],"about":[{"href":"https:\/\/www.ebro-armaturen.com\/cs\/wp-json\/wp\/v2\/types\/page"}],"author":[{"embeddable":true,"href":"https:\/\/www.ebro-armaturen.com\/cs\/wp-json\/wp\/v2\/users\/2"}],"replies":[{"embeddable":true,"href":"https:\/\/www.ebro-armaturen.com\/cs\/wp-json\/wp\/v2\/comments?post=334"}],"version-history":[{"count":14,"href":"https:\/\/www.ebro-armaturen.com\/cs\/wp-json\/wp\/v2\/pages\/334\/revisions"}],"predecessor-version":[{"id":23571,"href":"https:\/\/www.ebro-armaturen.com\/cs\/wp-json\/wp\/v2\/pages\/334\/revisions\/23571"}],"up":[{"embeddable":true,"href":"https:\/\/www.ebro-armaturen.com\/cs\/wp-json\/wp\/v2\/pages\/93"}],"wp:attachment":[{"href":"https:\/\/www.ebro-armaturen.com\/cs\/wp-json\/wp\/v2\/media?parent=334"}],"curies":[{"name":"wp","href":"https:\/\/api.w.org\/{rel}","templated":true}]}}